{"id":30790,"date":"2026-02-06T12:03:56","date_gmt":"2026-02-06T09:03:56","guid":{"rendered":"https:\/\/denizmtl.com\/mobilapp\/urunler\/insize-asb-ts510-ts515-yuzey-kaynagi-kara-cisim-radyasyon-kaynaklari-yuksek-sicaklik\/"},"modified":"2026-02-06T12:03:56","modified_gmt":"2026-02-06T09:03:56","slug":"insize-asb-ts510-ts515-yuzey-kaynagi-kara-cisim-radyasyon-kaynaklari-yuksek-sicaklik","status":"publish","type":"product","link":"https:\/\/denizmtl.com\/mobilapp\/urunler\/insize-asb-ts510-ts515-yuzey-kaynagi-kara-cisim-radyasyon-kaynaklari-yuksek-sicaklik\/","title":{"rendered":"INSIZE ASB-TS510\/TS515 Y\u00fczey Kayna\u011f\u0131 Kara Cisim Radyasyon Kaynaklar\u0131 (Y\u00fcksek S\u0131cakl\u0131k.."},"content":{"rendered":"","protected":false},"excerpt":{"rendered":"<p><a title=\"ASB-TS51\" href=\"https:\/\/denizmtl.com\/wp-content\/uploads\/2026\/02\/ASB-TS51.pdf\">Pdf i\u00e7in t\u0131klay\u0131n\u0131z.<\/a><\/p>\n","protected":false},"author":0,"featured_media":30791,"comment_status":"open","ping_status":"closed","template":"","meta":[],"product_brand":[],"product_cat":[63],"product_tag":[],"class_list":{"0":"post-30790","1":"product","2":"type-product","3":"status-publish","4":"has-post-thumbnail","6":"product_cat-yeni-urunler","8":"first","9":"instock","10":"shipping-taxable","11":"product-type-simple"},"_links":{"self":[{"href":"https:\/\/denizmtl.com\/mobilapp\/wp-json\/wp\/v2\/product\/30790","targetHints":{"allow":["GET"]}}],"collection":[{"href":"https:\/\/denizmtl.com\/mobilapp\/wp-json\/wp\/v2\/product"}],"about":[{"href":"https:\/\/denizmtl.com\/mobilapp\/wp-json\/wp\/v2\/types\/product"}],"replies":[{"embeddable":true,"href":"https:\/\/denizmtl.com\/mobilapp\/wp-json\/wp\/v2\/comments?post=30790"}],"wp:featuredmedia":[{"embeddable":true,"href":"https:\/\/denizmtl.com\/mobilapp\/wp-json\/wp\/v2\/media\/30791"}],"wp:attachment":[{"href":"https:\/\/denizmtl.com\/mobilapp\/wp-json\/wp\/v2\/media?parent=30790"}],"wp:term":[{"taxonomy":"product_brand","embeddable":true,"href":"https:\/\/denizmtl.com\/mobilapp\/wp-json\/wp\/v2\/product_brand?post=30790"},{"taxonomy":"product_cat","embeddable":true,"href":"https:\/\/denizmtl.com\/mobilapp\/wp-json\/wp\/v2\/product_cat?post=30790"},{"taxonomy":"product_tag","embeddable":true,"href":"https:\/\/denizmtl.com\/mobilapp\/wp-json\/wp\/v2\/product_tag?post=30790"}],"curies":[{"name":"wp","href":"https:\/\/api.w.org\/{rel}","templated":true}]}}