{"id":30788,"date":"2026-02-06T12:03:56","date_gmt":"2026-02-06T09:03:56","guid":{"rendered":"https:\/\/denizmtl.com\/mobilapp\/urunler\/insize-asb-ts210-ts215-yuzey-kaynagi-kara-cisim-radyasyon-kaynaklari-dusuk-sicaklik\/"},"modified":"2026-02-06T12:03:56","modified_gmt":"2026-02-06T09:03:56","slug":"insize-asb-ts210-ts215-yuzey-kaynagi-kara-cisim-radyasyon-kaynaklari-dusuk-sicaklik","status":"publish","type":"product","link":"https:\/\/denizmtl.com\/mobilapp\/urunler\/insize-asb-ts210-ts215-yuzey-kaynagi-kara-cisim-radyasyon-kaynaklari-dusuk-sicaklik\/","title":{"rendered":"INSIZE ASB-TS210\/TS215 Y\u00fczey Kayna\u011f\u0131 Kara Cisim Radyasyon Kaynaklar\u0131 (D\u00fc\u015f\u00fck S\u0131cakl\u0131k.."},"content":{"rendered":"","protected":false},"excerpt":{"rendered":"<p><a title=\"ASB-TS21\" href=\"https:\/\/denizmtl.com\/wp-content\/uploads\/2026\/02\/ASB-TS21.pdf\">Pdf i\u00e7in t\u0131klay\u0131n\u0131z.<\/a><\/p>\n","protected":false},"author":0,"featured_media":30789,"comment_status":"open","ping_status":"closed","template":"","meta":[],"product_brand":[],"product_cat":[63],"product_tag":[],"class_list":{"0":"post-30788","1":"product","2":"type-product","3":"status-publish","4":"has-post-thumbnail","6":"product_cat-yeni-urunler","8":"first","9":"instock","10":"shipping-taxable","11":"product-type-simple"},"_links":{"self":[{"href":"https:\/\/denizmtl.com\/mobilapp\/wp-json\/wp\/v2\/product\/30788","targetHints":{"allow":["GET"]}}],"collection":[{"href":"https:\/\/denizmtl.com\/mobilapp\/wp-json\/wp\/v2\/product"}],"about":[{"href":"https:\/\/denizmtl.com\/mobilapp\/wp-json\/wp\/v2\/types\/product"}],"replies":[{"embeddable":true,"href":"https:\/\/denizmtl.com\/mobilapp\/wp-json\/wp\/v2\/comments?post=30788"}],"wp:featuredmedia":[{"embeddable":true,"href":"https:\/\/denizmtl.com\/mobilapp\/wp-json\/wp\/v2\/media\/30789"}],"wp:attachment":[{"href":"https:\/\/denizmtl.com\/mobilapp\/wp-json\/wp\/v2\/media?parent=30788"}],"wp:term":[{"taxonomy":"product_brand","embeddable":true,"href":"https:\/\/denizmtl.com\/mobilapp\/wp-json\/wp\/v2\/product_brand?post=30788"},{"taxonomy":"product_cat","embeddable":true,"href":"https:\/\/denizmtl.com\/mobilapp\/wp-json\/wp\/v2\/product_cat?post=30788"},{"taxonomy":"product_tag","embeddable":true,"href":"https:\/\/denizmtl.com\/mobilapp\/wp-json\/wp\/v2\/product_tag?post=30788"}],"curies":[{"name":"wp","href":"https:\/\/api.w.org\/{rel}","templated":true}]}}