{"id":30549,"date":"2025-12-23T11:57:35","date_gmt":"2025-12-23T08:57:35","guid":{"rendered":"https:\/\/denizmtl.com\/mobilapp\/urunler\/insize-icp-s760-induktuf-eslesmis-plazma-optik-emisyon-spektroskopisi\/"},"modified":"2025-12-23T11:57:35","modified_gmt":"2025-12-23T08:57:35","slug":"insize-icp-s760-induktuf-eslesmis-plazma-optik-emisyon-spektroskopisi","status":"publish","type":"product","link":"https:\/\/denizmtl.com\/mobilapp\/urunler\/insize-icp-s760-induktuf-eslesmis-plazma-optik-emisyon-spektroskopisi\/","title":{"rendered":"INSIZE ICP-S760 \u0130nd\u00fckt\u00fcf E\u015fle\u015fmi\u015f Plazma Optik Emisyon Spektroskopisi"},"content":{"rendered":"","protected":false},"excerpt":{"rendered":"<p><a title=\"ICP-S760\" href=\"https:\/\/denizmtl.com\/wp-content\/uploads\/2025\/11\/ICP-S760.pdf\">Pdf i\u00e7in t\u0131klay\u0131n\u0131z.<\/a><\/p>\n","protected":false},"author":0,"featured_media":30550,"comment_status":"open","ping_status":"closed","template":"","meta":[],"product_brand":[],"product_cat":[28,18,713,100,63],"product_tag":[],"class_list":{"0":"post-30549","1":"product","2":"type-product","3":"status-publish","4":"has-post-thumbnail","6":"product_cat-diger-olcu-aletleri","7":"product_cat-insize","8":"product_cat-malzeme-analiz-cihazlari","9":"product_cat-test-cihazlari","10":"product_cat-yeni-urunler","12":"first","13":"instock","14":"shipping-taxable","15":"product-type-simple"},"_links":{"self":[{"href":"https:\/\/denizmtl.com\/mobilapp\/wp-json\/wp\/v2\/product\/30549","targetHints":{"allow":["GET"]}}],"collection":[{"href":"https:\/\/denizmtl.com\/mobilapp\/wp-json\/wp\/v2\/product"}],"about":[{"href":"https:\/\/denizmtl.com\/mobilapp\/wp-json\/wp\/v2\/types\/product"}],"replies":[{"embeddable":true,"href":"https:\/\/denizmtl.com\/mobilapp\/wp-json\/wp\/v2\/comments?post=30549"}],"wp:featuredmedia":[{"embeddable":true,"href":"https:\/\/denizmtl.com\/mobilapp\/wp-json\/wp\/v2\/media\/30550"}],"wp:attachment":[{"href":"https:\/\/denizmtl.com\/mobilapp\/wp-json\/wp\/v2\/media?parent=30549"}],"wp:term":[{"taxonomy":"product_brand","embeddable":true,"href":"https:\/\/denizmtl.com\/mobilapp\/wp-json\/wp\/v2\/product_brand?post=30549"},{"taxonomy":"product_cat","embeddable":true,"href":"https:\/\/denizmtl.com\/mobilapp\/wp-json\/wp\/v2\/product_cat?post=30549"},{"taxonomy":"product_tag","embeddable":true,"href":"https:\/\/denizmtl.com\/mobilapp\/wp-json\/wp\/v2\/product_tag?post=30549"}],"curies":[{"name":"wp","href":"https:\/\/api.w.org\/{rel}","templated":true}]}}