{"id":30547,"date":"2025-12-23T11:57:35","date_gmt":"2025-12-23T08:57:35","guid":{"rendered":"https:\/\/denizmtl.com\/mobilapp\/urunler\/insize-mot-200-mot-400-hat-ici-su-kalitesi-analiz-cihazlari\/"},"modified":"2025-12-23T11:57:35","modified_gmt":"2025-12-23T08:57:35","slug":"insize-mot-200-mot-400-hat-ici-su-kalitesi-analiz-cihazlari","status":"publish","type":"product","link":"https:\/\/denizmtl.com\/mobilapp\/urunler\/insize-mot-200-mot-400-hat-ici-su-kalitesi-analiz-cihazlari\/","title":{"rendered":"INSIZE MOT-200\/MOT-400 Hat \u0130\u00e7i Su Kalitesi Analiz Cihazlar\u0131"},"content":{"rendered":"","protected":false},"excerpt":{"rendered":"<p><a title=\"MOT-200\/MOT-400\" href=\"https:\/\/denizmtl.com\/wp-content\/uploads\/2025\/11\/MOT-200\/MOT-400.pdf\">Pdf i\u00e7in t\u0131klay\u0131n\u0131z.<\/a><\/p>\n","protected":false},"author":0,"featured_media":30548,"comment_status":"open","ping_status":"closed","template":"","meta":[],"product_brand":[],"product_cat":[716,18,100,63],"product_tag":[],"class_list":{"0":"post-30547","1":"product","2":"type-product","3":"status-publish","4":"has-post-thumbnail","6":"product_cat-diger-olcum-ve-test-cihazlari","7":"product_cat-insize","8":"product_cat-test-cihazlari","9":"product_cat-yeni-urunler","11":"first","12":"instock","13":"shipping-taxable","14":"product-type-simple"},"_links":{"self":[{"href":"https:\/\/denizmtl.com\/mobilapp\/wp-json\/wp\/v2\/product\/30547","targetHints":{"allow":["GET"]}}],"collection":[{"href":"https:\/\/denizmtl.com\/mobilapp\/wp-json\/wp\/v2\/product"}],"about":[{"href":"https:\/\/denizmtl.com\/mobilapp\/wp-json\/wp\/v2\/types\/product"}],"replies":[{"embeddable":true,"href":"https:\/\/denizmtl.com\/mobilapp\/wp-json\/wp\/v2\/comments?post=30547"}],"wp:featuredmedia":[{"embeddable":true,"href":"https:\/\/denizmtl.com\/mobilapp\/wp-json\/wp\/v2\/media\/30548"}],"wp:attachment":[{"href":"https:\/\/denizmtl.com\/mobilapp\/wp-json\/wp\/v2\/media?parent=30547"}],"wp:term":[{"taxonomy":"product_brand","embeddable":true,"href":"https:\/\/denizmtl.com\/mobilapp\/wp-json\/wp\/v2\/product_brand?post=30547"},{"taxonomy":"product_cat","embeddable":true,"href":"https:\/\/denizmtl.com\/mobilapp\/wp-json\/wp\/v2\/product_cat?post=30547"},{"taxonomy":"product_tag","embeddable":true,"href":"https:\/\/denizmtl.com\/mobilapp\/wp-json\/wp\/v2\/product_tag?post=30547"}],"curies":[{"name":"wp","href":"https:\/\/api.w.org\/{rel}","templated":true}]}}