{"id":30525,"date":"2025-12-09T12:44:39","date_gmt":"2025-12-09T09:44:39","guid":{"rendered":"https:\/\/denizmtl.com\/mobilapp\/urunler\/xrd-analiz-cihazi\/"},"modified":"2025-12-09T12:44:39","modified_gmt":"2025-12-09T09:44:39","slug":"xrd-analiz-cihazi","status":"publish","type":"product","link":"https:\/\/denizmtl.com\/mobilapp\/urunler\/xrd-analiz-cihazi\/","title":{"rendered":"INSIZE  XRD-DP220  X I\u015f\u0131n\u0131 K\u0131r\u0131n\u0131m Cihaz\u0131"},"content":{"rendered":"<h2>INSIZE XRD-DP220 X I\u015f\u0131n\u0131 K\u0131r\u0131n\u0131m Cihaz\u0131 Nedir?<\/h2>\n<p>INSIZE XRD-DP220 X I\u015f\u0131n\u0131 K\u0131r\u0131n\u0131m Cihaz\u0131, end\u00fcstriyel sekt\u00f6rlerde kullan\u0131lan son derece \u00f6nemli bir cihazd\u0131r. Bu cihaz, malzemelerin i\u00e7 yap\u0131s\u0131n\u0131 incelemek ve analiz etmek i\u00e7in X \u0131\u015f\u0131n\u0131 k\u0131r\u0131n\u0131m teknolojisini kullan\u0131r. Bu sayede, malzemelerin kristal yap\u0131s\u0131, faz ge\u00e7i\u015fleri, deformasyonlar ve di\u011fer \u00f6nemli \u00f6zellikleri hakk\u0131nda detayl\u0131 bilgi edinilmesini sa\u011flar.<\/p>\n<p>INSIZE XRD-DP220 X I\u015f\u0131n\u0131 K\u0131r\u0131n\u0131m Cihaz\u0131, y\u00fcksek hassasiyeti ve g\u00fcvenilir sonu\u00e7lar\u0131yla end\u00fcstrideki bir\u00e7ok uygulama alan\u0131nda kullan\u0131lmaktad\u0131r. Malzeme m\u00fchendisli\u011fi, metalurji, kimya end\u00fcstrisi, ila\u00e7 end\u00fcstrisi ve daha bir\u00e7ok alanda bu cihaz\u0131n kullan\u0131m\u0131 yayg\u0131nd\u0131r. Malzemelerin yap\u0131sal \u00f6zelliklerini belirlemek, kalite kontrol\u00fc yapmak, ara\u015ft\u0131rma ve geli\u015ftirme \u00e7al\u0131\u015fmalar\u0131nda bulunmak gibi bir\u00e7ok ama\u00e7la bu cihaz tercih edilmektedir.<\/p>\n<p>INSIZE XRD-DP220 X I\u015f\u0131n\u0131 K\u0131r\u0131n\u0131m Cihaz\u0131, geli\u015fmi\u015f teknolojisi ve kullan\u0131c\u0131 dostu aray\u00fcz\u00fc ile \u00f6n plana \u00e7\u0131kar. Kullan\u0131c\u0131lar\u0131n kolayl\u0131kla cihaz\u0131 kullanabilmesi ve sonu\u00e7lar\u0131 h\u0131zl\u0131 bir \u015fekilde elde edebilmesi i\u00e7in tasarlanm\u0131\u015ft\u0131r. Ayr\u0131ca, sa\u011flam ve dayan\u0131kl\u0131 yap\u0131s\u0131 sayesinde uzun \u00f6m\u00fcrl\u00fc bir kullan\u0131m imkan\u0131 sunar.<\/p>\n<h2>Temel \u00d6zellikler<\/h2>\n<p>INSIZE XRD-DP220 X I\u015f\u0131n\u0131 K\u0131r\u0131n\u0131m Cihaz\u0131, bir\u00e7ok \u00f6nemli \u00f6zelli\u011fi b\u00fcnyesinde bar\u0131nd\u0131ran bir cihazd\u0131r. \u0130\u015fte bu cihaz\u0131n temel \u00f6zellikleri:<\/p>\n<p>&#8211; Y\u00fcksek \u00e7\u00f6z\u00fcn\u00fcrl\u00fckl\u00fc X \u0131\u015f\u0131n\u0131 dedekt\u00f6r\u00fc sayesinde hassas analizler yapabilme imkan\u0131 sa\u011flar.<\/p>\n<p>&#8211; Geni\u015f \u00f6l\u00e7\u00fcm aral\u0131\u011f\u0131 ve h\u0131zl\u0131 tarama \u00f6zelli\u011fi sayesinde verimli bir \u00e7al\u0131\u015fma deneyimi sunar.<\/p>\n<p>&#8211; Otomatik veri analizi ve raporlama \u00f6zelli\u011fi ile sonu\u00e7lar\u0131 h\u0131zl\u0131 bir \u015fekilde elde etme imkan\u0131 sa\u011flar.<\/p>\n<p>&#8211; Kullan\u0131c\u0131 dostu aray\u00fcz\u00fc ve kolay kullan\u0131m\u0131 sayesinde operat\u00f6rlerin e\u011fitim s\u00fcrecini minimuma indirir.<\/p>\n<p>&#8211; End\u00fcstriyel ortamlara uygun dayan\u0131kl\u0131 tasar\u0131m\u0131 ile uzun \u00f6m\u00fcrl\u00fc bir kullan\u0131m sa\u011flar.<\/p>\n<p>&#8211; G\u00fcvenilir sonu\u00e7lar ve tekrarlanabilir \u00f6l\u00e7\u00fcmler i\u00e7in kalibrasyon \u00f6zellikleri bulunur.<\/p>\n<h2>Teknik \u00d6zellikler ve Detaylar<\/h2>\n<table>\n<tr>\n<th>\u00d6zellik<\/th>\n<th>De\u011fer<\/th>\n<\/tr>\n<tr>\n<td>\u00c7al\u0131\u015fma Prensibi<\/td>\n<td>X-\u0131\u015f\u0131n\u0131 K\u0131r\u0131n\u0131m\u0131<\/td>\n<\/tr>\n<tr>\n<td>\u00d6l\u00e7\u00fcm Aral\u0131\u011f\u0131<\/td>\n<td>10\u00b0 &#8211; 80\u00b0<\/td>\n<\/tr>\n<tr>\n<td>\u00c7\u00f6z\u00fcn\u00fcrl\u00fck<\/td>\n<td>0.01\u00b0<\/td>\n<\/tr>\n<tr>\n<td>\u00d6rnek Yerle\u015ftirme Kapasitesi<\/td>\n<td>1 numune<\/td>\n<\/tr>\n<tr>\n<td>Analiz H\u0131z\u0131<\/td>\n<td>10 dakika<\/td>\n<\/tr>\n<tr>\n<td>Boyutlar<\/td>\n<td>50 x 40 x 30 cm<\/td>\n<\/tr>\n<tr>\n<td>A\u011f\u0131rl\u0131k<\/td>\n<td>15 kg<\/td>\n<\/tr>\n<tr>\n<td>G\u00fc\u00e7 Gereksinimi<\/td>\n<td>220V AC, 50-60 Hz<\/td>\n<\/tr>\n<tr>\n<td>Programlama<\/td>\n<td>Entegre yaz\u0131l\u0131m ile<\/td>\n<\/tr>\n<tr>\n<td>Veri \u0130\u015fleme<\/td>\n<td>Bilgisayar arac\u0131l\u0131\u011f\u0131yla<\/td>\n<\/tr>\n<\/table>\n<h3>\u00c7al\u0131\u015fma Prensibi<\/h3>\n<p>XRD-DP220 X \u0131\u015f\u0131n\u0131 k\u0131r\u0131n\u0131m cihaz\u0131, \u00f6rnek \u00fczerine incelenen X-\u0131\u015f\u0131nlar\u0131n\u0131 g\u00f6nderir ve bu \u0131\u015f\u0131nlar\u0131n \u00f6rnek i\u00e7indeki atomik yap\u0131larla etkile\u015fimini \u00f6l\u00e7erek malzemenin kristalografik yap\u0131lar\u0131n\u0131 belirler.<\/p>\n<h3>\u00d6l\u00e7\u00fcm Aral\u0131\u011f\u0131<\/h3>\n<p>10\u00b0 &#8211; 80\u00b0 aras\u0131ndaki \u00f6l\u00e7\u00fcm aral\u0131\u011f\u0131, geni\u015f bir kristalografi analizi yapma imkan\u0131 sunar.<\/p>\n<h3>\u00c7\u00f6z\u00fcn\u00fcrl\u00fck<\/h3>\n<p>0.01\u00b0 \u00e7\u00f6z\u00fcn\u00fcrl\u00fck, \u00e7ok hassas \u00f6l\u00e7\u00fcmler yapabilme yetene\u011fi sa\u011flar.<\/p>\n<h3>\u00d6rnek Yerle\u015ftirme Kapasitesi<\/h3>\n<p>Cihaz, ayn\u0131 anda bir numuneyi analiz etme kapasitesine sahiptir.<\/p>\n<h3>Analiz H\u0131z\u0131<\/h3>\n<p>10 dakika gibi k\u0131sa bir s\u00fcrede analiz yapabilme \u00f6zelli\u011fi, verimlili\u011fi artt\u0131r\u0131r.<\/p>\n<h3>Boyutlar<\/h3>\n<p>Kompakt boyutlar\u0131 sayesinde laboratuvar ortamlar\u0131nda kolayca kullan\u0131labilir.<\/p>\n<h3>A\u011f\u0131rl\u0131k<\/h3>\n<p>15 kg olan a\u011f\u0131rl\u0131\u011f\u0131yla ta\u015f\u0131nabilirlik ve yer de\u011fi\u015ftirme kolayl\u0131\u011f\u0131 sa\u011flar.<\/p>\n<h3>G\u00fc\u00e7 Gereksinimi<\/h3>\n<p>220V AC, 50-60 Hz g\u00fc\u00e7 gereksinimi ile standart elektrik kaynaklar\u0131yla uyumludur.<\/p>\n<h3>Programlama<\/h3>\n<p>Entegre yaz\u0131l\u0131m\u0131 sayesinde analiz programlamas\u0131 kolayl\u0131kla yap\u0131labilir.<\/p>\n<h3>Veri \u0130\u015fleme<\/h3>\n<p>Elde edilen veriler bilgisayar arac\u0131l\u0131\u011f\u0131yla i\u015flenerek detayl\u0131 analizler yap\u0131labilir.<\/p>\n<h2>INSIZE XRD-DP220 X I\u015f\u0131n\u0131 K\u0131r\u0131n\u0131m Cihaz\u0131 Kullanman\u0131n Avantajlar\u0131<\/h2>\n<p>INSIZE XRD-DP220 X \u0131\u015f\u0131n\u0131 k\u0131r\u0131n\u0131m cihaz\u0131 kullanman\u0131n bir\u00e7ok avantaj\u0131 bulunmaktad\u0131r. Bu cihaz, y\u00fcksek \u00e7\u00f6z\u00fcn\u00fcrl\u00fckl\u00fc ve h\u0131zl\u0131 analiz imkan\u0131 sunarak ara\u015ft\u0131rmac\u0131lara ve end\u00fcstriyel kullan\u0131c\u0131lara b\u00fcy\u00fck kolayl\u0131k sa\u011flar. Ayr\u0131ca kompakt boyutlar\u0131 ve ta\u015f\u0131nabilirli\u011fi sayesinde laboratuvar ortamlar\u0131nda ve saha \u00e7al\u0131\u015fmalar\u0131nda rahatl\u0131kla kullan\u0131labilir. G\u00fc\u00e7l\u00fc yaz\u0131l\u0131m\u0131 ve veri i\u015fleme yetenekleriyle de kullan\u0131c\u0131lar\u0131na detayl\u0131 analizler yapma imkan\u0131 sunar. T\u00fcm bu avantajlar, X-\u0131\u015f\u0131n\u0131 k\u0131r\u0131n\u0131m analizlerinde kullan\u0131c\u0131 deneyimini en \u00fcst seviyeye \u00e7\u0131karmaktad\u0131r.<\/p>\n<h2>Kullan\u0131m Alanlar\u0131<\/h2>\n<p>INSIZE XRD-DP220 X I\u015f\u0131n\u0131 K\u0131r\u0131n\u0131m Cihaz\u0131, \u00e7e\u015fitli end\u00fcstriyel sekt\u00f6rlerde geni\u015f kullan\u0131m alanlar\u0131na sahiptir. Metalurji, malzeme bilimi, jeoloji, kimya, biyoloji ve daha bir\u00e7ok alanda y\u00fcksek \u00e7\u00f6z\u00fcn\u00fcrl\u00fckl\u00fc ve hassas analizler yapmak i\u00e7in ideal bir cihazd\u0131r. Bu cihaz, kristal yap\u0131lar\u0131, faz analizlerini, tane boyutu \u00f6l\u00e7\u00fcmlerini ve stres analizlerini h\u0131zl\u0131 ve do\u011fru bir \u015fekilde ger\u00e7ekle\u015ftirebilir. Ayr\u0131ca, ara\u015ft\u0131rma laboratuvarlar\u0131, \u00fcniversiteler ve end\u00fcstriyel tesislerde yayg\u0131n olarak kullan\u0131lmaktad\u0131r.<\/p>\n<h2>S\u0131k\u00e7a Sorulan Sorular<\/h2>\n<ol>\n<li><strong>Soru:<\/strong> Bu cihaz\u0131n \u00e7\u00f6z\u00fcn\u00fcrl\u00fc\u011f\u00fc ne kadard\u0131r?<\/li>\n<p><strong>Cevap:<\/strong> INSIZE XRD-DP220 X I\u015f\u0131n\u0131 K\u0131r\u0131n\u0131m Cihaz\u0131&#8217;n\u0131n \u00e7\u00f6z\u00fcn\u00fcrl\u00fc\u011f\u00fc 0.02 derecedir.<\/p>\n<li><strong>Soru:<\/strong> Hangi t\u00fcr numuneleri analiz edebilir?<\/li>\n<p><strong>Cevap:<\/strong> Bu cihaz geni\u015f bir numune yelpazesini analiz edebilir, metal, seramik, polimer, biyo-malzeme ve daha bir\u00e7ok farkl\u0131 malzemeyi inceleyebilir.<\/p>\n<li><strong>Soru:<\/strong> Veri analizi i\u00e7in hangi yaz\u0131l\u0131m kullan\u0131lmal\u0131d\u0131r?<\/li>\n<p><strong>Cevap:<\/strong> INSIZE XRD-DP220, \u00f6zel olarak tasarlanm\u0131\u015f analiz yaz\u0131l\u0131m\u0131 ile birlikte gelir. Bu yaz\u0131l\u0131m, verileri h\u0131zl\u0131 ve do\u011fru bir \u015fekilde i\u015flemenizi sa\u011flar.<\/p>\n<\/ol>\n<h2>Sonu\u00e7<\/h2>\n<p>INSIZE XRD-DP220 X I\u015f\u0131n\u0131 K\u0131r\u0131n\u0131m Cihaz\u0131, y\u00fcksek performans\u0131 ve geni\u015f kullan\u0131m alanlar\u0131yla ara\u015ft\u0131rma ve end\u00fcstriyel uygulamalarda \u00f6nemli bir ara\u00e7t\u0131r. Hassas analizler yapmak isteyen kullan\u0131c\u0131lar i\u00e7in ideal bir se\u00e7imdir. Detayl\u0131 inceleme i\u00e7in <a href='https:\/\/denizmtl.com\/?post_type=product&amp;p=23507'>buraya t\u0131klayabilirsiniz<\/a>.<\/p>\n<p>Daha fazla bilgi i\u00e7in resmi <a href='https:\/\/insize.com.tr\/' target='_blank' rel='nofollow'>INSIZE<\/a> websitesini ziyaret edebilirsiniz.<\/p>\n","protected":false},"excerpt":{"rendered":"<p>Y\u00fcksek performansl\u0131 XRD analiz cihaz\u0131, geni\u015f kullan\u0131m alanlar\u0131 ve hassas sonu\u00e7lar i\u00e7in ideal bir se\u00e7enektir.<\/p>\n","protected":false},"author":0,"featured_media":30526,"comment_status":"open","ping_status":"closed","template":"","meta":[],"product_brand":[],"product_cat":[716,18,100,63],"product_tag":[],"class_list":{"0":"post-30525","1":"product","2":"type-product","3":"status-publish","4":"has-post-thumbnail","6":"product_cat-diger-olcum-ve-test-cihazlari","7":"product_cat-insize","8":"product_cat-test-cihazlari","9":"product_cat-yeni-urunler","11":"first","12":"instock","13":"shipping-taxable","14":"product-type-simple"},"_links":{"self":[{"href":"https:\/\/denizmtl.com\/mobilapp\/wp-json\/wp\/v2\/product\/30525","targetHints":{"allow":["GET"]}}],"collection":[{"href":"https:\/\/denizmtl.com\/mobilapp\/wp-json\/wp\/v2\/product"}],"about":[{"href":"https:\/\/denizmtl.com\/mobilapp\/wp-json\/wp\/v2\/types\/product"}],"replies":[{"embeddable":true,"href":"https:\/\/denizmtl.com\/mobilapp\/wp-json\/wp\/v2\/comments?post=30525"}],"wp:featuredmedia":[{"embeddable":true,"href":"https:\/\/denizmtl.com\/mobilapp\/wp-json\/wp\/v2\/media\/30526"}],"wp:attachment":[{"href":"https:\/\/denizmtl.com\/mobilapp\/wp-json\/wp\/v2\/media?parent=30525"}],"wp:term":[{"taxonomy":"product_brand","embeddable":true,"href":"https:\/\/denizmtl.com\/mobilapp\/wp-json\/wp\/v2\/product_brand?post=30525"},{"taxonomy":"product_cat","embeddable":true,"href":"https:\/\/denizmtl.com\/mobilapp\/wp-json\/wp\/v2\/product_cat?post=30525"},{"taxonomy":"product_tag","embeddable":true,"href":"https:\/\/denizmtl.com\/mobilapp\/wp-json\/wp\/v2\/product_tag?post=30525"}],"curies":[{"name":"wp","href":"https:\/\/api.w.org\/{rel}","templated":true}]}}