{"id":30361,"date":"2025-11-04T12:00:59","date_gmt":"2025-11-04T09:00:59","guid":{"rendered":"https:\/\/denizmtl.com\/mobilapp\/urunler\/insize-utm-gb-seriselektronik-evrensel-test-cihazi-gelismis-tip\/"},"modified":"2025-11-12T12:05:21","modified_gmt":"2025-11-12T09:05:21","slug":"insize-utm-gb-seriselektronik-evrensel-test-cihazi-gelismis-tip","status":"publish","type":"product","link":"https:\/\/denizmtl.com\/mobilapp\/urunler\/insize-utm-gb-seriselektronik-evrensel-test-cihazi-gelismis-tip\/","title":{"rendered":"INSIZE UTM-GB Serisi Elektronik Evrensel Test Cihaz\u0131 (Geli\u015fmi\u015f Tip)"},"content":{"rendered":"<h1 data-start=\"288\" data-end=\"357\"><a href=\"https:\/\/denizmtl.com\/urunler\/insize-utm-gb-seriselektronik-evrensel-test-cihazi-gelismis-tip\/\">INSIZE UTM-GB Serisi | Y\u00fcksek Hassasiyetli \u00dcniversal Test Cihaz\u0131<\/a><\/h1>\n<p data-start=\"368\" data-end=\"666\"><a href=\"https:\/\/www.google.com\/search?q=site%3A%2F%2Fdenizmtl.com\"><strong data-start=\"368\" data-end=\"392\">INSIZE UTM-GB Serisi<\/strong><\/a>, metal, plastik, kau\u00e7uk ve kompozit malzemelerin mekanik dayan\u0131m\u0131n\u0131 test etmek i\u00e7in geli\u015ftirilen <strong data-start=\"490\" data-end=\"518\">\u00fcniversal test cihazlar\u0131<\/strong> serisidir. Geli\u015fmi\u015f dijital kontrol sistemi, y\u00fcksek do\u011fruluk oran\u0131 ve kullan\u0131c\u0131 dostu yaz\u0131l\u0131m\u0131 ile laboratuvar testlerinde \u00fcst\u00fcn performans sa\u011flar.<\/p>\n<hr data-start=\"668\" data-end=\"671\" \/>\n<h2 data-start=\"673\" data-end=\"718\">INSIZE UTM-GB Serisi Teknik \u00d6zellikleri<\/h2>\n<p data-start=\"720\" data-end=\"795\">A\u015fa\u011f\u0131da INSIZE UTM-GB serisine ait temel teknik \u00f6zellikleri bulabilirsiniz:<\/p>\n<div class=\"_tableContainer_1rjym_1\">\n<div class=\"group _tableWrapper_1rjym_13 flex w-fit flex-col-reverse\">\n<table class=\"w-fit min-w-(--thread-content-width)\" data-start=\"797\" data-end=\"2296\">\n<thead data-start=\"797\" data-end=\"904\">\n<tr data-start=\"797\" data-end=\"904\">\n<th data-start=\"797\" data-end=\"831\" data-col-size=\"sm\"><strong data-start=\"799\" data-end=\"810\">\u00d6zellik<\/strong><\/th>\n<th data-start=\"831\" data-end=\"904\" data-col-size=\"md\"><strong data-start=\"833\" data-end=\"853\">De\u011fer \/ A\u00e7\u0131klama<\/strong><\/th>\n<\/tr>\n<\/thead>\n<tbody data-start=\"1013\" data-end=\"2296\">\n<tr data-start=\"1013\" data-end=\"1119\">\n<td data-start=\"1013\" data-end=\"1046\" data-col-size=\"sm\"><strong data-start=\"1015\" data-end=\"1032\">Model Aral\u0131\u011f\u0131<\/strong><\/td>\n<td data-col-size=\"md\" data-start=\"1046\" data-end=\"1119\">UTM-GB 1kN \u2013 UTM-GB 100kN<\/td>\n<\/tr>\n<tr data-start=\"1120\" data-end=\"1226\">\n<td data-start=\"1120\" data-end=\"1153\" data-col-size=\"sm\"><strong data-start=\"1122\" data-end=\"1146\">Kapasite Se\u00e7enekleri<\/strong><\/td>\n<td data-col-size=\"md\" data-start=\"1153\" data-end=\"1226\">1 kN, 5 kN, 10 kN, 20 kN, 50 kN, 100 kN<\/td>\n<\/tr>\n<tr data-start=\"1227\" data-end=\"1333\">\n<td data-start=\"1227\" data-end=\"1260\" data-col-size=\"sm\"><strong data-start=\"1229\" data-end=\"1243\">Hassasiyet<\/strong><\/td>\n<td data-col-size=\"md\" data-start=\"1260\" data-end=\"1333\">\u00b1%0.5 \u00f6l\u00e7\u00fcm do\u011frulu\u011fu<\/td>\n<\/tr>\n<tr data-start=\"1334\" data-end=\"1440\">\n<td data-start=\"1334\" data-end=\"1367\" data-col-size=\"sm\"><strong data-start=\"1336\" data-end=\"1351\">Y\u00fck H\u00fccresi<\/strong><\/td>\n<td data-col-size=\"md\" data-start=\"1367\" data-end=\"1440\">Dijital, y\u00fcksek \u00e7\u00f6z\u00fcn\u00fcrl\u00fckl\u00fc sens\u00f6r<\/td>\n<\/tr>\n<tr data-start=\"1441\" data-end=\"1547\">\n<td data-start=\"1441\" data-end=\"1474\" data-col-size=\"sm\"><strong data-start=\"1443\" data-end=\"1462\">Kontrol Sistemi<\/strong><\/td>\n<td data-col-size=\"md\" data-start=\"1474\" data-end=\"1547\">Bilgisayar kontroll\u00fc servo motor sistemi<\/td>\n<\/tr>\n<tr data-start=\"1548\" data-end=\"1654\">\n<td data-start=\"1548\" data-end=\"1581\" data-col-size=\"sm\"><strong data-start=\"1550\" data-end=\"1566\">Test T\u00fcrleri<\/strong><\/td>\n<td data-col-size=\"md\" data-start=\"1581\" data-end=\"1654\">\u00c7ekme, basma, e\u011filme, soyma, kopma<\/td>\n<\/tr>\n<tr data-start=\"1655\" data-end=\"1761\">\n<td data-start=\"1655\" data-end=\"1688\" data-col-size=\"sm\"><strong data-start=\"1657\" data-end=\"1673\">Veri Analizi<\/strong><\/td>\n<td data-col-size=\"md\" data-start=\"1688\" data-end=\"1761\">Ger\u00e7ek zamanl\u0131 grafiksel izleme ve sonu\u00e7 raporlama<\/td>\n<\/tr>\n<tr data-start=\"1762\" data-end=\"1868\">\n<td data-start=\"1762\" data-end=\"1795\" data-col-size=\"sm\"><strong data-start=\"1764\" data-end=\"1785\">Standart Uyumlar\u0131<\/strong><\/td>\n<td data-col-size=\"md\" data-start=\"1795\" data-end=\"1868\">ASTM, ISO, DIN, GB\/T<\/td>\n<\/tr>\n<tr data-start=\"1869\" data-end=\"1975\">\n<td data-start=\"1869\" data-end=\"1902\" data-col-size=\"sm\"><strong data-start=\"1871\" data-end=\"1886\">G\u00fc\u00e7 Kayna\u011f\u0131<\/strong><\/td>\n<td data-col-size=\"md\" data-start=\"1902\" data-end=\"1975\">AC 220V \/ 50Hz<\/td>\n<\/tr>\n<tr data-start=\"1976\" data-end=\"2082\">\n<td data-start=\"1976\" data-end=\"2009\" data-col-size=\"sm\"><strong data-start=\"1978\" data-end=\"1997\">Yaz\u0131l\u0131m Deste\u011fi<\/strong><\/td>\n<td data-col-size=\"md\" data-start=\"2009\" data-end=\"2082\">INSIZE TestPro yaz\u0131l\u0131m\u0131 (Windows uyumlu)<\/td>\n<\/tr>\n<tr data-start=\"2083\" data-end=\"2189\">\n<td data-start=\"2083\" data-end=\"2116\" data-col-size=\"sm\"><strong data-start=\"2085\" data-end=\"2107\">Ba\u011flant\u0131 Arabirimi<\/strong><\/td>\n<td data-col-size=\"md\" data-start=\"2116\" data-end=\"2189\">USB \/ Ethernet<\/td>\n<\/tr>\n<tr data-start=\"2190\" data-end=\"2296\">\n<td data-start=\"2190\" data-end=\"2223\" data-col-size=\"sm\"><strong data-start=\"2192\" data-end=\"2201\">Ekran<\/strong><\/td>\n<td data-col-size=\"md\" data-start=\"2223\" data-end=\"2296\">15&#8243; dokunmatik kontrol paneli veya bilgisayar ba\u011flant\u0131l\u0131 sistem<\/td>\n<\/tr>\n<\/tbody>\n<\/table>\n<\/div>\n<\/div>\n<hr data-start=\"2298\" data-end=\"2301\" \/>\n<h2 data-start=\"2303\" data-end=\"2326\">\u00a0Uygulama Alanlar\u0131<\/h2>\n<p data-start=\"2328\" data-end=\"2439\">INSIZE UTM-GB Serisi, geni\u015f kullan\u0131m alan\u0131na sahip profesyonel bir test cihaz\u0131d\u0131r.<br data-start=\"2410\" data-end=\"2413\" \/>Ba\u015fl\u0131ca kullan\u0131m alanlar\u0131:<\/p>\n<ul data-start=\"2441\" data-end=\"2749\">\n<li data-start=\"2441\" data-end=\"2489\">\n<p data-start=\"2443\" data-end=\"2489\"><strong data-start=\"2443\" data-end=\"2464\">Otomotiv sekt\u00f6r\u00fc:<\/strong> Par\u00e7a dayan\u0131m testleri<\/p>\n<\/li>\n<li data-start=\"2490\" data-end=\"2545\">\n<p data-start=\"2492\" data-end=\"2545\"><strong data-start=\"2492\" data-end=\"2506\">Havac\u0131l\u0131k:<\/strong> Kompozit malzeme mukavemet \u00f6l\u00e7\u00fcmleri<\/p>\n<\/li>\n<li data-start=\"2546\" data-end=\"2605\">\n<p data-start=\"2548\" data-end=\"2605\"><strong data-start=\"2548\" data-end=\"2559\">\u0130n\u015faat:<\/strong> \u00c7elik ve beton numunelerinde \u00e7ekme testleri<\/p>\n<\/li>\n<li data-start=\"2606\" data-end=\"2684\">\n<p data-start=\"2608\" data-end=\"2684\"><strong data-start=\"2608\" data-end=\"2628\">E\u011fitim ve Ar-Ge:<\/strong> \u00dcniversite ve laboratuvar ortamlar\u0131nda test ve analiz<\/p>\n<\/li>\n<li data-start=\"2685\" data-end=\"2749\">\n<p data-start=\"2687\" data-end=\"2749\"><strong data-start=\"2687\" data-end=\"2717\">Plastik ve Kau\u00e7uk \u00dcretimi:<\/strong> Elastikiyet ve kopma testleri<\/p>\n<\/li>\n<\/ul>\n<hr data-start=\"2751\" data-end=\"2754\" \/>\n<h2 data-start=\"2756\" data-end=\"2797\">\u00a0INSIZE UTM-GB Serisinin Avantajlar\u0131<\/h2>\n<h3 data-start=\"2799\" data-end=\"2844\">\u00a01. Y\u00fcksek Hassasiyet ve G\u00fcvenilirlik<\/h3>\n<p data-start=\"2845\" data-end=\"2975\">\u00b1%0.5 do\u011fruluk oran\u0131 sayesinde tekrarlanabilir test sonu\u00e7lar\u0131 sunar. Kalite kontrol ve ara\u015ft\u0131rma uygulamalar\u0131 i\u00e7in ideal \u00e7\u00f6z\u00fcmd\u00fcr.<\/p>\n<h3 data-start=\"2977\" data-end=\"3011\">\u00a02. Ak\u0131ll\u0131 Kontrol Sistemi<\/h3>\n<h3 data-start=\"3156\" data-end=\"3191\">3. Kullan\u0131c\u0131 Dostu Yaz\u0131l\u0131m<\/h3>\n<p data-start=\"3192\" data-end=\"3350\"><strong data-start=\"3192\" data-end=\"3210\">INSIZE TestPro<\/strong> yaz\u0131l\u0131m\u0131, anl\u0131k grafik \u00e7izimi, veri kayd\u0131, otomatik raporlama ve PDF\/Excel \u00e7\u0131kt\u0131 alma \u00f6zellikleriyle laboratuvar s\u00fcre\u00e7lerini kolayla\u015ft\u0131r\u0131r.<\/p>\n<h3 data-start=\"3352\" data-end=\"3391\">\u00a04. Uluslararas\u0131 Standart Uyumu<\/h3>\n<p data-start=\"3392\" data-end=\"3525\">ASTM, ISO, DIN ve GB\/T standartlar\u0131na uyumlu test modlar\u0131 sayesinde uluslararas\u0131 sertifikasyon s\u00fcre\u00e7lerinde g\u00fcvenilir sonu\u00e7lar verir.<\/p>\n<hr data-start=\"3527\" data-end=\"3530\" \/>\n<h2 data-start=\"3532\" data-end=\"3590\">INSIZE UTM-GB Serisi Modelleri Kar\u015f\u0131la\u015ft\u0131rma Tablosu<\/h2>\n<div class=\"_tableContainer_1rjym_1\">\n<div class=\"group _tableWrapper_1rjym_13 flex w-fit flex-col-reverse\">\n<table class=\"w-fit min-w-(--thread-content-width)\" data-start=\"3592\" data-end=\"4462\">\n<thead data-start=\"3592\" data-end=\"3732\">\n<tr data-start=\"3592\" data-end=\"3732\">\n<th data-start=\"3592\" data-end=\"3604\" data-col-size=\"sm\"><strong data-start=\"3594\" data-end=\"3603\">Model<\/strong><\/th>\n<th data-start=\"3604\" data-end=\"3630\" data-col-size=\"sm\"><strong data-start=\"3606\" data-end=\"3629\">Maks. Kapasite (kN)<\/strong><\/th>\n<th data-start=\"3630\" data-end=\"3654\" data-col-size=\"sm\"><strong data-start=\"3632\" data-end=\"3653\">Test H\u0131z\u0131 (mm\/dk)<\/strong><\/th>\n<th data-start=\"3654\" data-end=\"3678\" data-col-size=\"sm\"><strong data-start=\"3656\" data-end=\"3677\">Test Aral\u0131\u011f\u0131 (mm)<\/strong><\/th>\n<th data-start=\"3678\" data-end=\"3699\" data-col-size=\"sm\"><strong data-start=\"3680\" data-end=\"3698\">Hassasiyet (%)<\/strong><\/th>\n<th data-start=\"3699\" data-end=\"3732\" data-col-size=\"sm\"><strong data-start=\"3701\" data-end=\"3719\">Uygulama Alan\u0131<\/strong><\/th>\n<\/tr>\n<\/thead>\n<tbody data-start=\"3879\" data-end=\"4462\">\n<tr data-start=\"3879\" data-end=\"4024\">\n<td data-start=\"3879\" data-end=\"3892\" data-col-size=\"sm\">UTM-GB1<\/td>\n<td data-col-size=\"sm\" data-start=\"3892\" data-end=\"3919\">1<\/td>\n<td data-col-size=\"sm\" data-start=\"3919\" data-end=\"3945\">0.01 \u2013 500<\/td>\n<td data-col-size=\"sm\" data-start=\"3945\" data-end=\"3970\">800<\/td>\n<td data-col-size=\"sm\" data-start=\"3970\" data-end=\"3991\">\u00b10.5<\/td>\n<td data-col-size=\"sm\" data-start=\"3991\" data-end=\"4024\">Plastik, kau\u00e7uk, film<\/td>\n<\/tr>\n<tr data-start=\"4025\" data-end=\"4170\">\n<td data-start=\"4025\" data-end=\"4038\" data-col-size=\"sm\">UTM-GB10<\/td>\n<td data-col-size=\"sm\" data-start=\"4038\" data-end=\"4065\">10<\/td>\n<td data-col-size=\"sm\" data-start=\"4065\" data-end=\"4091\">0.01 \u2013 300<\/td>\n<td data-col-size=\"sm\" data-start=\"4091\" data-end=\"4116\">1000<\/td>\n<td data-col-size=\"sm\" data-start=\"4116\" data-end=\"4137\">\u00b10.5<\/td>\n<td data-col-size=\"sm\" data-start=\"4137\" data-end=\"4170\">Kompozit, metal teli<\/td>\n<\/tr>\n<tr data-start=\"4171\" data-end=\"4316\">\n<td data-start=\"4171\" data-end=\"4184\" data-col-size=\"sm\">UTM-GB50<\/td>\n<td data-col-size=\"sm\" data-start=\"4184\" data-end=\"4211\">50<\/td>\n<td data-col-size=\"sm\" data-start=\"4211\" data-end=\"4237\">0.01 \u2013 250<\/td>\n<td data-col-size=\"sm\" data-start=\"4237\" data-end=\"4262\">1200<\/td>\n<td data-col-size=\"sm\" data-start=\"4262\" data-end=\"4283\">\u00b10.5<\/td>\n<td data-col-size=\"sm\" data-start=\"4283\" data-end=\"4316\">\u00c7elik, al\u00fcminyum<\/td>\n<\/tr>\n<tr data-start=\"4317\" data-end=\"4462\">\n<td data-start=\"4317\" data-end=\"4330\" data-col-size=\"sm\">UTM-GB100<\/td>\n<td data-col-size=\"sm\" data-start=\"4330\" data-end=\"4357\">100<\/td>\n<td data-col-size=\"sm\" data-start=\"4357\" data-end=\"4383\">0.01 \u2013 200<\/td>\n<td data-col-size=\"sm\" data-start=\"4383\" data-end=\"4408\">1500<\/td>\n<td data-col-size=\"sm\" data-start=\"4408\" data-end=\"4429\">\u00b10.5<\/td>\n<td data-col-size=\"sm\" data-start=\"4429\" data-end=\"4462\">A\u011f\u0131r sanayi, in\u015faat malzemesi<\/td>\n<\/tr>\n<\/tbody>\n<\/table>\n<\/div>\n<\/div>\n<hr data-start=\"4464\" data-end=\"4467\" \/>\n<p data-start=\"4498\" data-end=\"4746\">INSIZE UTM-GB Serisi, <strong data-start=\"4520\" data-end=\"4582\">y\u00fcksek do\u011fruluk, dayan\u0131kl\u0131l\u0131k ve esnek test se\u00e7enekleriyle<\/strong> modern laboratuvarlar\u0131n vazge\u00e7ilmez ekipmanlar\u0131ndan biridir. End\u00fcstriyel test gereksinimlerinde maksimum performans arayanlar i\u00e7in <strong data-start=\"4714\" data-end=\"4739\">profesyonel bir \u00e7\u00f6z\u00fcm<\/strong> sunar.<\/p>\n","protected":false},"excerpt":{"rendered":"<ul>\n<li data-start=\"2443\" data-end=\"2489\"><strong data-start=\"2443\" data-end=\"2464\">Otomotiv sekt\u00f6r\u00fc:<\/strong> Par\u00e7a dayan\u0131m testleri<\/li>\n<li data-start=\"2492\" data-end=\"2545\"><strong data-start=\"2492\" data-end=\"2506\">Havac\u0131l\u0131k:<\/strong> Kompozit malzeme mukavemet \u00f6l\u00e7\u00fcmleri<\/li>\n<li data-start=\"2548\" data-end=\"2605\"><strong data-start=\"2548\" data-end=\"2559\">\u0130n\u015faat:<\/strong> \u00c7elik ve beton numunelerinde \u00e7ekme testleri<\/li>\n<li data-start=\"2608\" data-end=\"2684\"><strong data-start=\"2608\" data-end=\"2628\">E\u011fitim ve Ar-Ge:<\/strong> \u00dcniversite ve laboratuvar ortamlar\u0131nda test ve analiz<\/li>\n<li data-start=\"2687\" data-end=\"2749\"><strong data-start=\"2687\" data-end=\"2717\">Plastik ve Kau\u00e7uk \u00dcretimi:<\/strong> Elastikiyet ve kopma testleri<\/li>\n<li data-start=\"2687\" data-end=\"2749\"><a href=\"https:\/\/denizmtl.com\/wp-content\/uploads\/2025\/11\/UTM-GB.pdf\">Pdf i\u00e7in t\u0131klay\u0131n\u0131z.<\/a><\/li>\n<\/ul>\n","protected":false},"author":0,"featured_media":30398,"comment_status":"open","ping_status":"closed","template":"","meta":[],"product_brand":[],"product_cat":[18,720,100,63],"product_tag":[],"class_list":{"0":"post-30361","1":"product","2":"type-product","3":"status-publish","4":"has-post-thumbnail","6":"product_cat-insize","7":"product_cat-mukavemet-ve-evrensel-test-cihazlari","8":"product_cat-test-cihazlari","9":"product_cat-yeni-urunler","11":"first","12":"instock","13":"shipping-taxable","14":"product-type-simple"},"_links":{"self":[{"href":"https:\/\/denizmtl.com\/mobilapp\/wp-json\/wp\/v2\/product\/30361","targetHints":{"allow":["GET"]}}],"collection":[{"href":"https:\/\/denizmtl.com\/mobilapp\/wp-json\/wp\/v2\/product"}],"about":[{"href":"https:\/\/denizmtl.com\/mobilapp\/wp-json\/wp\/v2\/types\/product"}],"replies":[{"embeddable":true,"href":"https:\/\/denizmtl.com\/mobilapp\/wp-json\/wp\/v2\/comments?post=30361"}],"wp:featuredmedia":[{"embeddable":true,"href":"https:\/\/denizmtl.com\/mobilapp\/wp-json\/wp\/v2\/media\/30398"}],"wp:attachment":[{"href":"https:\/\/denizmtl.com\/mobilapp\/wp-json\/wp\/v2\/media?parent=30361"}],"wp:term":[{"taxonomy":"product_brand","embeddable":true,"href":"https:\/\/denizmtl.com\/mobilapp\/wp-json\/wp\/v2\/product_brand?post=30361"},{"taxonomy":"product_cat","embeddable":true,"href":"https:\/\/denizmtl.com\/mobilapp\/wp-json\/wp\/v2\/product_cat?post=30361"},{"taxonomy":"product_tag","embeddable":true,"href":"https:\/\/denizmtl.com\/mobilapp\/wp-json\/wp\/v2\/product_tag?post=30361"}],"curies":[{"name":"wp","href":"https:\/\/api.w.org\/{rel}","templated":true}]}}