{"id":29802,"date":"2025-08-14T11:41:05","date_gmt":"2025-08-14T08:41:05","guid":{"rendered":"https:\/\/denizmtl.com\/mobilapp\/?post_type=product&#038;p=29802"},"modified":"2025-10-02T17:45:29","modified_gmt":"2025-10-02T14:45:29","slug":"insize-0443-hp23-tasinabilir-ph-ec-tds-sicaklik-olcer","status":"publish","type":"product","link":"https:\/\/denizmtl.com\/mobilapp\/urunler\/insize-0443-hp23-tasinabilir-ph-ec-tds-sicaklik-olcer\/","title":{"rendered":"INSIZE 0443-HP23 Ta\u015f\u0131nabilir pH\/EC\/TDS\/S\u0131cakl\u0131k \u00d6l\u00e7er"},"content":{"rendered":"<p>Ta\u015f\u0131nabilir pH EC TDS ve S\u0131cakl\u0131k \u00d6l\u00e7er | INSIZE 0443-HP23<\/p>\n<p>INSIZE 0443-HP23; pH, iletkenlik (EC), TDS ve s\u0131cakl\u0131k \u00f6l\u00e7\u00fcm\u00fc yapan IP57 korumal\u0131, \u00e7ok fonksiyonlu ta\u015f\u0131nabilir multimetredir. Laboratuvar ve saha kullan\u0131m\u0131 i\u00e7in ideal.<\/p>\n<p data-start=\"970\" data-end=\"1295\">INSIZE 0443-HP23 ta\u015f\u0131nabilir multimetre; pH, elektriksel iletkenlik (EC), toplam \u00e7\u00f6z\u00fcnm\u00fc\u015f madde (TDS) ve s\u0131cakl\u0131k \u00f6l\u00e7\u00fcmlerini tek bir kompakt cihazda birle\u015ftirir. Bu cihaz; laboratuvarlar, ar\u0131tma tesisleri, saha \u00e7al\u0131\u015fmalar\u0131 ve e\u011fitim alanlar\u0131nda hassas ve g\u00fcvenilir \u00f6l\u00e7\u00fcmler yapmak isteyen kullan\u0131c\u0131lar i\u00e7in geli\u015ftirilmi\u015ftir.<\/p>\n<p data-start=\"1297\" data-end=\"1573\">Cihazda yer alan <strong data-start=\"1314\" data-end=\"1348\">otomatik tan\u0131ma ve kalibrasyon<\/strong> fonksiyonlar\u0131 sayesinde pH \u00f6l\u00e7\u00fcmleri 1-3 nokta aras\u0131nda; iletkenlik \u00f6l\u00e7\u00fcmleri ise 1-4 nokta aras\u0131nda kolayca kalibre edilebilir. S\u0131cakl\u0131k telafisi hem manuel hem otomatik olarak ayarlanabilir ve 0\u00b0C \u2013 100\u00b0C aral\u0131\u011f\u0131n\u0131 kapsar.<\/p>\n<p data-start=\"1575\" data-end=\"1785\">Sahip oldu\u011fu <strong data-start=\"1588\" data-end=\"1610\">IP57 koruma s\u0131n\u0131f\u0131<\/strong>, cihaz\u0131 suya ve toza kar\u015f\u0131 dayan\u0131kl\u0131 hale getirir. Ayr\u0131ca cihaz, 50 setlik veri saklama haf\u0131zas\u0131na sahiptir ve katlanabilir stand\u0131yla farkl\u0131 \u00f6l\u00e7\u00fcm senaryolar\u0131na uyum sa\u011flar.<\/p>\n<p data-start=\"1787\" data-end=\"1923\"><strong data-start=\"1787\" data-end=\"1816\">Standart paket i\u00e7eri\u011finde<\/strong>; plastik pH elektrodu, plastik iletkenlik elektrodu, 6 farkl\u0131 standart sol\u00fcsyon ve 3 adet AA pil yer al\u0131r.<\/p>\n<p data-start=\"1930\" data-end=\"1974\"><strong>Teknik \u00d6zellikler\u00a0<\/strong><\/p>\n<h4 data-start=\"1976\" data-end=\"1993\">pH \u00d6l\u00e7\u00fcm:<\/h4>\n<ul>\n<li data-start=\"1996\" data-end=\"2025\">\u00d6l\u00e7\u00fcm Aral\u0131\u011f\u0131: 0.00\u201314.00pH<\/li>\n<li data-start=\"2028\" data-end=\"2052\">\u00c7\u00f6z\u00fcn\u00fcrl\u00fck: 0.01\/0.1pH<\/li>\n<li data-start=\"2055\" data-end=\"2079\">Do\u011fruluk: \u00b1(0.01pH+1d)<\/li>\n<li data-start=\"2082\" data-end=\"2106\">Kalibrasyon: 1\u20133 nokta<\/li>\n<li data-start=\"2109\" data-end=\"2153\">S\u0131cakl\u0131k Telafisi: 0\u2013100\u00b0C (manuel\/otomatik)<\/li>\n<\/ul>\n<h4 data-start=\"2155\" data-end=\"2171\">mV \u00d6l\u00e7\u00fcm:<\/h4>\n<ul>\n<li data-start=\"2174\" data-end=\"2201\">Aral\u0131k: -1000mV ~ +1000mV<\/li>\n<li data-start=\"2204\" data-end=\"2221\">\u00c7\u00f6z\u00fcn\u00fcrl\u00fck: 1mV<\/li>\n<li data-start=\"2224\" data-end=\"2246\">Do\u011fruluk: \u00b1(0.2%FS+1d)<\/li>\n<\/ul>\n<h4 data-start=\"2248\" data-end=\"2272\">\u00a0\u0130letkenlik (EC):<\/h4>\n<ul>\n<li data-start=\"2275\" data-end=\"2303\">\u00d6l\u00e7\u00fcm Aral\u0131\u011f\u0131: 0\u2013200 mS\/cm<\/li>\n<li data-start=\"2306\" data-end=\"2348\">\u00c7\u00f6z\u00fcn\u00fcrl\u00fck: 0.01\/0.1\u03bcS\/cm, 0.01\/0.1mS\/cm<\/li>\n<li data-start=\"2351\" data-end=\"2375\">Kalibrasyon: 1\u20134 nokta<\/li>\n<li data-start=\"2378\" data-end=\"2413\">Telafi: 0\u2013100\u00b0C (manuel\/otomatik)<\/li>\n<li data-start=\"2416\" data-end=\"2438\">Do\u011fruluk: \u00b1(1.0%FS+1d)<\/li>\n<\/ul>\n<h4 data-start=\"2440\" data-end=\"2452\">TDS:<\/h4>\n<ul>\n<li data-start=\"2455\" data-end=\"2480\">\u00d6l\u00e7\u00fcm Aral\u0131\u011f\u0131: 0\u2013100g\/L<\/li>\n<li data-start=\"2483\" data-end=\"2523\">\u00c7\u00f6z\u00fcn\u00fcrl\u00fck: 0.01\/0.1mg\/L \u2013 0.01\/0.1g\/L<\/li>\n<li data-start=\"2526\" data-end=\"2550\">Do\u011fruluk: \u00b1(1.0%FS+1d)<\/li>\n<li data-start=\"2553\" data-end=\"2579\">D\u00f6n\u00fc\u015f\u00fcm Fakt\u00f6r\u00fc: 0.40\u20131.00<\/li>\n<\/ul>\n<h4 data-start=\"2581\" data-end=\"2599\">S\u0131cakl\u0131k:<\/h4>\n<ul>\n<li data-start=\"2602\" data-end=\"2630\">\u00d6l\u00e7\u00fcm Aral\u0131\u011f\u0131: 0\u00b0C \u2013 100\u00b0C<\/li>\n<li data-start=\"2633\" data-end=\"2652\">\u00c7\u00f6z\u00fcn\u00fcrl\u00fck: 0.1\u00b0C<\/li>\n<li data-start=\"2655\" data-end=\"2676\">Do\u011fruluk: \u00b1(0.5\u00b0C+1d)<\/li>\n<\/ul>\n<p data-start=\"2683\" data-end=\"2708\"><strong>Standart Teslimat:<\/strong><\/p>\n<ul>\n<li data-start=\"2712\" data-end=\"2731\">Ana \u00dcnite: 1 adet<\/li>\n<li data-start=\"2734\" data-end=\"2756\">pH Elektrodu: 1 adet<\/li>\n<li data-start=\"2759\" data-end=\"2789\">\u0130letkenlik Elektrodu: 1 adet<\/li>\n<li data-start=\"2792\" data-end=\"2808\">AA Pil: 3 adet<\/li>\n<li data-start=\"2811\" data-end=\"2841\">Standart Sol\u00fcsyonlar: 6 \u015fi\u015fe<\/li>\n<\/ul>\n","protected":false},"excerpt":{"rendered":"<ul>\n<li data-start=\"1996\" data-end=\"2025\">\u00d6l\u00e7\u00fcm Aral\u0131\u011f\u0131: 0.00\u201314.00pH<\/li>\n<li data-start=\"2028\" data-end=\"2052\">\u00c7\u00f6z\u00fcn\u00fcrl\u00fck: 0.01\/0.1pH<\/li>\n<li data-start=\"2055\" data-end=\"2079\">Do\u011fruluk: \u00b1(0.01pH+1d)<\/li>\n<li data-start=\"2082\" data-end=\"2106\">Kalibrasyon: 1\u20133 nokta<\/li>\n<li data-start=\"2109\" data-end=\"2153\">S\u0131cakl\u0131k Telafisi: 0\u2013100\u00b0C (manuel\/otomatik)<\/li>\n<li data-start=\"2109\" data-end=\"2153\"><a href=\"https:\/\/denizmtl.com\/wp-content\/uploads\/2025\/07\/0443-HP23.pdf\"><strong>Pdf i\u00e7in t\u0131klay\u0131n\u0131z.<\/strong><\/a><\/li>\n<\/ul>\n<p>&nbsp;<br \/>\n<a class=\"wp-iletim-button\" href=\"https:\/\/wa.me\/905422584189?text=Merhaba%2C%20https%3A%2F%2Fdenizmtl.com%2Fmobilapp%2Fwp-json%2Fwp%2Fv2%2Fproduct%2F29802%20sayfas%C4%B1ndaki%20%C3%BCr%C3%BCnle%20ilgili%20fiyat%20ve%20demo%20talep%20etmek%20istiyorum.\" target=\"_blank\" rel=\"noopener\" style=\"display:inline-block;padding:10px 16px;border-radius:6px;color:#fff;text-decoration:none;font-weight:600;background:#334862;\">F\u0130YAT VE DEMO TALEP ET<\/a>\n","protected":false},"author":1,"featured_media":29828,"comment_status":"open","ping_status":"closed","template":"","meta":[],"product_brand":[],"product_cat":[18,114,100,63],"product_tag":[676,677,678,679,680,681],"class_list":{"0":"post-29802","1":"product","2":"type-product","3":"status-publish","4":"has-post-thumbnail","6":"product_cat-insize","7":"product_cat-portatif-test-cihazlari","8":"product_cat-test-cihazlari","9":"product_cat-yeni-urunler","10":"product_tag-iletkenlik-olcer","11":"product_tag-insize-0443-hp23","12":"product_tag-ip57-multimetre","13":"product_tag-ph-metre","14":"product_tag-tasinabilir-olcum-cihazi","15":"product_tag-tds-olcer","17":"first","18":"instock","19":"shipping-taxable","20":"product-type-simple"},"_links":{"self":[{"href":"https:\/\/denizmtl.com\/mobilapp\/wp-json\/wp\/v2\/product\/29802","targetHints":{"allow":["GET"]}}],"collection":[{"href":"https:\/\/denizmtl.com\/mobilapp\/wp-json\/wp\/v2\/product"}],"about":[{"href":"https:\/\/denizmtl.com\/mobilapp\/wp-json\/wp\/v2\/types\/product"}],"author":[{"embeddable":true,"href":"https:\/\/denizmtl.com\/mobilapp\/wp-json\/wp\/v2\/users\/1"}],"replies":[{"embeddable":true,"href":"https:\/\/denizmtl.com\/mobilapp\/wp-json\/wp\/v2\/comments?post=29802"}],"wp:featuredmedia":[{"embeddable":true,"href":"https:\/\/denizmtl.com\/mobilapp\/wp-json\/wp\/v2\/media\/29828"}],"wp:attachment":[{"href":"https:\/\/denizmtl.com\/mobilapp\/wp-json\/wp\/v2\/media?parent=29802"}],"wp:term":[{"taxonomy":"product_brand","embeddable":true,"href":"https:\/\/denizmtl.com\/mobilapp\/wp-json\/wp\/v2\/product_brand?post=29802"},{"taxonomy":"product_cat","embeddable":true,"href":"https:\/\/denizmtl.com\/mobilapp\/wp-json\/wp\/v2\/product_cat?post=29802"},{"taxonomy":"product_tag","embeddable":true,"href":"https:\/\/denizmtl.com\/mobilapp\/wp-json\/wp\/v2\/product_tag?post=29802"}],"curies":[{"name":"wp","href":"https:\/\/api.w.org\/{rel}","templated":true}]}}