{"id":29795,"date":"2025-08-14T11:41:03","date_gmt":"2025-08-14T08:41:03","guid":{"rendered":"https:\/\/denizmtl.com\/mobilapp\/?post_type=product&#038;p=29795"},"modified":"2025-10-02T17:45:27","modified_gmt":"2025-10-02T14:45:27","slug":"insize-9457-serisi-gerilim-dayanim-test-cihazlari","status":"publish","type":"product","link":"https:\/\/denizmtl.com\/mobilapp\/urunler\/insize-9457-serisi-gerilim-dayanim-test-cihazlari\/","title":{"rendered":"INSIZE 9457 Serisi Gerilim Dayan\u0131m Test Cihazlar\u0131"},"content":{"rendered":"<p>INSIZE 9457 Serisi Gerilim Dayan\u0131m Test Cihazlar\u0131 \u2013 5kV AC\/DC Y\u00fcksek Gerilim Testi<\/p>\n<p>INSIZE 9457 Serisi y\u00fcksek gerilim test cihazlar\u0131, izolasyon ve yal\u0131t\u0131m testleri i\u00e7in 5kV&#8217;a kadar AC\/DC dayan\u0131m testi sunar. Alarm \u00e7\u0131k\u0131\u015f\u0131, uzaktan kontrol ve PLC ba\u011flant\u0131s\u0131 ile tam g\u00fcvenlik sa\u011flar.<\/p>\n<p data-start=\"1163\" data-end=\"1257\"><strong data-start=\"1163\" data-end=\"1257\">INSIZE 9457 Serisi Withstanding Voltage Testers: Yal\u0131t\u0131m G\u00fcc\u00fcn\u00fcz\u00fc \u00d6l\u00e7menin En G\u00fcvenli Yolu<\/strong><\/p>\n<p data-start=\"1259\" data-end=\"1587\">Elektriksel izolasyonun g\u00fcvenli\u011fi ve kalitesi, bir\u00e7ok end\u00fcstride hayati \u00f6nem ta\u015f\u0131r. INSIZE 9457 Serisi gerilim dayan\u0131m test cihazlar\u0131, \u00f6zellikle kablo \u00fcretimi, motor sar\u0131m\u0131, elektronik ekipman testleri ve elektrikli \u00fcr\u00fcnlerde yal\u0131t\u0131m testleri i\u00e7in ideal \u00e7\u00f6z\u00fcmler sunar. Seride 3 farkl\u0131 model yer al\u0131r: <strong data-start=\"1561\" data-end=\"1586\">HD501, HA502 ve HA510<\/strong>.<\/p>\n<p data-start=\"1589\" data-end=\"1637\"><strong data-start=\"1589\" data-end=\"1637\">Y\u00fcksek Gerilim Test Yetene\u011fi \u2013 Hem AC Hem DC<\/strong><\/p>\n<ul>\n<li data-start=\"1641\" data-end=\"1671\"><strong data-start=\"1641\" data-end=\"1661\">AC Test Aral\u0131\u011f\u0131:<\/strong> 0 \u2013 5kV<\/li>\n<li data-start=\"1674\" data-end=\"1741\"><strong data-start=\"1674\" data-end=\"1694\">DC Test Aral\u0131\u011f\u0131:<\/strong> 0 \u2013 5kV <em data-start=\"1703\" data-end=\"1739\">(Sadece HD501 modeli i\u00e7in ge\u00e7erli)<\/em><\/li>\n<\/ul>\n<p><strong data-start=\"1744\" data-end=\"1770\">Ak\u0131m \u00d6l\u00e7\u00fcm Aral\u0131klar\u0131:<\/strong><\/p>\n<ul>\n<li data-start=\"1777\" data-end=\"1784\">0\u20132mA<\/li>\n<li data-start=\"1789\" data-end=\"1797\">0\u201320mA<\/li>\n<li data-start=\"1802\" data-end=\"1828\">0\u2013100mA (yaln\u0131zca HA510)<\/li>\n<li data-start=\"1829\" data-end=\"1897\">\n<p data-start=\"1831\" data-end=\"1848\"><strong data-start=\"1831\" data-end=\"1846\">\u00c7\u00f6z\u00fcn\u00fcrl\u00fck:<\/strong><\/p>\n<\/li>\n<li data-start=\"1853\" data-end=\"1863\">2mA: 1\u03bcA<\/li>\n<li data-start=\"1868\" data-end=\"1880\">20mA: 10\u03bcA<\/li>\n<li data-start=\"1885\" data-end=\"1897\">100mA: 0.1mA<\/li>\n<\/ul>\n<p data-start=\"1899\" data-end=\"2073\">Bu geni\u015f aral\u0131klar sayesinde cihaz, d\u00fc\u015f\u00fck ak\u0131mda hassasiyet isteyen laboratuvar testlerinden, y\u00fcksek dayan\u0131m gerektiren end\u00fcstriyel test uygulamalar\u0131na kadar esneklik sa\u011flar.<\/p>\n<p data-start=\"2075\" data-end=\"2105\"><strong data-start=\"2075\" data-end=\"2105\">Kullan\u0131c\u0131 Dostu \u00d6zellikler<\/strong><\/p>\n<ul>\n<li data-start=\"2109\" data-end=\"2172\"><strong data-start=\"2109\" data-end=\"2170\">Gerilim ve ak\u0131m de\u011ferlerinin anl\u0131k ekranda g\u00f6r\u00fcnt\u00fclenmesi<\/strong><\/li>\n<li data-start=\"2175\" data-end=\"2275\"><strong data-start=\"2175\" data-end=\"2204\">Ayarlanabilir alarm e\u015fi\u011fi<\/strong> \u2013 belirlenen ka\u00e7ak ak\u0131m seviyesinde sesli\/g\u00f6rsel alarm devreye girer<\/li>\n<li data-start=\"2278\" data-end=\"2361\"><strong data-start=\"2278\" data-end=\"2293\">Zamanlay\u0131c\u0131<\/strong> \u2013 0\u2013999 saniye aras\u0131 test s\u00fcresi, 0.1s \u00e7\u00f6z\u00fcn\u00fcrl\u00fckle ayarlanabilir<\/li>\n<li data-start=\"2364\" data-end=\"2459\"><strong data-start=\"2364\" data-end=\"2390\">Uzaktan kontrol imkan\u0131<\/strong> \u2013 cihaz, uzaktan kontrol kablosuyla g\u00fcvenli \u015fekilde ba\u015flat\u0131labilir<\/li>\n<li data-start=\"2462\" data-end=\"2527\"><strong data-start=\"2462\" data-end=\"2477\">PLC aray\u00fcz\u00fc<\/strong> (opsiyonel) \u2013 \u00fcretim hatlar\u0131na entegre edilebilir<\/li>\n<\/ul>\n<p data-start=\"2529\" data-end=\"2555\"><strong data-start=\"2529\" data-end=\"2555\">Test U\u00e7lar\u0131 ve Donan\u0131m<\/strong><\/p>\n<p data-start=\"2557\" data-end=\"2618\">Standart olarak \u00fc\u00e7 tip test kablosu cihazla birlikte sunulur:<\/p>\n<ul>\n<li data-start=\"2622\" data-end=\"2653\"><strong data-start=\"2622\" data-end=\"2651\">Uzaktan y\u00fcksek voltaj ucu<\/strong><\/li>\n<li data-start=\"2656\" data-end=\"2698\"><strong data-start=\"2656\" data-end=\"2696\">Standart y\u00fcksek voltaj testi kablosu<\/strong><\/li>\n<li data-start=\"2701\" data-end=\"2723\"><strong data-start=\"2701\" data-end=\"2723\">Topraklama kablosu<\/strong><\/li>\n<\/ul>\n<p data-start=\"2725\" data-end=\"2815\">Bu aksesuarlar, farkl\u0131 uygulama t\u00fcrlerinde esneklik sa\u011flar ve ba\u011flant\u0131 hatalar\u0131n\u0131 azalt\u0131r.<\/p>\n<p data-start=\"2817\" data-end=\"2843\"><strong data-start=\"2817\" data-end=\"2843\">Model Kar\u015f\u0131la\u015ft\u0131rmas\u0131:<\/strong><\/p>\n<div class=\"_tableContainer_80l1q_1\">\n<div class=\"_tableWrapper_80l1q_14 group flex w-fit flex-col-reverse\" tabindex=\"-1\">\n<table class=\"w-fit min-w-(--thread-content-width)\" data-start=\"2845\" data-end=\"3083\">\n<thead data-start=\"2845\" data-end=\"2898\">\n<tr data-start=\"2845\" data-end=\"2898\">\n<th data-start=\"2845\" data-end=\"2853\" data-col-size=\"sm\">Model<\/th>\n<th data-start=\"2853\" data-end=\"2863\" data-col-size=\"sm\">AC Test<\/th>\n<th data-start=\"2863\" data-end=\"2873\" data-col-size=\"sm\">DC Test<\/th>\n<th data-start=\"2873\" data-end=\"2884\" data-col-size=\"sm\">Max Ak\u0131m<\/th>\n<th data-start=\"2884\" data-end=\"2898\" data-col-size=\"sm\">PLC Aray\u00fcz<\/th>\n<\/tr>\n<\/thead>\n<tbody data-start=\"2953\" data-end=\"3083\">\n<tr data-start=\"2953\" data-end=\"2996\">\n<td data-start=\"2953\" data-end=\"2966\" data-col-size=\"sm\">9457-HD501<\/td>\n<td data-col-size=\"sm\" data-start=\"2966\" data-end=\"2971\">\u2714\ufe0f<\/td>\n<td data-col-size=\"sm\" data-start=\"2971\" data-end=\"2976\">\u2714\ufe0f<\/td>\n<td data-col-size=\"sm\" data-start=\"2976\" data-end=\"2983\">20mA<\/td>\n<td data-col-size=\"sm\" data-start=\"2983\" data-end=\"2996\">Opsiyonel<\/td>\n<\/tr>\n<tr data-start=\"2997\" data-end=\"3039\">\n<td data-start=\"2997\" data-end=\"3010\" data-col-size=\"sm\">9457-HA502<\/td>\n<td data-col-size=\"sm\" data-start=\"3010\" data-end=\"3015\">\u2714\ufe0f<\/td>\n<td data-col-size=\"sm\" data-start=\"3015\" data-end=\"3019\">\u274c<\/td>\n<td data-col-size=\"sm\" data-start=\"3019\" data-end=\"3026\">20mA<\/td>\n<td data-col-size=\"sm\" data-start=\"3026\" data-end=\"3039\">Opsiyonel<\/td>\n<\/tr>\n<tr data-start=\"3040\" data-end=\"3083\">\n<td data-start=\"3040\" data-end=\"3053\" data-col-size=\"sm\">9457-HA510<\/td>\n<td data-col-size=\"sm\" data-start=\"3053\" data-end=\"3058\">\u2714\ufe0f<\/td>\n<td data-col-size=\"sm\" data-start=\"3058\" data-end=\"3062\">\u274c<\/td>\n<td data-col-size=\"sm\" data-start=\"3062\" data-end=\"3070\">100mA<\/td>\n<td data-col-size=\"sm\" data-start=\"3070\" data-end=\"3083\">Opsiyonel<\/td>\n<\/tr>\n<\/tbody>\n<\/table>\n<div class=\"sticky end-(--thread-content-margin) h-0 self-end select-none\">\n<div class=\"absolute end-0 flex items-end\"><\/div>\n<\/div>\n<\/div>\n<\/div>\n<p data-start=\"3085\" data-end=\"3107\"><strong data-start=\"3085\" data-end=\"3107\">Uygulama Alanlar\u0131:<\/strong><\/p>\n<ul>\n<li data-start=\"3111\" data-end=\"3143\">Kablo ve konnekt\u00f6r \u00fcreticileri<\/li>\n<li data-start=\"3146\" data-end=\"3179\">Elektrikli ev aletleri testleri<\/li>\n<li data-start=\"3182\" data-end=\"3207\">Elektronik kart \u00fcretimi<\/li>\n<li data-start=\"3210\" data-end=\"3246\">Medikal cihaz test laboratuvarlar\u0131<\/li>\n<li data-start=\"3249\" data-end=\"3294\">Motor sarg\u0131 ve transformat\u00f6r izolasyonu testi<\/li>\n<\/ul>\n<p data-start=\"3296\" data-end=\"3325\"><strong data-start=\"3296\" data-end=\"3325\">Neden INSIZE 9457 Serisi?<\/strong><\/p>\n<p data-start=\"3327\" data-end=\"3581\">Bu cihazlar, yaln\u0131zca g\u00fcvenlik de\u011fil; ayn\u0131 zamanda hassasiyet, izlenebilirlik ve \u00fcretim entegrasyonu sunar. Alarm sistemi ile y\u00fcksek voltaj alt\u0131nda g\u00fcvenli \u00e7al\u0131\u015fma, dijital ekran ile h\u0131zl\u0131 izleme ve kompakt tasar\u0131m\u0131yla masa\u00fcst\u00fc kullan\u0131m kolayl\u0131\u011f\u0131 sa\u011flar.<\/p>\n","protected":false},"excerpt":{"rendered":"<ul>\n<li data-start=\"3629\" data-end=\"3664\">\u00c7\u0131k\u0131\u015f Gerilimi: 0\u20135kV (AC\/DC)<\/li>\n<li data-start=\"3667\" data-end=\"3697\">Gerilim \u00c7\u00f6z\u00fcn\u00fcrl\u00fc\u011f\u00fc: 10V<\/li>\n<li data-start=\"3700\" data-end=\"3735\">Gerilim Do\u011frulu\u011fu: \u00b1(5% + 3d)<\/li>\n<li data-start=\"3738\" data-end=\"3792\">Ak\u0131m Aral\u0131\u011f\u0131: 0\u20132mA \/ 20mA \/ 100mA (model bazl\u0131)<\/li>\n<li data-start=\"3795\" data-end=\"3830\">Ak\u0131m \u00c7\u00f6z\u00fcn\u00fcrl\u00fc\u011f\u00fc: 1\u03bcA \u2013 0.1mA<\/li>\n<li data-start=\"3833\" data-end=\"3875\">Zamanlay\u0131c\u0131: 0\u2013999s, 0.1s \u00e7\u00f6z\u00fcn\u00fcrl\u00fck<\/li>\n<li data-start=\"3878\" data-end=\"3910\">Uzaktan Test Ba\u015flatma: Var<\/li>\n<li data-start=\"3913\" data-end=\"3940\">PLC Aray\u00fcz: Opsiyonel<\/li>\n<li data-start=\"3943\" data-end=\"3999\">Dahili Alarm: Evet (ka\u00e7ak ak\u0131mda sesli-\u0131\u015f\u0131kl\u0131 uyar\u0131)<\/li>\n<li data-start=\"3943\" data-end=\"3999\"><a href=\"https:\/\/denizmtl.com\/wp-content\/uploads\/2025\/07\/9457.pdf\"><strong>Pdf i\u00e7in t\u0131klay\u0131n\u0131z.<\/strong><\/a><\/li>\n<\/ul>\n<p>&nbsp;<br \/>\n<a class=\"wp-iletim-button\" href=\"https:\/\/wa.me\/905422584189?text=Merhaba%2C%20https%3A%2F%2Fdenizmtl.com%2Fmobilapp%2Fwp-json%2Fwp%2Fv2%2Fproduct%2F29795%20sayfas%C4%B1ndaki%20%C3%BCr%C3%BCnle%20ilgili%20fiyat%20ve%20demo%20talep%20etmek%20istiyorum.\" target=\"_blank\" rel=\"noopener\" style=\"display:inline-block;padding:10px 16px;border-radius:6px;color:#fff;text-decoration:none;font-weight:600;background:#334862;\">F\u0130YAT VE DEMO TALEP ET<\/a>\n","protected":false},"author":1,"featured_media":29821,"comment_status":"open","ping_status":"closed","template":"","meta":[],"product_brand":[],"product_cat":[18,100,63],"product_tag":[639,640,641,642,643,644],"class_list":{"0":"post-29795","1":"product","2":"type-product","3":"status-publish","4":"has-post-thumbnail","6":"product_cat-insize","7":"product_cat-test-cihazlari","8":"product_cat-yeni-urunler","9":"product_tag-ac-test-cihazi","10":"product_tag-dc-yuksek-gerilim-testi","11":"product_tag-insize-elektriksel-test","12":"product_tag-plc-uyumlu-test-cihazi","13":"product_tag-voltage-tester","14":"product_tag-yalitim-test-cihazi","16":"first","17":"instock","18":"shipping-taxable","19":"product-type-simple"},"_links":{"self":[{"href":"https:\/\/denizmtl.com\/mobilapp\/wp-json\/wp\/v2\/product\/29795","targetHints":{"allow":["GET"]}}],"collection":[{"href":"https:\/\/denizmtl.com\/mobilapp\/wp-json\/wp\/v2\/product"}],"about":[{"href":"https:\/\/denizmtl.com\/mobilapp\/wp-json\/wp\/v2\/types\/product"}],"author":[{"embeddable":true,"href":"https:\/\/denizmtl.com\/mobilapp\/wp-json\/wp\/v2\/users\/1"}],"replies":[{"embeddable":true,"href":"https:\/\/denizmtl.com\/mobilapp\/wp-json\/wp\/v2\/comments?post=29795"}],"wp:featuredmedia":[{"embeddable":true,"href":"https:\/\/denizmtl.com\/mobilapp\/wp-json\/wp\/v2\/media\/29821"}],"wp:attachment":[{"href":"https:\/\/denizmtl.com\/mobilapp\/wp-json\/wp\/v2\/media?parent=29795"}],"wp:term":[{"taxonomy":"product_brand","embeddable":true,"href":"https:\/\/denizmtl.com\/mobilapp\/wp-json\/wp\/v2\/product_brand?post=29795"},{"taxonomy":"product_cat","embeddable":true,"href":"https:\/\/denizmtl.com\/mobilapp\/wp-json\/wp\/v2\/product_cat?post=29795"},{"taxonomy":"product_tag","embeddable":true,"href":"https:\/\/denizmtl.com\/mobilapp\/wp-json\/wp\/v2\/product_tag?post=29795"}],"curies":[{"name":"wp","href":"https:\/\/api.w.org\/{rel}","templated":true}]}}