{"id":29794,"date":"2025-08-14T11:41:03","date_gmt":"2025-08-14T08:41:03","guid":{"rendered":"https:\/\/denizmtl.com\/mobilapp\/?post_type=product&#038;p=29794"},"modified":"2025-10-02T17:45:26","modified_gmt":"2025-10-02T14:45:26","slug":"insize-dtm-serisi-elektronik-soyulma-test-cihazi","status":"publish","type":"product","link":"https:\/\/denizmtl.com\/mobilapp\/urunler\/insize-dtm-serisi-elektronik-soyulma-test-cihazi\/","title":{"rendered":"INSIZE DTM Serisi Elektronik Soyulma Test Cihaz\u0131"},"content":{"rendered":"<p>INSIZE DTM Serisi Soyulma Test Cihazlar\u0131 \u2013 Yap\u0131\u015fkanl\u0131 Y\u00fczeyler \u0130\u00e7in Hassas G\u00fc\u00e7 Testi<\/p>\n<p>INSIZE DTM-CA ve CB serisi soyulma test cihazlar\u0131, yap\u0131\u015fkanl\u0131 filmler, bantlar, ka\u011f\u0131tlar ve etiketler gibi \u00fcr\u00fcnlerde soyulma, kesilme ve \u00e7ekme kuvveti testlerini y\u00fcksek hassasiyetle ger\u00e7ekle\u015ftirir.<\/p>\n<p data-start=\"1235\" data-end=\"1325\"><strong data-start=\"1235\" data-end=\"1325\">INSIZE DTM Serisi Soyulma Test Cihazlar\u0131: Yap\u0131\u015fkanl\u0131 Y\u00fczeylerde G\u00fc\u00e7l\u00fc Performans Testi<\/strong><\/p>\n<p data-start=\"1327\" data-end=\"1703\">INSIZE markas\u0131n\u0131n DTM-CA ve DTM-CB serisi, yap\u0131\u015fkanl\u0131 y\u00fczeylerde soyulma (peel), \u00e7ekme ve kesme testlerinin hassas bir \u015fekilde ger\u00e7ekle\u015ftirilmesi i\u00e7in tasarlanm\u0131\u015f ileri seviye test cihazlar\u0131d\u0131r. \u00dcr\u00fcn; etiketler, yap\u0131\u015fkan bantlar, sal\u0131m k\u00e2\u011f\u0131tlar\u0131, kompozit filmler, suni deri, ambalaj malzemeleri, elektronik ta\u015f\u0131y\u0131c\u0131 bantlar gibi \u00e7ok say\u0131da malzeme \u00fczerinde test imkan\u0131 sunar.<\/p>\n<p data-start=\"1705\" data-end=\"1750\"><strong data-start=\"1705\" data-end=\"1750\">Uluslararas\u0131 Test Standartlar\u0131 ile Uyumlu<\/strong><\/p>\n<p data-start=\"1752\" data-end=\"1980\">Bu cihazlar; GB\/T 4850, ASTM D3330, GB\/T 7754, JIS-Z 0237, HG\/T 2406-2002 gibi ulusal ve uluslararas\u0131 normlara tam uyumludur. Kalite kontrol, AR-GE ve \u00fcretim alan\u0131nda testlerin standartlara uygun olarak yap\u0131lmas\u0131n\u0131 garanti eder.<\/p>\n<p data-start=\"1982\" data-end=\"2004\"><strong data-start=\"1982\" data-end=\"2004\">Model Se\u00e7enekleri:<\/strong><\/p>\n<p data-start=\"2008\" data-end=\"2040\"><strong data-start=\"2008\" data-end=\"2025\">DTM-CA Serisi<\/strong> (400 mm strok)<\/p>\n<ul>\n<li data-start=\"2045\" data-end=\"2057\">DTM-CA05: 5N<\/li>\n<li data-start=\"2062\" data-end=\"2075\">DTM-CA30: 30N<\/li>\n<li data-start=\"2080\" data-end=\"2093\">DTM-CA50: 50N<\/li>\n<li data-start=\"2098\" data-end=\"2113\">DTM-CA100: 100N<\/li>\n<\/ul>\n<p data-start=\"2117\" data-end=\"2149\"><strong data-start=\"2117\" data-end=\"2134\">DTM-CB Serisi<\/strong> (650 mm strok)<\/p>\n<ul>\n<li data-start=\"2154\" data-end=\"2167\">DTM-CB30: 30N<\/li>\n<li data-start=\"2172\" data-end=\"2185\">DTM-CB50: 50N<\/li>\n<li data-start=\"2190\" data-end=\"2205\">DTM-CB100: 100N<\/li>\n<li data-start=\"2190\" data-end=\"2205\">DTM-CB200: 200N<\/li>\n<\/ul>\n<p data-start=\"2227\" data-end=\"2304\">Kullan\u0131c\u0131, ihtiyac\u0131na g\u00f6re kuvvet aral\u0131\u011f\u0131 ve test strok uzunlu\u011funu se\u00e7ebilir.<\/p>\n<p data-start=\"2306\" data-end=\"2346\"><strong data-start=\"2306\" data-end=\"2346\">Y\u00fcksek Hassasiyet ve \u00dc\u00e7l\u00fc \u00d6l\u00e7\u00fcm Modu<\/strong><\/p>\n<ul>\n<li data-start=\"2350\" data-end=\"2372\">\u00b10.5% do\u011fruluk oran\u0131<\/li>\n<li data-start=\"2375\" data-end=\"2394\">0.001N \u00e7\u00f6z\u00fcn\u00fcrl\u00fck<\/li>\n<li data-start=\"2397\" data-end=\"2458\">Maksimum, anl\u0131k ve ortalama kuvvet de\u011ferlerinin \u00f6l\u00e7\u00fclebilmesi<\/li>\n<\/ul>\n<p data-start=\"2460\" data-end=\"2592\">Bu sayede daha tutarl\u0131 ve kar\u015f\u0131la\u015ft\u0131r\u0131labilir test sonu\u00e7lar\u0131 elde edilir. \u00d6zellikle \u00fcretim kalite kontrol\u00fcnde kritik veriler sa\u011flar.<\/p>\n<p data-start=\"2594\" data-end=\"2644\"><strong data-start=\"2594\" data-end=\"2644\">End\u00fcstriyel Dokunmatik Ekran ve Kolay Kullan\u0131m<\/strong><\/p>\n<p data-start=\"2646\" data-end=\"2845\">Her modelde bulunan dokunmatik ekran, kullan\u0131c\u0131 dostu aray\u00fcz\u00fc sayesinde test s\u00fcrecini sadele\u015ftirir. Test parametreleri h\u0131zl\u0131ca ayarlanabilir ve test s\u0131ras\u0131nda anl\u0131k grafiksel veri takibi yap\u0131labilir.<\/p>\n<p data-start=\"2847\" data-end=\"2869\"><strong data-start=\"2847\" data-end=\"2869\">Uygulama Alanlar\u0131:<\/strong><\/p>\n<ul>\n<li data-start=\"2873\" data-end=\"2911\">Etiket \u00fcretimi ve yap\u0131\u015fma g\u00fcc\u00fc testi<\/li>\n<li data-start=\"2914\" data-end=\"2957\">Ambalaj end\u00fcstrisinde film \u00e7ekme testleri<\/li>\n<li data-start=\"2960\" data-end=\"3016\">Elektronik \u00fcr\u00fcnlerde y\u00fczey ve montaj dayan\u0131m\u0131 testleri<\/li>\n<li data-start=\"3019\" data-end=\"3054\">Kompozit film performans testleri<\/li>\n<li data-start=\"3057\" data-end=\"3121\">Bant, suni deri, dokuma torbalar \u00fczerinde soyulma kuvveti \u00f6l\u00e7\u00fcm\u00fc<\/li>\n<\/ul>\n<p data-start=\"3123\" data-end=\"3161\"><strong data-start=\"3123\" data-end=\"3161\">Opsiyonel ve Standart Aksesuarlar:<\/strong><\/p>\n<ul>\n<li data-start=\"3165\" data-end=\"3217\"><strong data-start=\"3165\" data-end=\"3182\">Test Tahtas\u0131:<\/strong> 50&#215;125 mm boyutlar\u0131nda, 3\u2019l\u00fc set<\/li>\n<li data-start=\"3220\" data-end=\"3250\"><strong data-start=\"3220\" data-end=\"3248\">Standart Presleme Rulosu<\/strong><\/li>\n<li data-start=\"3253\" data-end=\"3309\"><strong data-start=\"3253\" data-end=\"3309\">30 mm\/50 mm numune geni\u015fli\u011fi adapt\u00f6rleri (opsiyonel)<\/strong><\/li>\n<\/ul>\n<p data-start=\"3311\" data-end=\"3350\"><strong data-start=\"3311\" data-end=\"3350\">Veri \u00c7\u0131k\u0131\u015f\u0131 ve \u0130statistiksel Analiz<\/strong><\/p>\n<p data-start=\"3352\" data-end=\"3509\">Test sonu\u00e7lar\u0131 istatistiksel de\u011ferlendirme i\u00e7in toplu olarak d\u0131\u015fa aktar\u0131labilir. Cihaz, grup testi uygulamalar\u0131nda zaman tasarrufu ve analiz kolayl\u0131\u011f\u0131 sunar.<\/p>\n<p data-start=\"3511\" data-end=\"3545\"><strong data-start=\"3511\" data-end=\"3545\">Kompakt Yap\u0131, Geni\u015f Performans<\/strong><\/p>\n<p data-start=\"3547\" data-end=\"3714\">Cihazlar, masa\u00fcst\u00fc kullan\u0131ma uygundur ve az yer kaplar. Geli\u015fmi\u015f performans\u0131, dayan\u0131kl\u0131 g\u00f6vde yap\u0131s\u0131 ile desteklenir. Uzun s\u00fcreli kullan\u0131mlarda kararl\u0131 sonu\u00e7lar sunar.<\/p>\n<p data-start=\"4077\" data-end=\"4132\">\n","protected":false},"excerpt":{"rendered":"<ul>\n<li data-start=\"2873\" data-end=\"2911\">Etiket \u00fcretimi ve yap\u0131\u015fma g\u00fcc\u00fc testi<\/li>\n<li data-start=\"2914\" data-end=\"2957\">Ambalaj end\u00fcstrisinde film \u00e7ekme testleri<\/li>\n<li data-start=\"2960\" data-end=\"3016\">Elektronik \u00fcr\u00fcnlerde y\u00fczey ve montaj dayan\u0131m\u0131 testleri<\/li>\n<li data-start=\"3019\" data-end=\"3054\">Kompozit film performans testleri<\/li>\n<li data-start=\"3057\" data-end=\"3121\">Bant, suni deri, dokuma torbalar \u00fczerinde soyulma kuvveti \u00f6l\u00e7\u00fcm\u00fc<\/li>\n<li data-start=\"3762\" data-end=\"3795\"><strong data-start=\"3762\" data-end=\"3781\">Kuvvet Aral\u0131\u011f\u0131:<\/strong> 5N ila 200N<\/li>\n<li data-start=\"3762\" data-end=\"3795\"><strong data-start=\"3798\" data-end=\"3811\">G\u00fc\u00e7 Kayna\u011f\u0131: AC 220V, 50HzDo\u011fruluk:<\/strong> \u00b1%0.5<\/li>\n<li><strong data-start=\"4077\" data-end=\"4096\">Test Geni\u015fli\u011fi:<\/strong> 30 mm (standart), 50 mm (opsiyonel)<\/li>\n<li><strong data-start=\"3822\" data-end=\"3837\">\u00c7\u00f6z\u00fcn\u00fcrl\u00fck:<\/strong> 0.001N<\/li>\n<li><strong data-start=\"3849\" data-end=\"3865\">H\u0131z Aral\u0131\u011f\u0131:<\/strong> 1\u2013500 mm\/dk<\/li>\n<li data-start=\"3055\" data-end=\"3121\"><a href=\"https:\/\/denizmtl.com\/wp-content\/uploads\/2025\/07\/DTM-C.pdf\">Pdf i\u00e7in t\u0131klay\u0131n\u0131z.<\/a><\/li>\n<\/ul>\n<p>&nbsp;<br \/>\n<a class=\"wp-iletim-button\" href=\"https:\/\/wa.me\/905422584189?text=Merhaba%2C%20https%3A%2F%2Fdenizmtl.com%2Fmobilapp%2Fwp-json%2Fwp%2Fv2%2Fproduct%2F29794%20sayfas%C4%B1ndaki%20%C3%BCr%C3%BCnle%20ilgili%20fiyat%20ve%20demo%20talep%20etmek%20istiyorum.\" target=\"_blank\" rel=\"noopener\" style=\"display:inline-block;padding:10px 16px;border-radius:6px;color:#fff;text-decoration:none;font-weight:600;background:#334862;\">F\u0130YAT VE DEMO TALEP ET<\/a>\n","protected":false},"author":1,"featured_media":29820,"comment_status":"open","ping_status":"closed","template":"","meta":[],"product_brand":[],"product_cat":[18,100,63],"product_tag":[633,634,635,636,637,638],"class_list":{"0":"post-29794","1":"product","2":"type-product","3":"status-publish","4":"has-post-thumbnail","6":"product_cat-insize","7":"product_cat-test-cihazlari","8":"product_cat-yeni-urunler","9":"product_tag-dokunmatik-test-cihazi","10":"product_tag-dtm-b10","11":"product_tag-insize-test-cihazi","12":"product_tag-malzeme-yuzey-test-cihazi","13":"product_tag-statik-dinamik-surtunme","14":"product_tag-surtunme-test-cihazi","16":"first","17":"instock","18":"shipping-taxable","19":"product-type-simple"},"_links":{"self":[{"href":"https:\/\/denizmtl.com\/mobilapp\/wp-json\/wp\/v2\/product\/29794","targetHints":{"allow":["GET"]}}],"collection":[{"href":"https:\/\/denizmtl.com\/mobilapp\/wp-json\/wp\/v2\/product"}],"about":[{"href":"https:\/\/denizmtl.com\/mobilapp\/wp-json\/wp\/v2\/types\/product"}],"author":[{"embeddable":true,"href":"https:\/\/denizmtl.com\/mobilapp\/wp-json\/wp\/v2\/users\/1"}],"replies":[{"embeddable":true,"href":"https:\/\/denizmtl.com\/mobilapp\/wp-json\/wp\/v2\/comments?post=29794"}],"wp:featuredmedia":[{"embeddable":true,"href":"https:\/\/denizmtl.com\/mobilapp\/wp-json\/wp\/v2\/media\/29820"}],"wp:attachment":[{"href":"https:\/\/denizmtl.com\/mobilapp\/wp-json\/wp\/v2\/media?parent=29794"}],"wp:term":[{"taxonomy":"product_brand","embeddable":true,"href":"https:\/\/denizmtl.com\/mobilapp\/wp-json\/wp\/v2\/product_brand?post=29794"},{"taxonomy":"product_cat","embeddable":true,"href":"https:\/\/denizmtl.com\/mobilapp\/wp-json\/wp\/v2\/product_cat?post=29794"},{"taxonomy":"product_tag","embeddable":true,"href":"https:\/\/denizmtl.com\/mobilapp\/wp-json\/wp\/v2\/product_tag?post=29794"}],"curies":[{"name":"wp","href":"https:\/\/api.w.org\/{rel}","templated":true}]}}