{"id":29793,"date":"2025-08-14T11:41:03","date_gmt":"2025-08-14T08:41:03","guid":{"rendered":"https:\/\/denizmtl.com\/mobilapp\/?post_type=product&#038;p=29793"},"modified":"2025-10-02T17:45:26","modified_gmt":"2025-10-02T14:45:26","slug":"insize-dtm-b-serisi-surtunme-test-cihazlari","status":"publish","type":"product","link":"https:\/\/denizmtl.com\/mobilapp\/urunler\/insize-dtm-b-serisi-surtunme-test-cihazlari\/","title":{"rendered":"INSIZE DTM-B Serisi S\u00fcrt\u00fcnme Test Cihazlar\u0131"},"content":{"rendered":"<p>INSIZE DTM-B Serisi S\u00fcrt\u00fcnme Test Cihazlar\u0131 \u2013 Statik ve Dinamik S\u00fcrt\u00fcnme \u00d6l\u00e7\u00fcm\u00fc \u0130\u00e7in Profesyonel \u00c7\u00f6z\u00fcm<\/p>\n<p>INSIZE DTM-B10 s\u00fcrt\u00fcnme test cihaz\u0131, plastikten tekstile kadar bir\u00e7ok malzeme \u00fczerinde statik ve dinamik s\u00fcrt\u00fcnme katsay\u0131s\u0131 \u00f6l\u00e7\u00fcm\u00fc yapar. 7 in\u00e7 dokunmatik ekran ve y\u00fcksek hassasiyetle laboratuvarlar i\u00e7in idealdir.<\/p>\n<p data-start=\"1181\" data-end=\"1273\"><strong data-start=\"1181\" data-end=\"1273\">INSIZE DTM-B Serisi S\u00fcrt\u00fcnme Test Cihazlar\u0131: Y\u00fczey Performans\u0131n\u0131 \u00d6l\u00e7menin En Hassas Yolu<\/strong><\/p>\n<p data-start=\"1275\" data-end=\"1619\">INSIZE DTM-B serisi s\u00fcrt\u00fcnme test cihazlar\u0131, malzeme y\u00fczeylerinin s\u00fcrt\u00fcnme karakteristiklerini de\u011ferlendirmek i\u00e7in \u00f6zel olarak geli\u015ftirilmi\u015ftir. S\u00fcrt\u00fcnme katsay\u0131s\u0131n\u0131 statik ve dinamik olarak test edebilen bu cihazlar; plastik filmler, k\u00e2\u011f\u0131t, kau\u00e7uk, tekstil, metal bantlar, kablolar, fren balatalar\u0131 ve \u00e7ok daha fazlas\u0131 \u00fczerinde kullan\u0131labilir.<\/p>\n<p data-start=\"1621\" data-end=\"1660\"><strong data-start=\"1621\" data-end=\"1660\">End\u00fcstri Standartlar\u0131na Uyumlu Test<\/strong><\/p>\n<p data-start=\"1662\" data-end=\"1900\">DTM-B serisi cihazlar; GB\/T 10006, ISO 8295, ASTM D1894, TAPPI T816 ve HG\/T 2729 gibi uluslararas\u0131 test standartlar\u0131na tam uyum sa\u011flar. Bu sayede kalite kontrol departmanlar\u0131 ve laboratuvarlar, global ge\u00e7erlili\u011fe sahip raporlar sunabilir.<\/p>\n<p data-start=\"1902\" data-end=\"1940\"><strong data-start=\"1902\" data-end=\"1940\">\u00dc\u00e7 Model, \u00dc\u00e7 Farkl\u0131 Kuvvet Aral\u0131\u011f\u0131<\/strong><\/p>\n<ul data-start=\"1942\" data-end=\"2028\">\n<li data-start=\"1942\" data-end=\"1970\">\n<p data-start=\"1944\" data-end=\"1970\"><strong data-start=\"1944\" data-end=\"1956\">DTM-B05:<\/strong> Maksimum 5N<\/p>\n<\/li>\n<li data-start=\"1971\" data-end=\"2000\">\n<p data-start=\"1973\" data-end=\"2000\"><strong data-start=\"1973\" data-end=\"1985\">DTM-B10:<\/strong> Maksimum 10N<\/p>\n<\/li>\n<li data-start=\"2001\" data-end=\"2028\">\n<p data-start=\"2003\" data-end=\"2028\"><strong data-start=\"2003\" data-end=\"2015\">DTM-B30:<\/strong> Maksimum 30N<\/p>\n<\/li>\n<\/ul>\n<p data-start=\"2030\" data-end=\"2186\">Bu farkl\u0131 kapasiteler, hem ince malzemeler (\u00f6rne\u011fin film, k\u00e2\u011f\u0131t) hem de daha kal\u0131n ve sert malzemeler (\u00f6rne\u011fin deri, lastik) \u00fczerinde do\u011fru sonu\u00e7lar sa\u011flar.<\/p>\n<p data-start=\"2188\" data-end=\"2225\"><strong data-start=\"2188\" data-end=\"2225\">Y\u00fcksek Hassasiyet, Y\u00fcksek Kontrol<\/strong><\/p>\n<ul data-start=\"2227\" data-end=\"2375\">\n<li data-start=\"2227\" data-end=\"2264\">\n<p data-start=\"2229\" data-end=\"2264\"><strong data-start=\"2229\" data-end=\"2256\">Test kuvveti do\u011frulu\u011fu:<\/strong> \u00b1%0.5<\/p>\n<\/li>\n<li data-start=\"2265\" data-end=\"2299\">\n<p data-start=\"2267\" data-end=\"2299\"><strong data-start=\"2267\" data-end=\"2290\">Kuvvet \u00e7\u00f6z\u00fcn\u00fcrl\u00fc\u011f\u00fc:<\/strong> 0.001N<\/p>\n<\/li>\n<li data-start=\"2300\" data-end=\"2332\">\n<p data-start=\"2302\" data-end=\"2332\"><strong data-start=\"2302\" data-end=\"2318\">H\u0131z aral\u0131\u011f\u0131:<\/strong> 1\u2013800 mm\/dk<\/p>\n<\/li>\n<li data-start=\"2333\" data-end=\"2375\">\n<p data-start=\"2335\" data-end=\"2375\"><strong data-start=\"2335\" data-end=\"2362\">Kuvvet kontrol aral\u0131\u011f\u0131:<\/strong> %0.5\u2013%100 FS<\/p>\n<\/li>\n<\/ul>\n<p data-start=\"2377\" data-end=\"2493\">Y\u00fczey karakteristi\u011fi testlerinde bu d\u00fczeyde hassasiyet, \u00f6zellikle \u00fcr\u00fcn kar\u015f\u0131la\u015ft\u0131rmalar\u0131nda g\u00fcvenilir veriler sunar.<\/p>\n<p data-start=\"2495\" data-end=\"2534\"><strong data-start=\"2495\" data-end=\"2534\">7\u201d Dokunmatik Ekran ve USB Ba\u011flant\u0131<\/strong><\/p>\n<p data-start=\"2536\" data-end=\"2798\">Cihaz, kullan\u0131c\u0131 dostu <strong data-start=\"2559\" data-end=\"2595\">7 in\u00e7 dokunmatik ekran aray\u00fcz\u00fcne<\/strong> sahiptir. Bu ekran arac\u0131l\u0131\u011f\u0131yla test parametreleri kolayca ayarlanabilir ve sonu\u00e7lar anl\u0131k olarak izlenebilir. USB aray\u00fcz\u00fc sayesinde veriler kolayca d\u0131\u015fa aktar\u0131labilir ve bilgisayarda analiz edilebilir.<\/p>\n<p data-start=\"2800\" data-end=\"2845\"><strong data-start=\"2800\" data-end=\"2845\">Manyetik Art\u0131k ve S\u0131f\u0131rlama \u0130yile\u015ftirmesi<\/strong><\/p>\n<p data-start=\"2847\" data-end=\"3066\">Cihaz\u0131n hem s\u00fcrt\u00fcnme tablas\u0131 hem de s\u00fcrg\u00fc \u00fcnitesi, art\u0131k manyetizmiyi engelleyen ve test hatas\u0131n\u0131 minimize eden \u00f6zel bir i\u015flemden ge\u00e7irilmi\u015ftir. Bu sayede sistemin genel do\u011frulu\u011fu artar ve tekrar edilebilirlik sa\u011flan\u0131r.<\/p>\n<p data-start=\"3068\" data-end=\"3089\"><strong data-start=\"3068\" data-end=\"3089\">Teslimat \u0130\u00e7eri\u011fi:<\/strong><\/p>\n<ul>\n<li data-start=\"3093\" data-end=\"3104\">Ana cihaz<\/li>\n<li data-start=\"3107\" data-end=\"3123\">200g kayd\u0131r\u0131c\u0131<\/li>\n<li data-start=\"3126\" data-end=\"3144\">Ba\u011flant\u0131 aparat\u0131<\/li>\n<li data-start=\"3147\" data-end=\"3161\">300g a\u011f\u0131rl\u0131k<\/li>\n<li data-start=\"3164\" data-end=\"3177\">Retainer blok<\/li>\n<\/ul>\n<p data-start=\"3179\" data-end=\"3205\"><strong data-start=\"3179\" data-end=\"3205\">Opsiyonel Aksesuarlar:<\/strong><\/p>\n<ul>\n<li data-start=\"3209\" data-end=\"3255\">Farkl\u0131 a\u011f\u0131rl\u0131klar (100g, 800g, 1641g, 1800g)<\/li>\n<li data-start=\"3258\" data-end=\"3279\">Farkl\u0131 kayd\u0131r\u0131c\u0131lar<\/li>\n<li data-start=\"3282\" data-end=\"3333\">Yast\u0131kl\u0131 (non-cushioned) veya \u00f6zel ba\u011flant\u0131 aparat\u0131<\/li>\n<\/ul>\n<p data-start=\"3335\" data-end=\"3357\"><strong data-start=\"3335\" data-end=\"3357\">Uygulama Alanlar\u0131:<\/strong><\/p>\n<ul>\n<li data-start=\"3361\" data-end=\"3399\">Plastik film \u00fcretimi ve kalite testi<\/li>\n<li data-start=\"3402\" data-end=\"3433\">Ka\u011f\u0131t\/karton y\u00fczey analizleri<\/li>\n<li data-start=\"3436\" data-end=\"3467\">Tekstil y\u00fczey s\u00fcrt\u00fcnme \u00f6l\u00e7\u00fcm\u00fc<\/li>\n<li data-start=\"3470\" data-end=\"3512\">Lastik ve fren balatas\u0131 performans testi<\/li>\n<li data-start=\"3515\" data-end=\"3542\">Konvey\u00f6r bant malzemeleri<\/li>\n<li data-start=\"3545\" data-end=\"3584\">Paketleme malzemeleri kar\u015f\u0131la\u015ft\u0131rmalar\u0131<\/li>\n<\/ul>\n<p data-start=\"3586\" data-end=\"3616\"><strong data-start=\"3586\" data-end=\"3616\">Neden INSIZE DTM-B Serisi?<\/strong><\/p>\n<ul>\n<li data-start=\"3620\" data-end=\"3679\">Statik ve dinamik s\u00fcrt\u00fcnme testlerini ayn\u0131 anda yapabilir<\/li>\n<li data-start=\"3682\" data-end=\"3720\">Uluslararas\u0131 standartlara uygun test<\/li>\n<li data-start=\"3723\" data-end=\"3767\">Y\u00fcksek \u00e7\u00f6z\u00fcn\u00fcrl\u00fckl\u00fc kuvvet ve h\u0131z kontrol\u00fc<\/li>\n<li data-start=\"3770\" data-end=\"3814\">Dokunmatik ekranla h\u0131zl\u0131 ve kolay kullan\u0131m<\/li>\n<li data-start=\"3817\" data-end=\"3840\">USB ile veri aktar\u0131m\u0131<\/li>\n<li data-start=\"3843\" data-end=\"3888\">Geni\u015f aksesuar yelpazesiyle her ihtiyaca uyum<\/li>\n<\/ul>\n<p data-start=\"3902\" data-end=\"4165\">INSIZE DTM-B serisi s\u00fcrt\u00fcnme test cihazlar\u0131, y\u00fczey m\u00fchendisli\u011fi ve \u00fcr\u00fcn kalitesi testlerinde hassasiyeti ve kullan\u0131m kolayl\u0131\u011f\u0131n\u0131 bir araya getiriyor. Malzeme y\u00fczeyi ile ilgili her detay\u0131 \u00f6\u011frenmek isteyen laboratuvarlar ve kalite departmanlar\u0131 i\u00e7in vazge\u00e7ilmezdir.<\/p>\n","protected":false},"excerpt":{"rendered":"<ul>\n<li data-start=\"3620\" data-end=\"3679\">Statik ve dinamik s\u00fcrt\u00fcnme testlerini ayn\u0131 anda yapabilir<\/li>\n<li data-start=\"3682\" data-end=\"3720\">Uluslararas\u0131 standartlara uygun test<\/li>\n<li data-start=\"3723\" data-end=\"3767\">Y\u00fcksek \u00e7\u00f6z\u00fcn\u00fcrl\u00fckl\u00fc kuvvet ve h\u0131z kontrol\u00fc<\/li>\n<li data-start=\"3770\" data-end=\"3814\">Dokunmatik ekranla h\u0131zl\u0131 ve kolay kullan\u0131m<\/li>\n<li data-start=\"3817\" data-end=\"3840\">USB ile veri aktar\u0131m\u0131<\/li>\n<li data-start=\"3843\" data-end=\"3888\">Geni\u015f aksesuar yelpazesiyle her ihtiyaca uyum,<\/li>\n<li data-start=\"3843\" data-end=\"3888\"><a href=\"https:\/\/denizmtl.com\/wp-content\/uploads\/2025\/07\/DTM-B.pdf\"><strong>Pdf i\u00e7in t\u0131klay\u0131n\u0131z.<\/strong><\/a><\/li>\n<\/ul>\n<p>&nbsp;<br \/>\n<a class=\"wp-iletim-button\" href=\"https:\/\/wa.me\/905422584189?text=Merhaba%2C%20https%3A%2F%2Fdenizmtl.com%2Fmobilapp%2Fwp-json%2Fwp%2Fv2%2Fproduct%2F29793%20sayfas%C4%B1ndaki%20%C3%BCr%C3%BCnle%20ilgili%20fiyat%20ve%20demo%20talep%20etmek%20istiyorum.\" target=\"_blank\" rel=\"noopener\" style=\"display:inline-block;padding:10px 16px;border-radius:6px;color:#fff;text-decoration:none;font-weight:600;background:#334862;\">F\u0130YAT VE DEMO TALEP ET<\/a>\n","protected":false},"author":1,"featured_media":29819,"comment_status":"open","ping_status":"closed","template":"","meta":[],"product_brand":[],"product_cat":[18,100,63],"product_tag":[633,634,635,636,637,638],"class_list":{"0":"post-29793","1":"product","2":"type-product","3":"status-publish","4":"has-post-thumbnail","6":"product_cat-insize","7":"product_cat-test-cihazlari","8":"product_cat-yeni-urunler","9":"product_tag-dokunmatik-test-cihazi","10":"product_tag-dtm-b10","11":"product_tag-insize-test-cihazi","12":"product_tag-malzeme-yuzey-test-cihazi","13":"product_tag-statik-dinamik-surtunme","14":"product_tag-surtunme-test-cihazi","16":"first","17":"instock","18":"shipping-taxable","19":"product-type-simple"},"_links":{"self":[{"href":"https:\/\/denizmtl.com\/mobilapp\/wp-json\/wp\/v2\/product\/29793","targetHints":{"allow":["GET"]}}],"collection":[{"href":"https:\/\/denizmtl.com\/mobilapp\/wp-json\/wp\/v2\/product"}],"about":[{"href":"https:\/\/denizmtl.com\/mobilapp\/wp-json\/wp\/v2\/types\/product"}],"author":[{"embeddable":true,"href":"https:\/\/denizmtl.com\/mobilapp\/wp-json\/wp\/v2\/users\/1"}],"replies":[{"embeddable":true,"href":"https:\/\/denizmtl.com\/mobilapp\/wp-json\/wp\/v2\/comments?post=29793"}],"wp:featuredmedia":[{"embeddable":true,"href":"https:\/\/denizmtl.com\/mobilapp\/wp-json\/wp\/v2\/media\/29819"}],"wp:attachment":[{"href":"https:\/\/denizmtl.com\/mobilapp\/wp-json\/wp\/v2\/media?parent=29793"}],"wp:term":[{"taxonomy":"product_brand","embeddable":true,"href":"https:\/\/denizmtl.com\/mobilapp\/wp-json\/wp\/v2\/product_brand?post=29793"},{"taxonomy":"product_cat","embeddable":true,"href":"https:\/\/denizmtl.com\/mobilapp\/wp-json\/wp\/v2\/product_cat?post=29793"},{"taxonomy":"product_tag","embeddable":true,"href":"https:\/\/denizmtl.com\/mobilapp\/wp-json\/wp\/v2\/product_tag?post=29793"}],"curies":[{"name":"wp","href":"https:\/\/api.w.org\/{rel}","templated":true}]}}