{"id":29788,"date":"2025-08-14T11:41:01","date_gmt":"2025-08-14T08:41:01","guid":{"rendered":"https:\/\/denizmtl.com\/mobilapp\/?post_type=product&#038;p=29788"},"modified":"2025-10-02T17:45:33","modified_gmt":"2025-10-02T14:45:33","slug":"insize-tat-serisi-yuksek-sicaklik-kabinleri","status":"publish","type":"product","link":"https:\/\/denizmtl.com\/mobilapp\/urunler\/insize-tat-serisi-yuksek-sicaklik-kabinleri\/","title":{"rendered":"INSIZE TAT Serisi Y\u00fcksek S\u0131cakl\u0131k Kabinleri"},"content":{"rendered":"<p>INSIZE TAT Serisi Y\u00fcksek S\u0131cakl\u0131k Test Kabinleri \u2013 260\u00b0C\u2019ye Kadar Geni\u015f Hacimli Is\u0131l Dayan\u0131m Testi<\/p>\n<p>INSIZE TAT y\u00fcksek s\u0131cakl\u0131k kabinleri, 72L\u2019den 1000L\u2019ye kadar kapasite ve 260\u00b0C\u2019ye varan \u0131s\u0131 aral\u0131\u011f\u0131yla otomotiv, havac\u0131l\u0131k ve elektronik end\u00fcstrileri i\u00e7in ideal \u00e7evresel test \u00e7\u00f6z\u00fcm\u00fcd\u00fcr.<\/p>\n<p data-start=\"1171\" data-end=\"1281\"><strong data-start=\"1171\" data-end=\"1281\">INSIZE TAT Serisi Y\u00fcksek S\u0131cakl\u0131k Test Kabinleri: End\u00fcstriyel Kalite Kontrolde S\u0131cakl\u0131\u011fa Kar\u015f\u0131 G\u00fc\u00e7l\u00fc \u00c7\u00f6z\u00fcm<\/strong><\/p>\n<p data-start=\"1283\" data-end=\"1630\">INSIZE\u2019\u0131n TAT serisi y\u00fcksek s\u0131cakl\u0131k test kabinleri, otomotiv, elektronik, havac\u0131l\u0131k, malzeme ve savunma sanayi gibi sekt\u00f6rlerin \u0131s\u0131l dayan\u0131m test ihtiya\u00e7lar\u0131na y\u00f6nelik olarak geli\u015ftirilmi\u015ftir. Farkl\u0131 i\u00e7 hacim se\u00e7enekleri ile her \u00f6l\u00e7ekten \u00fcretim ve laboratuvar i\u00e7in ideal olan bu kabinler, 260\u00b0C\u2019ye kadar sabit ve kontroll\u00fc s\u0131cakl\u0131k ortam\u0131 sa\u011flar.<\/p>\n<p data-start=\"1632\" data-end=\"1678\"><strong data-start=\"1632\" data-end=\"1678\">Geni\u015f Hacim Se\u00e7enekleri ile Esnek Kullan\u0131m<\/strong><\/p>\n<p data-start=\"1680\" data-end=\"1722\">TAT serisi 4 farkl\u0131 modelde sunulmaktad\u0131r:<\/p>\n<ul>\n<li data-start=\"1725\" data-end=\"1753\"><strong data-start=\"1725\" data-end=\"1738\">TAT-B223:<\/strong> 72L i\u00e7 hacim<\/li>\n<li data-start=\"1756\" data-end=\"1785\"><strong data-start=\"1756\" data-end=\"1769\">TAT-D318:<\/strong> 150L i\u00e7 hacim<\/li>\n<li data-start=\"1788\" data-end=\"1817\"><strong data-start=\"1788\" data-end=\"1801\">TAT-L436:<\/strong> 270L i\u00e7 hacim<\/li>\n<li data-start=\"1820\" data-end=\"1880\"><strong data-start=\"1820\" data-end=\"1833\">TAT-K527:<\/strong> 1000L i\u00e7 hacim (y\u00fcksek hacimli prosesler i\u00e7in)<\/li>\n<\/ul>\n<p data-start=\"1882\" data-end=\"1990\">Bu sayede hem masa\u00fcst\u00fc Ar-Ge laboratuvarlar\u0131 hem de b\u00fcy\u00fck \u00f6l\u00e7ekli \u00fcretim hatlar\u0131 i\u00e7in uyumlu \u00e7\u00f6z\u00fcmler sunar.<\/p>\n<p data-start=\"1992\" data-end=\"2028\"><strong data-start=\"1992\" data-end=\"2028\">260\u00b0C\u2019ye Kadar G\u00fcvenli Is\u0131l Test<\/strong><\/p>\n<p data-start=\"2030\" data-end=\"2112\">Cihazlar, ortam s\u0131cakl\u0131\u011f\u0131n\u0131n 10\u00b0C \u00fczerinden ba\u015flayarak 260\u00b0C&#8217;ye kadar \u00e7\u0131kabilir.<\/p>\n<ul>\n<li data-start=\"2115\" data-end=\"2143\"><strong data-start=\"2115\" data-end=\"2136\">S\u0131cakl\u0131k sapmas\u0131:<\/strong> \u00b12\u00b0C<\/li>\n<li data-start=\"2146\" data-end=\"2195\"><strong data-start=\"2146\" data-end=\"2186\">S\u0131cakl\u0131k dalgalanmas\u0131 (fluctuation):<\/strong> \u00b10.5\u00b0C<\/li>\n<li data-start=\"2198\" data-end=\"2239\"><strong data-start=\"2198\" data-end=\"2231\">Is\u0131 homojenli\u011fi (uniformity):<\/strong> \u22642.5%<\/li>\n<\/ul>\n<p data-start=\"2241\" data-end=\"2353\">Bu teknik \u00fcst\u00fcnl\u00fckler sayesinde test edilen \u00fcr\u00fcn\u00fcn her noktas\u0131nda e\u015fit ve tekrarlanabilir \u0131s\u0131 da\u011f\u0131l\u0131m\u0131 sa\u011flan\u0131r.<\/p>\n<p data-start=\"2355\" data-end=\"2387\"><strong data-start=\"2355\" data-end=\"2387\">G\u00fc\u00e7l\u00fc Sirk\u00fclasyon ve So\u011futma<\/strong><\/p>\n<p data-start=\"2389\" data-end=\"2606\">Zor ko\u015fullarda bile kararl\u0131 \u0131s\u0131 da\u011f\u0131l\u0131m\u0131 sa\u011flayan <strong data-start=\"2439\" data-end=\"2499\">zorlanm\u0131\u015f hava sirk\u00fclasyonu (forced hot air circulation)<\/strong> sistemi ile \u00e7al\u0131\u015f\u0131r. Bu sistem, fan destekli i\u00e7 hava ak\u0131m\u0131yla s\u0131cakl\u0131\u011f\u0131n dengeli yay\u0131lmas\u0131n\u0131 garantiler.<\/p>\n<ul data-start=\"2607\" data-end=\"2697\">\n<li data-start=\"2607\" data-end=\"2648\">\n<p data-start=\"2609\" data-end=\"2648\"><strong data-start=\"2609\" data-end=\"2625\">Is\u0131tma h\u0131z\u0131:<\/strong> \u22653.5\u00b0C\/dk (RT~260\u00b0C)<\/p>\n<\/li>\n<li data-start=\"2649\" data-end=\"2697\">\n<p data-start=\"2651\" data-end=\"2697\"><strong data-start=\"2651\" data-end=\"2671\">So\u011futma sistemi:<\/strong> do\u011fal so\u011fuma (model d\u0131\u015f\u0131)<\/p>\n<\/li>\n<\/ul>\n<p data-start=\"2699\" data-end=\"2746\"><strong data-start=\"2699\" data-end=\"2746\">Dokunmatik Ekran ve Uzaktan Kontrol Deste\u011fi<\/strong><\/p>\n<p data-start=\"2748\" data-end=\"2965\">Her cihaz, kullan\u0131c\u0131 dostu <strong data-start=\"2775\" data-end=\"2803\">dokunmatik ekranl\u0131 panel<\/strong> ile kontrol edilir. Ayr\u0131ca cihaz yaz\u0131l\u0131m\u0131 uzaktan kontrol deste\u011fi sunar. Bu, operat\u00f6r\u00fcn farkl\u0131 noktadan test s\u00fcrecini izleyip m\u00fcdahale edebilmesini m\u00fcmk\u00fcn k\u0131lar.<\/p>\n<p data-start=\"2967\" data-end=\"3003\"><strong data-start=\"2967\" data-end=\"3003\">G\u00fcvenlik ve Yap\u0131sal Dayan\u0131kl\u0131l\u0131k<\/strong><\/p>\n<ul>\n<li data-start=\"3007\" data-end=\"3067\">G\u00f6vde i\u00e7 y\u00fczey: Paslanmaz \u00e7elik (kolay temizlenebilir)<\/li>\n<li data-start=\"3070\" data-end=\"3125\">D\u0131\u015f g\u00f6vde: Lake kaplamal\u0131 so\u011fuk haddelenmi\u015f \u00e7elik<\/li>\n<li data-start=\"3128\" data-end=\"3262\">G\u00fcvenlik: S\u0131z\u0131nt\u0131 koruma, a\u015f\u0131r\u0131 s\u0131cakl\u0131k uyar\u0131s\u0131, a\u015f\u0131r\u0131 y\u00fck korumas\u0131 gibi \u00e7oklu koruma sistemleri cihazda standart olarak sunulur.<\/li>\n<\/ul>\n<p data-start=\"3264\" data-end=\"3286\"><strong data-start=\"3264\" data-end=\"3286\">Kullan\u0131m Alanlar\u0131:<\/strong><\/p>\n<ul>\n<li data-start=\"3290\" data-end=\"3334\">Otomotiv par\u00e7alar\u0131n\u0131n \u0131s\u0131l \u00e7evrim testleri<\/li>\n<li data-start=\"3337\" data-end=\"3389\">Elektronik komponentlerin y\u00fcksek s\u0131cakl\u0131k dayan\u0131m\u0131<\/li>\n<li data-start=\"3392\" data-end=\"3447\">Plastik, kau\u00e7uk, polimer ve kompozit malzeme testleri<\/li>\n<li data-start=\"3450\" data-end=\"3480\">PCB kart \u0131s\u0131l stres dayan\u0131m\u0131<\/li>\n<li data-start=\"3483\" data-end=\"3549\">Y\u00fcksek s\u0131cakl\u0131\u011fa maruz kalan end\u00fcstriyel \u00fcr\u00fcnlerin kalite kontrol\u00fc<\/li>\n<\/ul>\n<p data-start=\"3551\" data-end=\"3579\"><strong data-start=\"3551\" data-end=\"3579\">Neden INSIZE TAT Serisi?<\/strong><\/p>\n<ul>\n<li data-start=\"3583\" data-end=\"3626\">260\u00b0C\u2019ye kadar \u00e7\u0131kabilen s\u0131cakl\u0131k aral\u0131\u011f\u0131<\/li>\n<li data-start=\"3629\" data-end=\"3678\">72L&#8217;den 1000L&#8217;ye kadar farkl\u0131 hacim se\u00e7enekleri<\/li>\n<li data-start=\"3681\" data-end=\"3724\">G\u00fc\u00e7l\u00fc sirk\u00fclasyon ve kararl\u0131 \u0131s\u0131 da\u011f\u0131l\u0131m\u0131<\/li>\n<li data-start=\"3727\" data-end=\"3763\">Dokunmatik ekran ile kolay kontrol<\/li>\n<li data-start=\"3766\" data-end=\"3794\">Uzaktan yaz\u0131l\u0131m ba\u011flant\u0131s\u0131<\/li>\n<li data-start=\"3797\" data-end=\"3843\">End\u00fcstri standartlar\u0131na uygun yap\u0131 ve g\u00fcvenlik<\/li>\n<\/ul>\n<p data-start=\"3845\" data-end=\"3855\">INSIZE TAT serisi y\u00fcksek s\u0131cakl\u0131k test kabinleri, \u00fcretimden laboratuvara kadar her alanda kaliteyi garanti alt\u0131na alacak g\u00fc\u00e7l\u00fc ve g\u00fcvenilir \u00e7\u00f6z\u00fcmler sunar. Y\u00fcksek s\u0131cakl\u0131k, y\u00fcksek hacim ve y\u00fcksek performans bu cihazlarda bir arada sunulmu\u015ftur.<\/p>\n","protected":false},"excerpt":{"rendered":"<ul>\n<li data-start=\"3583\" data-end=\"3626\">260\u00b0C\u2019ye kadar \u00e7\u0131kabilen s\u0131cakl\u0131k aral\u0131\u011f\u0131<\/li>\n<li data-start=\"3629\" data-end=\"3678\">72L&#8217;den 1000L&#8217;ye kadar farkl\u0131 hacim se\u00e7enekleri<\/li>\n<li data-start=\"3681\" data-end=\"3724\">G\u00fc\u00e7l\u00fc sirk\u00fclasyon ve kararl\u0131 \u0131s\u0131 da\u011f\u0131l\u0131m\u0131<\/li>\n<li data-start=\"3727\" data-end=\"3763\">Dokunmatik ekran ile kolay kontrol<\/li>\n<li data-start=\"3766\" data-end=\"3794\">Uzaktan yaz\u0131l\u0131m ba\u011flant\u0131s\u0131<\/li>\n<li data-start=\"3797\" data-end=\"3843\">End\u00fcstri standartlar\u0131na uygun yap\u0131 ve g\u00fcvenlik<\/li>\n<li data-start=\"3797\" data-end=\"3843\"><a href=\"https:\/\/denizmtl.com\/wp-content\/uploads\/2025\/07\/TAT-B223.pdf\"><strong>Pdf i\u00e7in t\u0131klay\u0131n\u0131z.<\/strong><\/a><\/li>\n<\/ul>\n<p>&nbsp;<br \/>\n<a class=\"wp-iletim-button\" href=\"https:\/\/wa.me\/905422584189?text=Merhaba%2C%20https%3A%2F%2Fdenizmtl.com%2Fmobilapp%2Fwp-json%2Fwp%2Fv2%2Fproduct%2F29788%20sayfas%C4%B1ndaki%20%C3%BCr%C3%BCnle%20ilgili%20fiyat%20ve%20demo%20talep%20etmek%20istiyorum.\" target=\"_blank\" rel=\"noopener\" style=\"display:inline-block;padding:10px 16px;border-radius:6px;color:#fff;text-decoration:none;font-weight:600;background:#334862;\">F\u0130YAT VE DEMO TALEP ET<\/a>\n","protected":false},"author":1,"featured_media":29818,"comment_status":"open","ping_status":"closed","template":"","meta":[],"product_brand":[],"product_cat":[18,100,63],"product_tag":[627,628,629,630,631,632],"class_list":{"0":"post-29788","1":"product","2":"type-product","3":"status-publish","4":"has-post-thumbnail","6":"product_cat-insize","7":"product_cat-test-cihazlari","8":"product_cat-yeni-urunler","9":"product_tag-260c-test-odasi","10":"product_tag-cevresel-test-kabini","11":"product_tag-insize-tat-serisi","12":"product_tag-isi-test-kabini","13":"product_tag-sicaklik-cevrim-kabini","14":"product_tag-yuksek-sicaklik-test-cihazi","16":"first","17":"instock","18":"shipping-taxable","19":"product-type-variable"},"_links":{"self":[{"href":"https:\/\/denizmtl.com\/mobilapp\/wp-json\/wp\/v2\/product\/29788","targetHints":{"allow":["GET"]}}],"collection":[{"href":"https:\/\/denizmtl.com\/mobilapp\/wp-json\/wp\/v2\/product"}],"about":[{"href":"https:\/\/denizmtl.com\/mobilapp\/wp-json\/wp\/v2\/types\/product"}],"author":[{"embeddable":true,"href":"https:\/\/denizmtl.com\/mobilapp\/wp-json\/wp\/v2\/users\/1"}],"replies":[{"embeddable":true,"href":"https:\/\/denizmtl.com\/mobilapp\/wp-json\/wp\/v2\/comments?post=29788"}],"wp:featuredmedia":[{"embeddable":true,"href":"https:\/\/denizmtl.com\/mobilapp\/wp-json\/wp\/v2\/media\/29818"}],"wp:attachment":[{"href":"https:\/\/denizmtl.com\/mobilapp\/wp-json\/wp\/v2\/media?parent=29788"}],"wp:term":[{"taxonomy":"product_brand","embeddable":true,"href":"https:\/\/denizmtl.com\/mobilapp\/wp-json\/wp\/v2\/product_brand?post=29788"},{"taxonomy":"product_cat","embeddable":true,"href":"https:\/\/denizmtl.com\/mobilapp\/wp-json\/wp\/v2\/product_cat?post=29788"},{"taxonomy":"product_tag","embeddable":true,"href":"https:\/\/denizmtl.com\/mobilapp\/wp-json\/wp\/v2\/product_tag?post=29788"}],"curies":[{"name":"wp","href":"https:\/\/api.w.org\/{rel}","templated":true}]}}