{"id":29786,"date":"2025-08-14T11:41:01","date_gmt":"2025-08-14T08:41:01","guid":{"rendered":"https:\/\/denizmtl.com\/mobilapp\/?post_type=product&#038;p=29786"},"modified":"2025-10-02T17:45:25","modified_gmt":"2025-10-02T14:45:25","slug":"insize-plus-ism-vr-serisi-stereo-mikroskoplar","status":"publish","type":"product","link":"https:\/\/denizmtl.com\/mobilapp\/urunler\/insize-plus-ism-vr-serisi-stereo-mikroskoplar\/","title":{"rendered":"INSIZE PLUS ISM-VR Serisi Stereo Mikroskoplar"},"content":{"rendered":"<p>INSIZE PLUS ISM-VR Stereo Mikroskoplar \u2013 Ergonomik Tasar\u0131m, 3D G\u00f6r\u00fcnt\u00fc, Geni\u015f Odak Mesafesi<\/p>\n<p>INSIZE ISM-VR serisi stereo mikroskoplar, g\u00f6zl\u00fck gerektirmeyen ergonomik tasar\u0131m\u0131 ve 3D g\u00f6r\u00fcnt\u00fcleme kabiliyetiyle di\u015f\u00e7ilikten elektronik montaja kadar t\u00fcm hassas uygulamalar i\u00e7in idealdir.<\/p>\n<p data-start=\"1063\" data-end=\"1155\"><strong data-start=\"1063\" data-end=\"1155\">INSIZE PLUS ISM-VR Serisi Stereo Mikroskoplar: Ergonomi, Derinlik ve Netlikte Yeni D\u00f6nem<\/strong><\/p>\n<p data-start=\"1157\" data-end=\"1427\">INSIZE PLUS taraf\u0131ndan Avrupa&#8217;da \u00fcretilen <strong data-start=\"1199\" data-end=\"1252\">ISM-VR serisi d\u00fc\u015f\u00fck b\u00fcy\u00fctmeli stereo mikroskoplar<\/strong>, kullan\u0131c\u0131ya ger\u00e7ek 3D g\u00f6r\u00fcnt\u00fcleme, uzun s\u00fcreli konfor ve y\u00fcksek odak uzakl\u0131\u011f\u0131 sunar. G\u00f6zl\u00fcks\u00fcz g\u00f6r\u00fcnt\u00fcleme tasar\u0131m\u0131 sayesinde \u00f6zellikle uzun s\u00fcreli \u00e7al\u0131\u015fmalar i\u00e7in idealdir.<\/p>\n<p data-start=\"1429\" data-end=\"1461\"><strong data-start=\"1429\" data-end=\"1461\">G\u00f6zl\u00fck Gerektirmeyen Tasar\u0131m<\/strong><\/p>\n<p data-start=\"1463\" data-end=\"1748\">ISM-VR serisi mikroskoplar, g\u00f6z yorgunlu\u011funu en aza indiren \u00f6zel \u201cviewer\u201d tasar\u0131m\u0131 sayesinde kullan\u0131c\u0131lar\u0131n g\u00f6zl\u00fck takmadan do\u011frudan g\u00f6r\u00fcnt\u00fcy\u00fc net \u015fekilde alg\u0131lamas\u0131n\u0131 sa\u011flar. Bu \u00f6zellik, optik sekt\u00f6r\u00fcnde \u00e7al\u0131\u015fanlar, di\u015f hekimleri ve elektronik teknisyenleri i\u00e7in b\u00fcy\u00fck avantaj sa\u011flar.<\/p>\n<p data-start=\"1750\" data-end=\"1794\"><strong data-start=\"1750\" data-end=\"1794\">Stereo 3D G\u00f6r\u00fcnt\u00fcleme ile Do\u011fru Derinlik<\/strong><\/p>\n<p data-start=\"1796\" data-end=\"2048\">Cihazlar, <strong data-start=\"1806\" data-end=\"1846\">stereoskopik g\u00f6r\u00fcnt\u00fcleme teknolojisi<\/strong> ile y\u00fcksek derinlik etkisi sa\u011flar. Bu \u00f6zellik el-g\u00f6z koordinasyonunu art\u0131r\u0131r, \u00f6zellikle hassas lehimleme, restorasyon veya mikromekanik montaj gibi uygulamalarda hatas\u0131z i\u015flem yap\u0131lmas\u0131n\u0131 m\u00fcmk\u00fcn k\u0131lar.<\/p>\n<p data-start=\"2050\" data-end=\"2079\"><strong data-start=\"2050\" data-end=\"2079\">Modeller ve Stand Tipleri<\/strong><\/p>\n<p data-start=\"2081\" data-end=\"2137\">ISM-VR mikroskoplar \u00fc\u00e7 ana stand tipi ile sunulmaktad\u0131r:<\/p>\n<ul data-start=\"2139\" data-end=\"2372\">\n<li data-start=\"2139\" data-end=\"2196\">\n<p data-start=\"2141\" data-end=\"2196\"><strong data-start=\"2141\" data-end=\"2174\">Crescent Stand (VR200\/VR250):<\/strong> Sabit kavisli stand<\/p>\n<\/li>\n<li data-start=\"2197\" data-end=\"2273\">\n<p data-start=\"2199\" data-end=\"2273\"><strong data-start=\"2199\" data-end=\"2230\">Square Stand (VR300\/VR350):<\/strong> Dikey y\u00fcksekli\u011fi ayarlanabilir d\u00fcz stand<\/p>\n<\/li>\n<li data-start=\"2274\" data-end=\"2372\">\n<p data-start=\"2276\" data-end=\"2372\"><strong data-start=\"2276\" data-end=\"2310\">Universal Stand (VR400\/VR450):<\/strong> Hem dikey hem yatay oynar yap\u0131 ile maksimum hareket \u00f6zg\u00fcrl\u00fc\u011f\u00fc<\/p>\n<\/li>\n<\/ul>\n<p data-start=\"2374\" data-end=\"2478\">Universal stand, sa\u011fa-sola ve yukar\u0131-a\u015fa\u011f\u0131 d\u00f6nebilir yap\u0131s\u0131yla masa \u00fczerinde geni\u015f \u00e7al\u0131\u015fma alan\u0131 sa\u011flar.<\/p>\n<p data-start=\"2480\" data-end=\"2526\"><strong data-start=\"2480\" data-end=\"2526\">4X, 6X ve Opsiyonel 8X B\u00fcy\u00fctme Se\u00e7enekleri<\/strong><\/p>\n<p data-start=\"2528\" data-end=\"2705\">Standart olarak 4X veya 6X b\u00fcy\u00fctme lensi ile sunulan mikroskoplar, opsiyonel <strong data-start=\"2605\" data-end=\"2620\">ISM-VR-08BX<\/strong> 8X objektif ile de uyumludur. Bu esneklik, farkl\u0131 b\u00fcy\u00fctme ihtiya\u00e7lar\u0131na uyum sa\u011flar.<\/p>\n<p data-start=\"2707\" data-end=\"2729\"><strong data-start=\"2707\" data-end=\"2729\">Teknik \u00d6zellikler:<\/strong><\/p>\n<div class=\"_tableContainer_80l1q_1\">\n<div class=\"_tableWrapper_80l1q_14 group flex w-fit flex-col-reverse\" tabindex=\"-1\">\n<table class=\"w-fit min-w-(--thread-content-width)\" data-start=\"2731\" data-end=\"3067\">\n<thead data-start=\"2731\" data-end=\"2784\">\n<tr data-start=\"2731\" data-end=\"2784\">\n<th data-start=\"2731\" data-end=\"2739\" data-col-size=\"sm\">Model<\/th>\n<th data-start=\"2739\" data-end=\"2750\" data-col-size=\"sm\">Objektif<\/th>\n<th data-start=\"2750\" data-end=\"2767\" data-col-size=\"sm\">Fokus Mesafesi<\/th>\n<th data-start=\"2767\" data-end=\"2784\" data-col-size=\"sm\">G\u00f6r\u00fc\u015f Alan\u0131<\/th>\n<\/tr>\n<\/thead>\n<tbody data-start=\"2840\" data-end=\"3067\">\n<tr data-start=\"2840\" data-end=\"2877\">\n<td data-start=\"2840\" data-end=\"2852\" data-col-size=\"sm\">ISM-VR200<\/td>\n<td data-col-size=\"sm\" data-start=\"2852\" data-end=\"2857\">4X<\/td>\n<td data-col-size=\"sm\" data-start=\"2857\" data-end=\"2865\">96 mm<\/td>\n<td data-col-size=\"sm\" data-start=\"2865\" data-end=\"2877\">\u00d827.5 mm<\/td>\n<\/tr>\n<tr data-start=\"2878\" data-end=\"2915\">\n<td data-start=\"2878\" data-end=\"2890\" data-col-size=\"sm\">ISM-VR250<\/td>\n<td data-col-size=\"sm\" data-start=\"2890\" data-end=\"2895\">6X<\/td>\n<td data-col-size=\"sm\" data-start=\"2895\" data-end=\"2903\">73 mm<\/td>\n<td data-col-size=\"sm\" data-start=\"2903\" data-end=\"2915\">\u00d819.2 mm<\/td>\n<\/tr>\n<tr data-start=\"2916\" data-end=\"2953\">\n<td data-start=\"2916\" data-end=\"2928\" data-col-size=\"sm\">ISM-VR300<\/td>\n<td data-col-size=\"sm\" data-start=\"2928\" data-end=\"2933\">4X<\/td>\n<td data-col-size=\"sm\" data-start=\"2933\" data-end=\"2941\">96 mm<\/td>\n<td data-col-size=\"sm\" data-start=\"2941\" data-end=\"2953\">\u00d827.5 mm<\/td>\n<\/tr>\n<tr data-start=\"2954\" data-end=\"2991\">\n<td data-start=\"2954\" data-end=\"2966\" data-col-size=\"sm\">ISM-VR350<\/td>\n<td data-col-size=\"sm\" data-start=\"2966\" data-end=\"2971\">6X<\/td>\n<td data-col-size=\"sm\" data-start=\"2971\" data-end=\"2979\">73 mm<\/td>\n<td data-col-size=\"sm\" data-start=\"2979\" data-end=\"2991\">\u00d819.2 mm<\/td>\n<\/tr>\n<tr data-start=\"2992\" data-end=\"3029\">\n<td data-start=\"2992\" data-end=\"3004\" data-col-size=\"sm\">ISM-VR400<\/td>\n<td data-col-size=\"sm\" data-start=\"3004\" data-end=\"3009\">4X<\/td>\n<td data-col-size=\"sm\" data-start=\"3009\" data-end=\"3017\">96 mm<\/td>\n<td data-col-size=\"sm\" data-start=\"3017\" data-end=\"3029\">\u00d827.5 mm<\/td>\n<\/tr>\n<tr data-start=\"3030\" data-end=\"3067\">\n<td data-start=\"3030\" data-end=\"3042\" data-col-size=\"sm\">ISM-VR450<\/td>\n<td data-col-size=\"sm\" data-start=\"3042\" data-end=\"3047\">6X<\/td>\n<td data-col-size=\"sm\" data-start=\"3047\" data-end=\"3055\">73 mm<\/td>\n<td data-col-size=\"sm\" data-start=\"3055\" data-end=\"3067\">\u00d819.2 mm<\/td>\n<\/tr>\n<\/tbody>\n<\/table>\n<div class=\"sticky end-(--thread-content-margin) h-0 self-end select-none\">\n<div class=\"absolute end-0 flex items-end\"><\/div>\n<\/div>\n<\/div>\n<\/div>\n<p data-start=\"3069\" data-end=\"3090\"><strong data-start=\"3069\" data-end=\"3090\">Teslimat \u0130\u00e7eri\u011fi:<\/strong><\/p>\n<ul data-start=\"3092\" data-end=\"3161\">\n<li data-start=\"3092\" data-end=\"3105\">\n<p data-start=\"3094\" data-end=\"3105\">Ana \u00fcnite<\/p>\n<\/li>\n<li data-start=\"3106\" data-end=\"3123\">\n<p data-start=\"3108\" data-end=\"3123\">Objektif lens<\/p>\n<\/li>\n<li data-start=\"3124\" data-end=\"3141\">\n<p data-start=\"3126\" data-end=\"3141\">I\u015f\u0131k adapt\u00f6r\u00fc<\/p>\n<\/li>\n<li data-start=\"3142\" data-end=\"3161\">\n<p data-start=\"3144\" data-end=\"3161\">Toz koruma kapa\u011f\u0131<\/p>\n<\/li>\n<\/ul>\n<p data-start=\"3163\" data-end=\"3185\"><strong data-start=\"3163\" data-end=\"3185\">Kullan\u0131m Alanlar\u0131:<\/strong><\/p>\n<ul>\n<li data-start=\"3189\" data-end=\"3254\"><strong data-start=\"3189\" data-end=\"3202\">Di\u015f\u00e7ilik:<\/strong> Endodonti ve protez i\u015flemlerinde detayl\u0131 inceleme<\/li>\n<li data-start=\"3257\" data-end=\"3313\"><strong data-start=\"3257\" data-end=\"3286\">M\u00fccevher ve ta\u015f i\u015f\u00e7ili\u011fi:<\/strong> K\u0131r\u0131k ve \u00e7atlak kontrol\u00fc<\/li>\n<li data-start=\"3316\" data-end=\"3375\"><strong data-start=\"3316\" data-end=\"3338\">Elektronik montaj:<\/strong> PCB lehimleme ve ince hat kontrol\u00fc<\/li>\n<li data-start=\"3378\" data-end=\"3415\"><strong data-start=\"3378\" data-end=\"3413\">Saat\u00e7ilik ve mikropar\u00e7a montaj\u0131<\/strong><\/li>\n<li data-start=\"3418\" data-end=\"3454\"><strong data-start=\"3418\" data-end=\"3454\">Sanatsal restorasyon \u00e7al\u0131\u015fmalar\u0131<\/strong><\/li>\n<\/ul>\n<p data-start=\"3456\" data-end=\"3480\"><strong data-start=\"3456\" data-end=\"3480\">Neden ISM-VR Serisi?<\/strong><\/p>\n<ul>\n<li data-start=\"3484\" data-end=\"3519\">Ergonomik ve g\u00f6z yormayan tasar\u0131m<\/li>\n<li data-start=\"3522\" data-end=\"3560\">3D g\u00f6r\u00fcnt\u00fc ile ger\u00e7ek derinlik hissi<\/li>\n<li data-start=\"3563\" data-end=\"3605\">Stand se\u00e7enekleriyle geni\u015f \u00e7al\u0131\u015fma alan\u0131<\/li>\n<li data-start=\"3608\" data-end=\"3641\">Avrupa \u00fcretimi kalite g\u00fcvencesi<\/li>\n<li data-start=\"3644\" data-end=\"3671\">Ta\u015f\u0131nabilir ve kompakt yap\u0131<\/li>\n<\/ul>\n<p data-start=\"3685\" data-end=\"3966\">ISM-VR serisi stereo mikroskoplar, yaln\u0131zca bir mikroskop de\u011fil; kullan\u0131c\u0131 konforunu, el-g\u00f6z koordinasyonunu ve i\u015f kalitesini art\u0131ran profesyonel \u00e7\u00f6z\u00fcmler sunar. G\u00f6zl\u00fcks\u00fcz kullan\u0131m, geni\u015f g\u00f6r\u00fc\u015f alan\u0131 ve mod\u00fcler yap\u0131s\u0131yla modern \u00fcretim, bak\u0131m ve onar\u0131m s\u00fcre\u00e7lerinin vazge\u00e7ilmezidir.<\/p>\n","protected":false},"excerpt":{"rendered":"<ul>\n<li data-start=\"3484\" data-end=\"3519\">Ergonomik ve g\u00f6z yormayan tasar\u0131m<\/li>\n<li data-start=\"3522\" data-end=\"3560\">3D g\u00f6r\u00fcnt\u00fc ile ger\u00e7ek derinlik hissi<\/li>\n<li data-start=\"3563\" data-end=\"3605\">Stand se\u00e7enekleriyle geni\u015f \u00e7al\u0131\u015fma alan\u0131<\/li>\n<li data-start=\"3608\" data-end=\"3641\">Avrupa \u00fcretimi kalite g\u00fcvencesi<\/li>\n<li data-start=\"3644\" data-end=\"3671\">Ta\u015f\u0131nabilir ve kompakt yap\u0131<\/li>\n<li data-start=\"3644\" data-end=\"3671\">Kullan\u0131m Alanlar\u0131:\u00a0<strong data-start=\"3189\" data-end=\"3202\">Di\u015f\u00e7ilik:<\/strong> Endodonti ve protez i\u015flemlerinde detayl\u0131 inceleme,<strong data-start=\"3257\" data-end=\"3286\">M\u00fccevher ve ta\u015f i\u015f\u00e7ili\u011fi:<\/strong> K\u0131r\u0131k ve \u00e7atlak kontrol\u00fc,<strong data-start=\"3316\" data-end=\"3338\">Elektronik montaj:<\/strong>PCB lehimleme ve ince hat kontrol\u00fc, <strong data-start=\"3378\" data-end=\"3413\">Saat\u00e7ilik ve mikropar\u00e7a montaj\u0131, <\/strong><strong data-start=\"3418\" data-end=\"3454\">Sanatsal restorasyon \u00e7al\u0131\u015fmalar\u0131<\/strong><\/li>\n<li data-start=\"3644\" data-end=\"3671\"><a href=\"https:\/\/denizmtl.com\/wp-content\/uploads\/2025\/07\/ISM-VR.pdf\"><strong>Pdf i\u00e7in t\u0131klay\u0131n\u0131z.<\/strong><\/a><\/li>\n<\/ul>\n<p>&nbsp;<br \/>\n<a class=\"wp-iletim-button\" href=\"https:\/\/wa.me\/905422584189?text=Merhaba%2C%20https%3A%2F%2Fdenizmtl.com%2Fmobilapp%2Fwp-json%2Fwp%2Fv2%2Fproduct%2F29786%20sayfas%C4%B1ndaki%20%C3%BCr%C3%BCnle%20ilgili%20fiyat%20ve%20demo%20talep%20etmek%20istiyorum.\" target=\"_blank\" rel=\"noopener\" style=\"display:inline-block;padding:10px 16px;border-radius:6px;color:#fff;text-decoration:none;font-weight:600;background:#334862;\">F\u0130YAT VE DEMO TALEP ET<\/a>\n","protected":false},"author":1,"featured_media":29816,"comment_status":"open","ping_status":"closed","template":"","meta":[],"product_brand":[],"product_cat":[18,103,100,63],"product_tag":[614,615,616,617,618,619],"class_list":{"0":"post-29786","1":"product","2":"type-product","3":"status-publish","4":"has-post-thumbnail","6":"product_cat-insize","7":"product_cat-mikroskop-ve-buyutec","8":"product_cat-test-cihazlari","9":"product_cat-yeni-urunler","10":"product_tag-3d-goruntuleme","11":"product_tag-discilik-mikroskobu","12":"product_tag-hassas-montaj-mikroskobu","13":"product_tag-insize-plus-mikroskop","14":"product_tag-mikroskop-standi","15":"product_tag-stereo-mikroskop","17":"first","18":"instock","19":"shipping-taxable","20":"product-type-simple"},"_links":{"self":[{"href":"https:\/\/denizmtl.com\/mobilapp\/wp-json\/wp\/v2\/product\/29786","targetHints":{"allow":["GET"]}}],"collection":[{"href":"https:\/\/denizmtl.com\/mobilapp\/wp-json\/wp\/v2\/product"}],"about":[{"href":"https:\/\/denizmtl.com\/mobilapp\/wp-json\/wp\/v2\/types\/product"}],"author":[{"embeddable":true,"href":"https:\/\/denizmtl.com\/mobilapp\/wp-json\/wp\/v2\/users\/1"}],"replies":[{"embeddable":true,"href":"https:\/\/denizmtl.com\/mobilapp\/wp-json\/wp\/v2\/comments?post=29786"}],"wp:featuredmedia":[{"embeddable":true,"href":"https:\/\/denizmtl.com\/mobilapp\/wp-json\/wp\/v2\/media\/29816"}],"wp:attachment":[{"href":"https:\/\/denizmtl.com\/mobilapp\/wp-json\/wp\/v2\/media?parent=29786"}],"wp:term":[{"taxonomy":"product_brand","embeddable":true,"href":"https:\/\/denizmtl.com\/mobilapp\/wp-json\/wp\/v2\/product_brand?post=29786"},{"taxonomy":"product_cat","embeddable":true,"href":"https:\/\/denizmtl.com\/mobilapp\/wp-json\/wp\/v2\/product_cat?post=29786"},{"taxonomy":"product_tag","embeddable":true,"href":"https:\/\/denizmtl.com\/mobilapp\/wp-json\/wp\/v2\/product_tag?post=29786"}],"curies":[{"name":"wp","href":"https:\/\/api.w.org\/{rel}","templated":true}]}}