{"id":29747,"date":"2025-08-14T11:40:34","date_gmt":"2025-08-14T08:40:34","guid":{"rendered":"https:\/\/denizmtl.com\/mobilapp\/?post_type=product&#038;p=29747"},"modified":"2025-10-02T17:45:21","modified_gmt":"2025-10-02T14:45:21","slug":"insize-hdt-fb301-otomatik-dijital-brinell-sertlik-olcum-cihazi","status":"publish","type":"product","link":"https:\/\/denizmtl.com\/mobilapp\/urunler\/insize-hdt-fb301-otomatik-dijital-brinell-sertlik-olcum-cihazi\/","title":{"rendered":"Insize HDT-FB301 Otomatik Dijital Brinell Sertlik \u00d6l\u00e7\u00fcm Cihaz\u0131"},"content":{"rendered":"<p data-start=\"206\" data-end=\"275\"><strong>Insize HDT-FB301 Otomatik Dijital Brinell Sertlik \u00d6l\u00e7\u00fcm Cihaz\u0131\u00a0otomatik test kulesi ve dijital g\u00f6r\u00fcnt\u00fc sistemi ile Brinell sertlik testini kolayla\u015ft\u0131r\u0131r. ISO 6506 ve ASTM E10 standartlar\u0131na uygun.<\/strong><\/p>\n<p data-start=\"277\" data-end=\"625\">Insize HDT-FB301, ISO 6506 ve ASTM E10 standartlar\u0131na uygun olarak geli\u015ftirilen, tam otomatik \u00f6zellikli, dijital ekranl\u0131 ve bilgisayar destekli bir <strong data-start=\"425\" data-end=\"459\">Brinell sertlik test cihaz\u0131d\u0131r<\/strong>. Geli\u015fmi\u015f optik sistemi, otomatik y\u00fckleme ve bo\u015faltma mekanizmas\u0131 ve kapsaml\u0131 test aral\u0131\u011f\u0131 ile a\u011f\u0131r sanayi, otomotiv ve metalurji sekt\u00f6rleri i\u00e7in ideal bir \u00e7\u00f6z\u00fcmd\u00fcr.<\/p>\n<p data-start=\"682\" data-end=\"1038\">Sertlik \u00f6l\u00e7\u00fcm\u00fcnde maksimum hassasiyet arayan profesyoneller i\u00e7in geli\u015ftirilen Insize HDT-FB301, y\u00fcksek \u00e7\u00f6z\u00fcn\u00fcrl\u00fckl\u00fc dokunmatik ekran\u0131 ve bilgisayar entegreli otomatik sistemleriyle \u00f6ne \u00e7\u0131kar. Brinell y\u00f6ntemiyle \u00e7al\u0131\u015fan bu cihaz; farkl\u0131 malzeme t\u00fcrleri, \u00e7ap ve sertlik s\u0131n\u0131flar\u0131na uygun \u015fekilde, de\u011fi\u015fken test kuvvetleri ve bilye \u00e7aplar\u0131yla \u00f6l\u00e7\u00fcm yapabilir.<\/p>\n<p data-start=\"1040\" data-end=\"1251\"><strong data-start=\"1040\" data-end=\"1059\">Y\u00fckleme kuvveti<\/strong>, se\u00e7ilen test ko\u015fullar\u0131na g\u00f6re otomatik uygulan\u0131r ve test tamamland\u0131ktan sonra otomatik olarak kald\u0131r\u0131l\u0131r. Bu sayede kullan\u0131c\u0131 hatas\u0131 minimize edilir ve her testte y\u00fcksek tutarl\u0131l\u0131k sa\u011flan\u0131r.<\/p>\n<p data-start=\"1253\" data-end=\"1509\">Ayr\u0131ca \u00f6l\u00e7\u00fcm sonu\u00e7lar\u0131 do\u011frudan cihazdan Word veya Excel format\u0131nda d\u0131\u015fa aktar\u0131labilir, raporlanabilir ya da yazd\u0131r\u0131labilir. 3MP entegre kamera ile yap\u0131lan \u00f6l\u00e7\u00fcmler 1X ve 2X objektiflerle desteklenir, b\u00f6ylece minimum 6.4 \u00b5m \u00e7\u00f6z\u00fcn\u00fcrl\u00fckte netlik elde edilir.<\/p>\n<p data-start=\"1516\" data-end=\"1554\"><strong>Teknik \u00d6zellikler (Madde Madde)<\/strong><\/p>\n<ul>\n<li data-start=\"1558\" data-end=\"1645\"><strong data-start=\"1558\" data-end=\"1582\">Test Kuvveti Aral\u0131\u011f\u0131<\/strong>: 612.9N (62.5kg) ~ 29420N (3000kg) aras\u0131nda 10 farkl\u0131 kuvvet<\/li>\n<li data-start=\"1648\" data-end=\"1715\"><strong data-start=\"1648\" data-end=\"1671\">D\u00f6n\u00fc\u015ft\u00fcr\u00fclebilirlik<\/strong>: HV, HK, HRA, HRB, HRC, HRD, HRF, HRW vb.<\/li>\n<li data-start=\"1718\" data-end=\"1759\"><strong data-start=\"1718\" data-end=\"1743\">Sertlik \u00d6l\u00e7\u00fcm Aral\u0131\u011f\u0131<\/strong>: 3.18\u2013653 HBW<\/li>\n<li data-start=\"1762\" data-end=\"1815\"><strong data-start=\"1762\" data-end=\"1781\">Y\u00fckleme Y\u00f6ntemi<\/strong>: Otomatik (y\u00fckle\/durdur\/bo\u015falt)<\/li>\n<li data-start=\"1818\" data-end=\"1835\"><strong data-start=\"1818\" data-end=\"1828\">Kamera<\/strong>: 3MP<\/li>\n<li data-start=\"1838\" data-end=\"1862\"><strong data-start=\"1838\" data-end=\"1850\">Objektif<\/strong>: 1X ve 2X<\/li>\n<li data-start=\"1865\" data-end=\"1915\"><strong data-start=\"1865\" data-end=\"1879\">\u00c7\u00f6z\u00fcn\u00fcrl\u00fck<\/strong>: Minimum \u00f6l\u00e7\u00fcm \u00e7\u00f6z\u00fcn\u00fcrl\u00fc\u011f\u00fc 6.4 \u00b5m<\/li>\n<li data-start=\"1918\" data-end=\"1971\"><strong data-start=\"1918\" data-end=\"1938\">Sahne Y\u00fcksekli\u011fi<\/strong>: Otomatik olarak ayarlanabilir<\/li>\n<li data-start=\"1974\" data-end=\"2032\"><strong data-start=\"1974\" data-end=\"1991\">Veri Aktar\u0131m\u0131<\/strong>: Word\/Excel entegrasyonu, d\u0131\u015fa aktarma<\/li>\n<li data-start=\"2035\" data-end=\"2081\"><strong data-start=\"2035\" data-end=\"2056\">Yaz\u0131c\u0131 Ba\u011flant\u0131s\u0131<\/strong>: Harici yaz\u0131c\u0131 deste\u011fi<\/li>\n<li data-start=\"2084\" data-end=\"2138\"><strong data-start=\"2084\" data-end=\"2099\">Alan G\u00f6r\u00fc\u015f\u00fc<\/strong>: 1X objektif ile geni\u015f, 2X ile detayl\u0131<\/li>\n<\/ul>\n<p data-start=\"2145\" data-end=\"2169\"><strong>Kullan\u0131m Alanlar\u0131<\/strong><\/p>\n<ul>\n<li data-start=\"2173\" data-end=\"2216\">Otomotiv ve a\u011f\u0131r sanayi \u00fcretim hatlar\u0131nda<\/li>\n<li data-start=\"2219\" data-end=\"2263\">Metal par\u00e7alar\u0131n seri kontrol s\u00fcre\u00e7lerinde<\/li>\n<li data-start=\"2266\" data-end=\"2305\">Is\u0131l i\u015flem ve d\u00f6k\u00fcm kalite analizinde<\/li>\n<li data-start=\"2308\" data-end=\"2364\">AR-GE laboratuvarlar\u0131nda hassas malzeme karakterizasyonu<\/li>\n<\/ul>\n","protected":false},"excerpt":{"rendered":"<ul>\n<li data-start=\"1558\" data-end=\"1645\">Test Kuvveti Aral\u0131\u011f\u0131: 612.9N (62.5kg) ~ 29420N (3000kg) aras\u0131nda 10 farkl\u0131 kuvvet<\/li>\n<li data-start=\"1648\" data-end=\"1715\">D\u00f6n\u00fc\u015ft\u00fcr\u00fclebilirlik: HV, HK, HRA, HRB, HRC, HRD, HRF, HRW vb.<\/li>\n<li data-start=\"1718\" data-end=\"1759\">Sertlik \u00d6l\u00e7\u00fcm Aral\u0131\u011f\u0131: 3.18\u2013653 HBW<\/li>\n<li data-start=\"1762\" data-end=\"1815\">Y\u00fckleme Y\u00f6ntemi: Otomatik (y\u00fckle\/durdur\/bo\u015falt)<\/li>\n<li data-start=\"1838\" data-end=\"1862\">Objektif: 1X ve 2X<\/li>\n<li data-start=\"1865\" data-end=\"1915\">\u00c7\u00f6z\u00fcn\u00fcrl\u00fck: Minimum \u00f6l\u00e7\u00fcm \u00e7\u00f6z\u00fcn\u00fcrl\u00fc\u011f\u00fc 6.4 \u00b5m<\/li>\n<li data-start=\"1918\" data-end=\"1971\">Sahne Y\u00fcksekli\u011fi: Otomatik olarak ayarlanabilir<\/li>\n<li data-start=\"1974\" data-end=\"2032\">Veri Aktar\u0131m\u0131: Word\/Excel entegrasyonu, d\u0131\u015fa aktarma<\/li>\n<li data-start=\"2035\" data-end=\"2081\">Yaz\u0131c\u0131 Ba\u011flant\u0131s\u0131: Harici yaz\u0131c\u0131 deste\u011fi<\/li>\n<li data-start=\"2084\" data-end=\"2138\">Alan G\u00f6r\u00fc\u015f\u00fc: 1X objektif ile geni\u015f, 2X ile detayl\u0131<\/li>\n<li data-start=\"2084\" data-end=\"2138\"><a href=\"https:\/\/denizmtl.com\/wp-content\/uploads\/2025\/07\/HDT-FB301.pdf\"><strong>Pdf i\u00e7in t\u0131klay\u0131n\u0131z.<\/strong><\/a><\/li>\n<\/ul>\n<p>&nbsp;<br \/>\n<a class=\"wp-iletim-button\" href=\"https:\/\/wa.me\/905422584189?text=Merhaba%2C%20https%3A%2F%2Fdenizmtl.com%2Fmobilapp%2Fwp-json%2Fwp%2Fv2%2Fproduct%2F29747%20sayfas%C4%B1ndaki%20%C3%BCr%C3%BCnle%20ilgili%20fiyat%20ve%20demo%20talep%20etmek%20istiyorum.\" target=\"_blank\" rel=\"noopener\" style=\"display:inline-block;padding:10px 16px;border-radius:6px;color:#fff;text-decoration:none;font-weight:600;background:#334862;\">F\u0130YAT VE DEMO TALEP ET<\/a>\n","protected":false},"author":1,"featured_media":29777,"comment_status":"open","ping_status":"closed","template":"","meta":[],"product_brand":[],"product_cat":[18,106,100,63],"product_tag":[537,538,539,540,541,229],"class_list":{"0":"post-29747","1":"product","2":"type-product","3":"status-publish","4":"has-post-thumbnail","6":"product_cat-insize","7":"product_cat-sertlik-olcme","8":"product_cat-test-cihazlari","9":"product_cat-yeni-urunler","10":"product_tag-brinell-sertlik-testi","11":"product_tag-dijital-brinell-test-cihazi","12":"product_tag-insize-hdt-fb30","13":"product_tag-metal-sertlik-testi","14":"product_tag-otomatik-sertlik-olcer","15":"product_tag-sertlik-olcum-cihazi","17":"first","18":"instock","19":"shipping-taxable","20":"product-type-simple"},"_links":{"self":[{"href":"https:\/\/denizmtl.com\/mobilapp\/wp-json\/wp\/v2\/product\/29747","targetHints":{"allow":["GET"]}}],"collection":[{"href":"https:\/\/denizmtl.com\/mobilapp\/wp-json\/wp\/v2\/product"}],"about":[{"href":"https:\/\/denizmtl.com\/mobilapp\/wp-json\/wp\/v2\/types\/product"}],"author":[{"embeddable":true,"href":"https:\/\/denizmtl.com\/mobilapp\/wp-json\/wp\/v2\/users\/1"}],"replies":[{"embeddable":true,"href":"https:\/\/denizmtl.com\/mobilapp\/wp-json\/wp\/v2\/comments?post=29747"}],"wp:featuredmedia":[{"embeddable":true,"href":"https:\/\/denizmtl.com\/mobilapp\/wp-json\/wp\/v2\/media\/29777"}],"wp:attachment":[{"href":"https:\/\/denizmtl.com\/mobilapp\/wp-json\/wp\/v2\/media?parent=29747"}],"wp:term":[{"taxonomy":"product_brand","embeddable":true,"href":"https:\/\/denizmtl.com\/mobilapp\/wp-json\/wp\/v2\/product_brand?post=29747"},{"taxonomy":"product_cat","embeddable":true,"href":"https:\/\/denizmtl.com\/mobilapp\/wp-json\/wp\/v2\/product_cat?post=29747"},{"taxonomy":"product_tag","embeddable":true,"href":"https:\/\/denizmtl.com\/mobilapp\/wp-json\/wp\/v2\/product_tag?post=29747"}],"curies":[{"name":"wp","href":"https:\/\/api.w.org\/{rel}","templated":true}]}}