{"id":29741,"date":"2025-08-14T11:40:33","date_gmt":"2025-08-14T08:40:33","guid":{"rendered":"https:\/\/denizmtl.com\/mobilapp\/?post_type=product&#038;p=29741"},"modified":"2025-10-02T17:45:20","modified_gmt":"2025-10-02T14:45:20","slug":"insize-msh-b210-isiticili-manyetik-karistirici","status":"publish","type":"product","link":"https:\/\/denizmtl.com\/mobilapp\/urunler\/insize-msh-b210-isiticili-manyetik-karistirici\/","title":{"rendered":"Insize MSH-B210 Is\u0131t\u0131c\u0131l\u0131 Manyetik Kar\u0131\u015ft\u0131r\u0131c\u0131"},"content":{"rendered":"<p data-start=\"233\" data-end=\"297\"><strong>Insize MSH-B210 Is\u0131t\u0131c\u0131l\u0131 Manyetik Kar\u0131\u015ft\u0131r\u0131c\u0131 , <\/strong>280\u00b0C \u0131s\u0131tma kapasitesi ve paslanmaz \u00e7elik seramik kaplamal\u0131 y\u00fczeyi ile d\u00fc\u015f\u00fck viskoziteli s\u0131v\u0131lar\u0131n ve kar\u0131\u015f\u0131mlar\u0131n g\u00fcvenli ve verimli kar\u0131\u015ft\u0131r\u0131lmas\u0131 i\u00e7in ideal bir laboratuvar \u00e7\u00f6z\u00fcm\u00fcd\u00fcr.<\/p>\n<p data-start=\"298\" data-end=\"351\"><strong>Dayan\u0131kl\u0131 ve Pratik Laboratuvar Kar\u0131\u015ft\u0131rma \u00c7\u00f6z\u00fcm\u00fc<\/strong><\/p>\n<p data-start=\"353\" data-end=\"637\"><strong data-start=\"353\" data-end=\"403\">Insize MSH-B210 Is\u0131t\u0131c\u0131l\u0131 Manyetik Kar\u0131\u015ft\u0131r\u0131c\u0131<\/strong>, ila\u00e7, kimya, g\u0131da, \u00e7evre ve biyom\u00fchendislik sekt\u00f6rlerinde d\u00fc\u015f\u00fck viskoziteli s\u0131v\u0131lar\u0131n ve kat\u0131-s\u0131v\u0131 kar\u0131\u015f\u0131mlar\u0131n\u0131n g\u00fcvenli ve etkili bir \u015fekilde kar\u0131\u015ft\u0131r\u0131lmas\u0131 i\u00e7in geli\u015ftirilmi\u015f ekonomik ve kullan\u0131c\u0131 dostu bir laboratuvar cihaz\u0131d\u0131r.<\/p>\n<p data-start=\"639\" data-end=\"1084\">Cihaz, <strong data-start=\"646\" data-end=\"682\">280\u00b0C\u2019ye kadar \u0131s\u0131tma kapasitesi<\/strong> ve <strong data-start=\"686\" data-end=\"738\">paslanmaz \u00e7elik seramik kaplamal\u0131 \u00e7al\u0131\u015fma y\u00fczeyi<\/strong> ile y\u00fcksek kimyasal diren\u00e7 sunar. Bu \u00f6zelli\u011fi sayesinde zorlu laboratuvar ortamlar\u0131nda uzun \u00f6m\u00fcrl\u00fc ve g\u00fcvenli bir kullan\u0131m sa\u011flar. MSH-B210, d\u00fc\u015f\u00fck viskoziteli s\u0131v\u0131lar\u0131n kar\u0131\u015ft\u0131r\u0131lmas\u0131nda ve \u0131s\u0131t\u0131lmas\u0131nda y\u00fcksek verimlilik sa\u011flarken, iste\u011fe ba\u011fl\u0131 harici s\u0131cakl\u0131k sens\u00f6r\u00fc kullan\u0131ld\u0131\u011f\u0131nda s\u0131cakl\u0131k kontrol hassasiyeti \u00b10.2\u00b0C\u2019ye kadar art\u0131r\u0131labilir.<\/p>\n<p data-start=\"1086\" data-end=\"1303\">Kolay kontrol edilebilen dijital ekran ve h\u0131z ayar d\u00fc\u011fmeleri sayesinde kullan\u0131c\u0131lar kar\u0131\u015ft\u0131rma h\u0131z\u0131n\u0131 ve s\u0131cakl\u0131\u011f\u0131 rahatl\u0131kla y\u00f6netebilir. Kimya ve biyokimya laboratuvarlar\u0131nda g\u00fcnl\u00fck i\u015flemler i\u00e7in ideal bir \u00e7\u00f6z\u00fcmd\u00fcr.<\/p>\n<p data-start=\"1310\" data-end=\"1330\"><strong>\u00dcr\u00fcn \u00d6zellikleri:<\/strong><\/p>\n<ul>\n<li data-start=\"1333\" data-end=\"1376\"><strong data-start=\"1336\" data-end=\"1358\">Is\u0131tma Kapasitesi:<\/strong> Maksimum 280\u00b0C.<\/li>\n<li data-start=\"1379\" data-end=\"1479\"><strong data-start=\"1382\" data-end=\"1423\">D\u00fc\u015f\u00fck Viskoziteli S\u0131v\u0131lar \u0130\u00e7in Uygun:<\/strong> S\u0131v\u0131 ve kat\u0131-s\u0131v\u0131 kar\u0131\u015f\u0131mlar i\u00e7in verimli kar\u0131\u015ft\u0131rma.<\/li>\n<li data-start=\"1482\" data-end=\"1568\"><strong data-start=\"1486\" data-end=\"1515\">Kimyasal Dayan\u0131kl\u0131 Y\u00fczey:<\/strong> Paslanmaz \u00e7elik seramik kaplamal\u0131 \u00e7al\u0131\u015fma plakas\u0131.<\/li>\n<li data-start=\"1571\" data-end=\"1651\"><strong data-start=\"1574\" data-end=\"1612\">Opsiyonel Harici S\u0131cakl\u0131k Sens\u00f6r\u00fc:<\/strong> \u00b10.2\u00b0C s\u0131cakl\u0131k kontrol hassasiyeti.<\/li>\n<li data-start=\"1654\" data-end=\"1740\"><strong data-start=\"1657\" data-end=\"1699\">Manyetik Kar\u0131\u015ft\u0131r\u0131c\u0131 \u00c7ubu\u011fu (Stirrer):<\/strong> Standart olarak \u00fcr\u00fcnle birlikte gelir.<\/li>\n<li data-start=\"1743\" data-end=\"1806\"><strong data-start=\"1746\" data-end=\"1765\">Kolay Kullan\u0131m:<\/strong> Dijital ekran ve h\u0131zl\u0131 ayar d\u00fc\u011fmeleri.<\/li>\n<\/ul>\n<p data-start=\"1813\" data-end=\"1834\"><strong>Kullan\u0131m Alanlar\u0131:<\/strong><\/p>\n<ul>\n<li data-start=\"1837\" data-end=\"1870\">\u0130la\u00e7 \u00fcretimi ve laboratuvarlar\u0131<\/li>\n<li data-start=\"1873\" data-end=\"1909\">Kimya ve biyokimya laboratuvarlar\u0131<\/li>\n<li data-start=\"1912\" data-end=\"1949\">G\u0131da m\u00fchendisli\u011fi ve kalite kontrol<\/li>\n<li data-start=\"1952\" data-end=\"1985\">\u00c7evre m\u00fchendisli\u011fi uygulamalar\u0131<\/li>\n<li data-start=\"1988\" data-end=\"2025\">\u00dcniversite ve Ar-Ge laboratuvarlar\u0131<\/li>\n<\/ul>\n","protected":false},"excerpt":{"rendered":"<ul>\n<li data-start=\"1333\" data-end=\"1376\">Is\u0131tma Kapasitesi: Maksimum 280\u00b0C.<\/li>\n<li data-start=\"1379\" data-end=\"1479\">D\u00fc\u015f\u00fck Viskoziteli S\u0131v\u0131lar \u0130\u00e7in Uygun: S\u0131v\u0131 ve kat\u0131-s\u0131v\u0131 kar\u0131\u015f\u0131mlar i\u00e7in verimli kar\u0131\u015ft\u0131rma.<\/li>\n<li data-start=\"1482\" data-end=\"1568\">Kimyasal Dayan\u0131kl\u0131 Y\u00fczey: Paslanmaz \u00e7elik seramik kaplamal\u0131 \u00e7al\u0131\u015fma plakas\u0131.<\/li>\n<li data-start=\"1571\" data-end=\"1651\">Opsiyonel Harici S\u0131cakl\u0131k Sens\u00f6r\u00fc: \u00b10.2\u00b0C s\u0131cakl\u0131k kontrol hassasiyeti.<\/li>\n<li data-start=\"1654\" data-end=\"1740\">Manyetik Kar\u0131\u015ft\u0131r\u0131c\u0131 \u00c7ubu\u011fu (Stirrer): Standart olarak \u00fcr\u00fcnle birlikte gelir.<\/li>\n<li data-start=\"1743\" data-end=\"1806\">Kolay Kullan\u0131m: Dijital ekran ve h\u0131zl\u0131 ayar d\u00fc\u011fmeleri.<\/li>\n<li data-start=\"1743\" data-end=\"1806\"><a href=\"https:\/\/denizmtl.com\/wp-content\/uploads\/2025\/07\/MSH-B210.pdf\"><strong>Pdf i\u00e7in t\u0131klay\u0131n\u0131z.<\/strong><\/a><\/li>\n<\/ul>\n<p>&nbsp;<br \/>\n<a class=\"wp-iletim-button\" href=\"https:\/\/wa.me\/905422584189?text=Merhaba%2C%20https%3A%2F%2Fdenizmtl.com%2Fmobilapp%2Fwp-json%2Fwp%2Fv2%2Fproduct%2F29741%20sayfas%C4%B1ndaki%20%C3%BCr%C3%BCnle%20ilgili%20fiyat%20ve%20demo%20talep%20etmek%20istiyorum.\" target=\"_blank\" rel=\"noopener\" style=\"display:inline-block;padding:10px 16px;border-radius:6px;color:#fff;text-decoration:none;font-weight:600;background:#334862;\">F\u0130YAT VE DEMO TALEP ET<\/a>\n","protected":false},"author":1,"featured_media":29771,"comment_status":"open","ping_status":"closed","template":"","meta":[],"product_brand":[],"product_cat":[18,100,63],"product_tag":[502,503,504,505,506,507,508,509],"class_list":{"0":"post-29741","1":"product","2":"type-product","3":"status-publish","4":"has-post-thumbnail","6":"product_cat-insize","7":"product_cat-test-cihazlari","8":"product_cat-yeni-urunler","9":"product_tag-280c-isitma-kapasiteli-karistirici","10":"product_tag-dijital-kontrollu-karistirici","11":"product_tag-harici-sensorlu-karistirici","12":"product_tag-insize-msh-b210","13":"product_tag-isiticili-manyetik-karistirici","14":"product_tag-manyetik-stirrer-temel-model","15":"product_tag-paslanmaz-celik-laboratuvar-karistirici","16":"product_tag-temel-tip-manyetik-karistirici","18":"first","19":"instock","20":"shipping-taxable","21":"product-type-simple"},"_links":{"self":[{"href":"https:\/\/denizmtl.com\/mobilapp\/wp-json\/wp\/v2\/product\/29741","targetHints":{"allow":["GET"]}}],"collection":[{"href":"https:\/\/denizmtl.com\/mobilapp\/wp-json\/wp\/v2\/product"}],"about":[{"href":"https:\/\/denizmtl.com\/mobilapp\/wp-json\/wp\/v2\/types\/product"}],"author":[{"embeddable":true,"href":"https:\/\/denizmtl.com\/mobilapp\/wp-json\/wp\/v2\/users\/1"}],"replies":[{"embeddable":true,"href":"https:\/\/denizmtl.com\/mobilapp\/wp-json\/wp\/v2\/comments?post=29741"}],"wp:featuredmedia":[{"embeddable":true,"href":"https:\/\/denizmtl.com\/mobilapp\/wp-json\/wp\/v2\/media\/29771"}],"wp:attachment":[{"href":"https:\/\/denizmtl.com\/mobilapp\/wp-json\/wp\/v2\/media?parent=29741"}],"wp:term":[{"taxonomy":"product_brand","embeddable":true,"href":"https:\/\/denizmtl.com\/mobilapp\/wp-json\/wp\/v2\/product_brand?post=29741"},{"taxonomy":"product_cat","embeddable":true,"href":"https:\/\/denizmtl.com\/mobilapp\/wp-json\/wp\/v2\/product_cat?post=29741"},{"taxonomy":"product_tag","embeddable":true,"href":"https:\/\/denizmtl.com\/mobilapp\/wp-json\/wp\/v2\/product_tag?post=29741"}],"curies":[{"name":"wp","href":"https:\/\/api.w.org\/{rel}","templated":true}]}}