{"id":29740,"date":"2025-08-14T11:40:33","date_gmt":"2025-08-14T08:40:33","guid":{"rendered":"https:\/\/denizmtl.com\/mobilapp\/?post_type=product&#038;p=29740"},"modified":"2025-10-02T17:45:20","modified_gmt":"2025-10-02T14:45:20","slug":"insize-htm-p03-tasinabilir-haze-meter-pus-olcer","status":"publish","type":"product","link":"https:\/\/denizmtl.com\/mobilapp\/urunler\/insize-htm-p03-tasinabilir-haze-meter-pus-olcer\/","title":{"rendered":"Insize HTM-P03 Ta\u015f\u0131nabilir Haze Meter\/ Pus \u00d6l\u00e7er"},"content":{"rendered":"<p data-start=\"280\" data-end=\"346\">Insize HTM-P03 Ta\u015f\u0131nabilir\u00a0 Haze Meter \/ Pus \u00d6l\u00e7er kompakt tasar\u0131m\u0131, dokunmatik ekran\u0131 ve uluslararas\u0131 standartlara uygunlu\u011fu ile sahada ve laboratuvarda bulan\u0131kl\u0131k ve \u0131\u015f\u0131k ge\u00e7irgenli\u011fi \u00f6l\u00e7\u00fcmlerini pratik \u015fekilde yapman\u0131z\u0131 sa\u011flar.<\/p>\n<p data-start=\"280\" data-end=\"346\"><strong>Kompakt, Pratik ve Y\u00fcksek Hassasiyetli Bulan\u0131kl\u0131k \u00d6l\u00e7\u00fcm \u00c7\u00f6z\u00fcm\u00fc<\/strong><\/p>\n<p data-start=\"348\" data-end=\"658\"><strong data-start=\"348\" data-end=\"389\">Insize HTM-P03 Ta\u015f\u0131nabilir Haze Meter<\/strong>, \u015feffaf ve yar\u0131 \u015feffaf malzemelerin bulan\u0131kl\u0131k (haze) ve \u0131\u015f\u0131k ge\u00e7irgenli\u011fi de\u011ferlerini h\u0131zl\u0131, pratik ve g\u00fcvenilir bir \u015fekilde \u00f6l\u00e7mek i\u00e7in geli\u015ftirilmi\u015f kompakt bir cihazd\u0131r. El tipi tasar\u0131m\u0131 sayesinde sahada ve \u00fcretim alanlar\u0131nda kolayca ta\u015f\u0131nabilir ve kullan\u0131labilir.<\/p>\n<p data-start=\"660\" data-end=\"907\">HTM-P03, <strong data-start=\"669\" data-end=\"752\">ASTM D1003, ASTM D1044, ISO 13468, ISO 14782, JIS K7105, JIS K7361 ve JIS K7136<\/strong> gibi uluslararas\u0131 standartlara uygun \u00e7al\u0131\u015f\u0131r. 2.8 in\u00e7 dokunmatik ekran\u0131 sayesinde dikey veya yatay \u00f6l\u00e7\u00fcm modlar\u0131 aras\u0131nda manuel olarak ge\u00e7i\u015f yap\u0131labilir.<\/p>\n<p data-start=\"909\" data-end=\"1270\">Bu ta\u015f\u0131nabilir bulan\u0131kl\u0131k \u00f6l\u00e7er, <strong data-start=\"942\" data-end=\"974\">\u00e7oklu \u00f6l\u00e7\u00fcm apert\u00fcr\u00fc deste\u011fi<\/strong> ve <strong data-start=\"978\" data-end=\"1013\">manyetik kolay de\u011fi\u015fim \u00f6zelli\u011fi<\/strong> ile kullan\u0131c\u0131 dostudur. Cihaz, kendi i\u00e7inde kalibrasyon ve standardizasyon fonksiyonlar\u0131na sahiptir. Bilgisayar uyumlu QC yaz\u0131l\u0131m\u0131 ile \u00f6l\u00e7\u00fcm sonu\u00e7lar\u0131n\u0131 grafik rapor olarak d\u0131\u015fa aktarabilir ve h\u0131zl\u0131 kalite kontrol s\u00fcre\u00e7lerinde etkin \u015fekilde kullan\u0131labilir.<\/p>\n<p data-start=\"1277\" data-end=\"1297\"><strong>\u00dcr\u00fcn \u00d6zellikleri:<\/strong><\/p>\n<ul>\n<li data-start=\"1300\" data-end=\"1388\"><strong data-start=\"1303\" data-end=\"1335\">Ta\u015f\u0131nabilir ve Kompakt Yap\u0131:<\/strong> El tipi tasar\u0131m\u0131 sayesinde sahada pratik kullan\u0131m.<\/li>\n<li data-start=\"1391\" data-end=\"1494\"><strong data-start=\"1394\" data-end=\"1425\">\u00c7oklu \u00d6l\u00e7\u00fcm Aparat Deste\u011fi:<\/strong> Farkl\u0131 apert\u00fcrlerle \u00f6l\u00e7\u00fcm yapma imkan\u0131, manyetik de\u011fi\u015fim \u00f6zelli\u011fi.<\/li>\n<li data-start=\"1497\" data-end=\"1576\"><strong data-start=\"1501\" data-end=\"1527\">2.8\u201d Dokunmatik Ekran:<\/strong> Kolay kullan\u0131m, dikey ve yatay \u00f6l\u00e7\u00fcm se\u00e7ene\u011fi.<\/li>\n<li data-start=\"1579\" data-end=\"1657\"><strong data-start=\"1582\" data-end=\"1612\">Bilgisayar Uyumlu Yaz\u0131l\u0131m:<\/strong> Grafik rapor alma ve veri analizi deste\u011fi.<\/li>\n<li data-start=\"1660\" data-end=\"1758\"><strong data-start=\"1663\" data-end=\"1707\">Otomatik Kalibrasyon ve Standardizasyon:<\/strong> Y\u00fcksek hassasiyetli \u00f6l\u00e7\u00fcm ve g\u00fcvenilir sonu\u00e7lar.<\/li>\n<li data-start=\"1761\" data-end=\"1847\"><strong data-start=\"1763\" data-end=\"1799\">Uluslararas\u0131 Standartlara Uygun:<\/strong> ASTM, ISO ve JIS standartlar\u0131 ile tam uyumlu.<\/li>\n<\/ul>\n<p data-start=\"1854\" data-end=\"1875\"><strong>Kullan\u0131m Alanlar\u0131:<\/strong><\/p>\n<ul>\n<li data-start=\"1878\" data-end=\"1909\">Plastik film ve levha \u00fcretimi<\/li>\n<li data-start=\"1912\" data-end=\"1951\">Telefon ekran\u0131 ve cam y\u00fczey \u00f6l\u00e7\u00fcmleri<\/li>\n<li data-start=\"1954\" data-end=\"1988\">LCD ve dokunmatik panel testleri<\/li>\n<li data-start=\"1991\" data-end=\"2030\">Ambalaj sekt\u00f6r\u00fcnde \u015feffafl\u0131k testleri<\/li>\n<li data-start=\"2033\" data-end=\"2063\">Otomotiv ve optik end\u00fcstrisi<\/li>\n<\/ul>\n","protected":false},"excerpt":{"rendered":"<ul>\n<li data-start=\"1300\" data-end=\"1388\">Ta\u015f\u0131nabilir ve Kompakt Yap\u0131: El tipi tasar\u0131m\u0131 sayesinde sahada pratik kullan\u0131m.<\/li>\n<li data-start=\"1391\" data-end=\"1494\">\u00c7oklu \u00d6l\u00e7\u00fcm Aparat Deste\u011fi: Farkl\u0131 apert\u00fcrlerle \u00f6l\u00e7\u00fcm yapma imkan\u0131, manyetik de\u011fi\u015fim \u00f6zelli\u011fi.<\/li>\n<li data-start=\"1497\" data-end=\"1576\">2.8\u201d Dokunmatik Ekran: Kolay kullan\u0131m, dikey ve yatay \u00f6l\u00e7\u00fcm se\u00e7ene\u011fi.<\/li>\n<li data-start=\"1579\" data-end=\"1657\">Bilgisayar Uyumlu Yaz\u0131l\u0131m: Grafik rapor alma ve veri analizi deste\u011fi.<\/li>\n<li data-start=\"1660\" data-end=\"1758\">Otomatik Kalibrasyon ve Standardizasyon: Y\u00fcksek hassasiyetli \u00f6l\u00e7\u00fcm ve g\u00fcvenilir sonu\u00e7lar.<\/li>\n<li data-start=\"1761\" data-end=\"1847\">ASTM, ISO ve JIS standartlar\u0131 ile tam uyumlu.<\/li>\n<li data-start=\"1761\" data-end=\"1847\"><a href=\"https:\/\/denizmtl.com\/wp-content\/uploads\/2025\/07\/HTM-P.pdf\"><strong>Pdf i\u00e7in t\u0131klay\u0131n\u0131z.<\/strong><\/a><\/li>\n<\/ul>\n<p>&nbsp;<br \/>\n<a class=\"wp-iletim-button\" href=\"https:\/\/wa.me\/905422584189?text=Merhaba%2C%20https%3A%2F%2Fdenizmtl.com%2Fmobilapp%2Fwp-json%2Fwp%2Fv2%2Fproduct%2F29740%20sayfas%C4%B1ndaki%20%C3%BCr%C3%BCnle%20ilgili%20fiyat%20ve%20demo%20talep%20etmek%20istiyorum.\" target=\"_blank\" rel=\"noopener\" style=\"display:inline-block;padding:10px 16px;border-radius:6px;color:#fff;text-decoration:none;font-weight:600;background:#334862;\">F\u0130YAT VE DEMO TALEP ET<\/a>\n","protected":false},"author":1,"featured_media":29770,"comment_status":"open","ping_status":"closed","template":"","meta":[],"product_brand":[],"product_cat":[18,100,63],"product_tag":[493,447,494,495,496,497,498,499,500,501],"class_list":{"0":"post-29740","1":"product","2":"type-product","3":"status-publish","4":"has-post-thumbnail","6":"product_cat-insize","7":"product_cat-test-cihazlari","8":"product_cat-yeni-urunler","9":"product_tag-astm-iso-jis-uyumlu-haze-meter","10":"product_tag-bulaniklik-olcum-cihazi","11":"product_tag-el-tipi-seffaflik-olcer","12":"product_tag-insize-htm-p03","13":"product_tag-isik-gecirgenligi-test-cihazi","14":"product_tag-kalibrasyonlu-el-tipi-cihaz","15":"product_tag-kompakt-haze-olcer","16":"product_tag-qc-yazilimli-bulaniklik-olcer","17":"product_tag-sahada-kullanima-uygun-haze-meter","18":"product_tag-tasinabilir-haze-meter","20":"first","21":"instock","22":"shipping-taxable","23":"product-type-simple"},"_links":{"self":[{"href":"https:\/\/denizmtl.com\/mobilapp\/wp-json\/wp\/v2\/product\/29740","targetHints":{"allow":["GET"]}}],"collection":[{"href":"https:\/\/denizmtl.com\/mobilapp\/wp-json\/wp\/v2\/product"}],"about":[{"href":"https:\/\/denizmtl.com\/mobilapp\/wp-json\/wp\/v2\/types\/product"}],"author":[{"embeddable":true,"href":"https:\/\/denizmtl.com\/mobilapp\/wp-json\/wp\/v2\/users\/1"}],"replies":[{"embeddable":true,"href":"https:\/\/denizmtl.com\/mobilapp\/wp-json\/wp\/v2\/comments?post=29740"}],"wp:featuredmedia":[{"embeddable":true,"href":"https:\/\/denizmtl.com\/mobilapp\/wp-json\/wp\/v2\/media\/29770"}],"wp:attachment":[{"href":"https:\/\/denizmtl.com\/mobilapp\/wp-json\/wp\/v2\/media?parent=29740"}],"wp:term":[{"taxonomy":"product_brand","embeddable":true,"href":"https:\/\/denizmtl.com\/mobilapp\/wp-json\/wp\/v2\/product_brand?post=29740"},{"taxonomy":"product_cat","embeddable":true,"href":"https:\/\/denizmtl.com\/mobilapp\/wp-json\/wp\/v2\/product_cat?post=29740"},{"taxonomy":"product_tag","embeddable":true,"href":"https:\/\/denizmtl.com\/mobilapp\/wp-json\/wp\/v2\/product_tag?post=29740"}],"curies":[{"name":"wp","href":"https:\/\/api.w.org\/{rel}","templated":true}]}}