{"id":29735,"date":"2025-08-14T11:40:31","date_gmt":"2025-08-14T08:40:31","guid":{"rendered":"https:\/\/denizmtl.com\/mobilapp\/?post_type=product&#038;p=29735"},"modified":"2025-10-02T17:45:18","modified_gmt":"2025-10-02T14:45:18","slug":"insize-htm-b03-haze-meter-pus-olcer","status":"publish","type":"product","link":"https:\/\/denizmtl.com\/mobilapp\/urunler\/insize-htm-b03-haze-meter-pus-olcer\/","title":{"rendered":"Insize HTM-B03 Haze Meter \/Pus \u00d6l\u00e7er"},"content":{"rendered":"<p data-start=\"249\" data-end=\"317\"><strong>Y\u00fcksek Hassasiyetli Bulan\u0131kl\u0131k ve I\u015f\u0131k Ge\u00e7irgenli\u011fi \u00d6l\u00e7\u00fcm Cihaz\u0131<\/strong><\/p>\n<p data-start=\"319\" data-end=\"710\"><strong data-start=\"319\" data-end=\"348\">Insize HTM-B03 Haze Meter<\/strong>, plastikler, filmler, cam y\u00fczeyler, LCD paneller ve dokunmatik ekranlar gibi \u015feffaf ve yar\u0131 \u015feffaf malzemelerin bulan\u0131kl\u0131k (haze) ve \u0131\u015f\u0131k ge\u00e7irgenli\u011fi de\u011ferlerini h\u0131zl\u0131 ve hassas \u015fekilde \u00f6l\u00e7mek i\u00e7in geli\u015ftirilmi\u015f profesyonel bir test cihaz\u0131d\u0131r. ASTM D1003, ASTM D1044, ISO 13468, ISO 14782, JIS K7105, JIS K7361 ve JIS K7136 standartlar\u0131na uygun olarak \u00e7al\u0131\u015f\u0131r.<\/p>\n<p data-start=\"712\" data-end=\"962\">Cihaz, hem dikey hem de yatay \u00f6l\u00e7\u00fcm y\u00f6n\u00fcne manuel olarak ayarlanabilir ve a\u00e7\u0131k \u00f6l\u00e7\u00fcm alan\u0131 sayesinde numune boyutunda herhangi bir s\u0131n\u0131rlama bulunmaz. Bu \u00f6zelli\u011fi sayesinde b\u00fcy\u00fck y\u00fczeyli par\u00e7alar ve kal\u0131n malzemelerde de kolayl\u0131kla \u00f6l\u00e7\u00fcm yap\u0131labilir.<\/p>\n<p data-start=\"964\" data-end=\"1294\">HTM-B03, dahili kalibrasyon ve otomatik standardizasyon \u00f6zellikleri ile s\u00fcrekli do\u011fru \u00f6l\u00e7\u00fcm sunar. Yaz\u0131l\u0131m\u0131 sayesinde \u00f6l\u00e7\u00fcm sonu\u00e7lar\u0131n\u0131 grafik raporlar halinde d\u0131\u015fa aktarabilir ve dijital olarak analiz edebilirsiniz. Film, telefon ekran\u0131, cam ve plastik levha gibi uygulama alanlar\u0131nda g\u00fcvenilir ve tekrarlanabilir sonu\u00e7lar sunar.<\/p>\n<p data-start=\"1301\" data-end=\"1321\"><strong>\u00dcr\u00fcn \u00d6zellikleri:<\/strong><\/p>\n<ul>\n<li data-start=\"1324\" data-end=\"1421\">Bulan\u0131kl\u0131k ve I\u015f\u0131k Ge\u00e7irgenli\u011fi \u00d6l\u00e7\u00fcm\u00fc: \u015eeffaf ve yar\u0131 \u015feffaf malzemelerde hassas \u00f6l\u00e7\u00fcm.<\/li>\n<li data-start=\"1424\" data-end=\"1494\">Yatay ve Dikey \u00d6l\u00e7\u00fcm: \u00d6l\u00e7\u00fcm y\u00f6n\u00fc manuel olarak ayarlanabilir.<\/li>\n<li data-start=\"1497\" data-end=\"1584\">S\u0131n\u0131rs\u0131z Numune Boyutu: A\u00e7\u0131k \u00f6l\u00e7\u00fcm alan\u0131 sayesinde b\u00fcy\u00fck par\u00e7alar \u00f6l\u00e7\u00fclebilir.<\/li>\n<li data-start=\"1587\" data-end=\"1676\">Veri Aktar\u0131m\u0131 ve Raporlama: Yaz\u0131l\u0131m \u00fczerinden grafik ve veri raporu alma imkan\u0131.<\/li>\n<li data-start=\"1679\" data-end=\"1770\">Otomatik Kalibrasyon ve Standardizasyon: S\u00fcrekli do\u011fru \u00f6l\u00e7\u00fcm i\u00e7in yerle\u015fik sistem.<\/li>\n<li data-start=\"1773\" data-end=\"1835\">Kolay Kullan\u0131m: Geni\u015f ekran ve kullan\u0131c\u0131 dostu men\u00fc.<\/li>\n<li data-start=\"1838\" data-end=\"1926\">Uluslararas\u0131 Standartlara Uygun: ASTM, ISO ve JIS test standartlar\u0131n\u0131 destekler.<\/li>\n<\/ul>\n<p data-start=\"1933\" data-end=\"1954\"><strong>Kullan\u0131m Alanlar\u0131:<\/strong><\/p>\n<ul>\n<li data-start=\"1957\" data-end=\"1988\">Plastik film ve levha \u00fcretimi<\/li>\n<li data-start=\"1991\" data-end=\"2015\">Telefon ekran\u0131 \u00fcretimi<\/li>\n<li data-start=\"2018\" data-end=\"2049\">Cam \u00fcretimi ve kalite kontrol<\/li>\n<li data-start=\"2052\" data-end=\"2089\">Otomotiv cam ve ayd\u0131nlatma testleri<\/li>\n<li data-start=\"2092\" data-end=\"2125\">LCD ve dokunmatik panel \u00fcretimi<\/li>\n<li data-start=\"2128\" data-end=\"2161\">Ambalaj ve \u015feffaf \u00fcr\u00fcn testleri<\/li>\n<\/ul>\n<p>&nbsp;<\/p>\n<p><strong data-start=\"2853\" data-end=\"2882\">Insize HTM-B03 Haze Meter<\/strong>, plastikler, filmler, camlar ve LCD panellerde bulan\u0131kl\u0131k ve \u0131\u015f\u0131k ge\u00e7irgenli\u011fi \u00f6l\u00e7\u00fcm\u00fc i\u00e7in kullan\u0131lan, otomatik kalibrasyon ve geni\u015f \u00f6l\u00e7\u00fcm alan\u0131na sahip profesyonel bir test cihaz\u0131d\u0131r.<\/p>\n","protected":false},"excerpt":{"rendered":"<ul>\n<li data-start=\"1324\" data-end=\"1421\">Bulan\u0131kl\u0131k ve I\u015f\u0131k Ge\u00e7irgenli\u011fi \u00d6l\u00e7\u00fcm\u00fc: \u015eeffaf ve yar\u0131 \u015feffaf malzemelerde hassas \u00f6l\u00e7\u00fcm.<\/li>\n<li data-start=\"1424\" data-end=\"1494\">Yatay ve Dikey \u00d6l\u00e7\u00fcm: \u00d6l\u00e7\u00fcm y\u00f6n\u00fc manuel olarak ayarlanabilir.<\/li>\n<li data-start=\"1497\" data-end=\"1584\">S\u0131n\u0131rs\u0131z Numune Boyutu: A\u00e7\u0131k \u00f6l\u00e7\u00fcm alan\u0131 sayesinde b\u00fcy\u00fck par\u00e7alar \u00f6l\u00e7\u00fclebilir.<\/li>\n<li data-start=\"1587\" data-end=\"1676\">Veri Aktar\u0131m\u0131 ve Raporlama: Yaz\u0131l\u0131m \u00fczerinden grafik ve veri raporu alma imkan\u0131.<\/li>\n<li data-start=\"1679\" data-end=\"1770\">Otomatik Kalibrasyon ve Standardizasyon: S\u00fcrekli do\u011fru \u00f6l\u00e7\u00fcm i\u00e7in yerle\u015fik sistem.<\/li>\n<li data-start=\"1773\" data-end=\"1835\">Kolay Kullan\u0131m: Geni\u015f ekran ve kullan\u0131c\u0131 dostu men\u00fc.<\/li>\n<li data-start=\"1838\" data-end=\"1926\">Uluslararas\u0131 Standartlara Uygun: ASTM, ISO ve JIS test standartlar\u0131n\u0131 destekler.<\/li>\n<li data-start=\"1838\" data-end=\"1926\"><a href=\"https:\/\/denizmtl.com\/wp-content\/uploads\/2025\/07\/HTM-B.pdf\"><strong>Pdf i\u00e7in t\u0131klay\u0131n\u0131z.<\/strong><\/a><\/li>\n<\/ul>\n<p>&nbsp;<br \/>\n<a class=\"wp-iletim-button\" href=\"https:\/\/wa.me\/905422584189?text=Merhaba%2C%20https%3A%2F%2Fdenizmtl.com%2Fmobilapp%2Fwp-json%2Fwp%2Fv2%2Fproduct%2F29735%20sayfas%C4%B1ndaki%20%C3%BCr%C3%BCnle%20ilgili%20fiyat%20ve%20demo%20talep%20etmek%20istiyorum.\" target=\"_blank\" rel=\"noopener\" style=\"display:inline-block;padding:10px 16px;border-radius:6px;color:#fff;text-decoration:none;font-weight:600;background:#334862;\">F\u0130YAT VE DEMO TALEP ET<\/a>\n","protected":false},"author":1,"featured_media":29765,"comment_status":"open","ping_status":"closed","template":"","meta":[],"product_brand":[],"product_cat":[18,100,63],"product_tag":[446,447,448,449,450,451,452,453,454,455],"class_list":{"0":"post-29735","1":"product","2":"type-product","3":"status-publish","4":"has-post-thumbnail","6":"product_cat-insize","7":"product_cat-test-cihazlari","8":"product_cat-yeni-urunler","9":"product_tag-astm-iso-jis-uyumlu-olcer","10":"product_tag-bulaniklik-olcum-cihazi","11":"product_tag-genis-olcum-alanli-test-cihazi","12":"product_tag-haze-meter","13":"product_tag-insize-htm-b03","14":"product_tag-isik-gecirgenligi-olcum-cihazi","15":"product_tag-otomatik-kalibrasyonlu-cihaz","16":"product_tag-otomotiv-cam-test-cihazi","17":"product_tag-seffaf-malzeme-test-ekipmani","18":"product_tag-yatay-dikey-olcum-yapabilen-haze-meter","20":"first","21":"instock","22":"shipping-taxable","23":"product-type-simple"},"_links":{"self":[{"href":"https:\/\/denizmtl.com\/mobilapp\/wp-json\/wp\/v2\/product\/29735","targetHints":{"allow":["GET"]}}],"collection":[{"href":"https:\/\/denizmtl.com\/mobilapp\/wp-json\/wp\/v2\/product"}],"about":[{"href":"https:\/\/denizmtl.com\/mobilapp\/wp-json\/wp\/v2\/types\/product"}],"author":[{"embeddable":true,"href":"https:\/\/denizmtl.com\/mobilapp\/wp-json\/wp\/v2\/users\/1"}],"replies":[{"embeddable":true,"href":"https:\/\/denizmtl.com\/mobilapp\/wp-json\/wp\/v2\/comments?post=29735"}],"wp:featuredmedia":[{"embeddable":true,"href":"https:\/\/denizmtl.com\/mobilapp\/wp-json\/wp\/v2\/media\/29765"}],"wp:attachment":[{"href":"https:\/\/denizmtl.com\/mobilapp\/wp-json\/wp\/v2\/media?parent=29735"}],"wp:term":[{"taxonomy":"product_brand","embeddable":true,"href":"https:\/\/denizmtl.com\/mobilapp\/wp-json\/wp\/v2\/product_brand?post=29735"},{"taxonomy":"product_cat","embeddable":true,"href":"https:\/\/denizmtl.com\/mobilapp\/wp-json\/wp\/v2\/product_cat?post=29735"},{"taxonomy":"product_tag","embeddable":true,"href":"https:\/\/denizmtl.com\/mobilapp\/wp-json\/wp\/v2\/product_tag?post=29735"}],"curies":[{"name":"wp","href":"https:\/\/api.w.org\/{rel}","templated":true}]}}