{"id":29700,"date":"2025-08-14T11:40:09","date_gmt":"2025-08-14T08:40:09","guid":{"rendered":"https:\/\/denizmtl.com\/mobilapp\/?post_type=product&#038;p=29700"},"modified":"2025-10-02T17:45:16","modified_gmt":"2025-10-02T14:45:16","slug":"insize-thl-a05-sicaklik-ve-nem-data-logger","status":"publish","type":"product","link":"https:\/\/denizmtl.com\/mobilapp\/urunler\/insize-thl-a05-sicaklik-ve-nem-data-logger\/","title":{"rendered":"Insize THL-A05 S\u0131cakl\u0131k ve Nem Data Logger"},"content":{"rendered":"<h3 data-start=\"206\" data-end=\"253\">Insize THL-A05 S\u0131cakl\u0131k ve Nem Data Logger<\/h3>\n<p data-start=\"254\" data-end=\"304\"><strong>32 Kanall\u0131 Y\u00fcksek Kapasiteli Veri Kay\u0131t \u00c7\u00f6z\u00fcm\u00fc<\/strong><\/p>\n<p data-start=\"306\" data-end=\"746\"><strong data-start=\"306\" data-end=\"352\">Insize THL-A05 S\u0131cakl\u0131k ve Nem Data Logger<\/strong>, \u00e7oklu kanal deste\u011fi, y\u00fcksek veri depolama kapasitesi ve kullan\u0131c\u0131 dostu dokunmatik ekran\u0131 ile s\u0131cakl\u0131k, nem ve atmosfer bas\u0131nc\u0131 \u00f6l\u00e7\u00fcmlerini e\u015f zamanl\u0131 olarak takip etmenize imk\u00e2n sa\u011flar. \u00d6zellikle \u00e7evresel test ekipmanlar\u0131, end\u00fcstriyel f\u0131r\u0131nlar, do\u011frulama f\u0131r\u0131nlar\u0131 ve laboratuvar ortamlar\u0131nda s\u0131cakl\u0131k ve nemin stabilitesini ve de\u011fi\u015fimini uzun s\u00fcre boyunca kaydetmek i\u00e7in ideal bir cihazd\u0131r.Cihaz\u0131n sundu\u011fu <strong data-start=\"764\" data-end=\"785\">32 ba\u011f\u0131ms\u0131z kanal<\/strong>, farkl\u0131 sens\u00f6r tipleri ile ayn\u0131 anda \u00e7al\u0131\u015fabilmenizi sa\u011flar. Termokupl, diren\u00e7 s\u0131cakl\u0131k dedekt\u00f6r\u00fc (RTD), nem ve atmosfer bas\u0131nc\u0131 gibi \u00e7e\u015fitli giri\u015fleri destekler. Her kanal i\u00e7in \u00f6rnekleme s\u00fcresi ve \u00f6l\u00e7\u00fcm aral\u0131\u011f\u0131 ayr\u0131 ayr\u0131 yap\u0131land\u0131r\u0131labilir. Bu sayede \u00e7ok y\u00f6nl\u00fc ve detayl\u0131 bir veri toplama s\u00fcreci elde edilir.<\/p>\n<p data-start=\"1097\" data-end=\"1353\">THL-A05 S\u0131cakl\u0131k ve Nem Data Logger, entegre y\u00fcksek kapasiteli belle\u011fi sayesinde 500 farkl\u0131 veri seti (toplam 10.000 \u00f6rnek) saklayabilir. USB giri\u015fi ile verilerinizi kolayca d\u0131\u015fa aktarabilir ve RS485 ba\u011flant\u0131s\u0131 ile cihaz\u0131 bilgisayara entegre edebilirsiniz.<\/p>\n<p data-start=\"1355\" data-end=\"1653\">Cihaz, \u00f6l\u00e7\u00fcm, veri kayd\u0131, ekran g\u00f6r\u00fcnt\u00fcleme, yazd\u0131rma, otomatik kalibrasyon ve manuel d\u00fczeltme gibi kapsaml\u0131 fonksiyonlar\u0131 kullan\u0131c\u0131 dostu bir aray\u00fczle sunar. 5.5 in\u00e7 dokunmatik ekran \u00fczerinden t\u00fcm fonksiyonlara h\u0131zl\u0131 bir \u015fekilde ula\u015f\u0131labilir. Cihazla birlikte bilgisayar yaz\u0131l\u0131m\u0131 da sunulmaktad\u0131r.<\/p>\n<p data-start=\"1660\" data-end=\"1680\"><strong>\u00dcr\u00fcn \u00d6zellikleri:<\/strong><\/p>\n<ul>\n<li data-start=\"1683\" data-end=\"1763\"><strong data-start=\"1686\" data-end=\"1715\">32 Ba\u011f\u0131ms\u0131z \u00d6l\u00e7\u00fcm Kanal\u0131:<\/strong> S\u0131cakl\u0131k, nem ve bas\u0131n\u00e7 sens\u00f6rleriyle uyumlu.<\/li>\n<li data-start=\"1766\" data-end=\"1850\"><strong data-start=\"1769\" data-end=\"1798\">Y\u00fcksek Haf\u0131za Kapasitesi:<\/strong> 500 veri seti ve 10.000 \u00f6rnek saklama kapasitesi.<\/li>\n<li data-start=\"1853\" data-end=\"1947\"><strong data-start=\"1856\" data-end=\"1882\">USB ve RS485 Ba\u011flant\u0131:<\/strong> USB bellek ile veri aktar\u0131m\u0131, RS485 ile bilgisayar ba\u011flant\u0131s\u0131.<\/li>\n<li data-start=\"1950\" data-end=\"2022\"><strong data-start=\"1954\" data-end=\"1980\">5.5\u201d Dokunmatik Ekran:<\/strong> Kolay kullan\u0131m, h\u0131zl\u0131 veri g\u00f6r\u00fcnt\u00fcleme.<\/li>\n<li data-start=\"2025\" data-end=\"2084\"><strong data-start=\"2029\" data-end=\"2048\">Entegre Yaz\u0131c\u0131:<\/strong> \u00d6l\u00e7\u00fcmleri an\u0131nda yazd\u0131rma imk\u00e2n\u0131.<\/li>\n<li data-start=\"2087\" data-end=\"2177\"><strong data-start=\"2090\" data-end=\"2115\">Otomatik Kalibrasyon:<\/strong> Kullan\u0131c\u0131 dostu otomatik ve manuel kalibrasyon se\u00e7enekleri.<\/li>\n<li data-start=\"2180\" data-end=\"2263\"><strong data-start=\"2183\" data-end=\"2212\">Kapsaml\u0131 Yaz\u0131l\u0131m Deste\u011fi:<\/strong> \u00d6l\u00e7\u00fcm ve veri analizi i\u00e7in yaz\u0131l\u0131m paketi dahil.<\/li>\n<\/ul>\n<p data-start=\"2270\" data-end=\"2291\"><strong>Kullan\u0131m Alanlar\u0131:<\/strong><\/p>\n<ul>\n<li data-start=\"2294\" data-end=\"2325\">\u00c7evresel test laboratuvarlar\u0131<\/li>\n<li data-start=\"2328\" data-end=\"2373\">End\u00fcstriyel f\u0131r\u0131nlar ve do\u011frulama f\u0131r\u0131nlar\u0131<\/li>\n<li data-start=\"2376\" data-end=\"2412\">\u00dcretim ve kalite kontrol s\u00fcre\u00e7leri<\/li>\n<li data-start=\"2415\" data-end=\"2455\">S\u0131cakl\u0131k ve nem stabilizasyon testleri<\/li>\n<li data-start=\"2458\" data-end=\"2501\">G\u0131da ve ila\u00e7 end\u00fcstrisi ortam kontrolleri<\/li>\n<li data-start=\"2504\" data-end=\"2545\">Ara\u015ft\u0131rma ve geli\u015ftirme laboratuvarlar\u0131<\/li>\n<\/ul>\n<p data-start=\"2552\" data-end=\"2604\"><strong>Neden Insize THL-A05 Data Logger Tercih Edilmeli?<\/strong><\/p>\n<p data-start=\"2605\" data-end=\"2869\">\u2714\ufe0f \u00c7oklu kanal deste\u011fi ile geni\u015f uygulama alan\u0131<br data-start=\"2652\" data-end=\"2655\" \/>\u2714\ufe0f Y\u00fcksek veri kay\u0131t kapasitesi ve h\u0131zl\u0131 veri transferi<br data-start=\"2710\" data-end=\"2713\" \/>\u2714\ufe0f Kullan\u0131c\u0131 dostu dokunmatik ekran ve entegre yaz\u0131c\u0131<br data-start=\"2766\" data-end=\"2769\" \/>\u2714\ufe0f Farkl\u0131 sens\u00f6rlerle tam uyum<br data-start=\"2799\" data-end=\"2802\" \/>\u2714\ufe0f Otomatik ve manuel kalibrasyon se\u00e7enekleri ile y\u00fcksek do\u011fruluk<\/p>\n","protected":false},"excerpt":{"rendered":"<ul>\n<li>\u00c7oklu kanal deste\u011fi ile geni\u015f uygulama alan\u0131<\/li>\n<li>Y\u00fcksek veri kay\u0131t kapasitesi ve h\u0131zl\u0131 veri transferi<\/li>\n<li>Kullan\u0131c\u0131 dostu dokunmatik ekran ve entegre yaz\u0131c\u0131<\/li>\n<li>Farkl\u0131 sens\u00f6rlerle tam uyum<\/li>\n<li>Otomatik ve manuel kalibrasyon se\u00e7enekleri ile y\u00fcksek do\u011fruluk<\/li>\n<li><a href=\"https:\/\/denizmtl.com\/wp-content\/uploads\/2025\/07\/THL-A05.pdf\"><strong>Pdf i\u00e7in t\u0131klay\u0131n\u0131z.<\/strong><\/a><\/li>\n<\/ul>\n<p>&nbsp;<br \/>\n<a class=\"wp-iletim-button\" href=\"https:\/\/wa.me\/905422584189?text=Merhaba%2C%20https%3A%2F%2Fdenizmtl.com%2Fmobilapp%2Fwp-json%2Fwp%2Fv2%2Fproduct%2F29700%20sayfas%C4%B1ndaki%20%C3%BCr%C3%BCnle%20ilgili%20fiyat%20ve%20demo%20talep%20etmek%20istiyorum.\" target=\"_blank\" rel=\"noopener\" style=\"display:inline-block;padding:10px 16px;border-radius:6px;color:#fff;text-decoration:none;font-weight:600;background:#334862;\">F\u0130YAT VE DEMO TALEP ET<\/a>\n","protected":false},"author":1,"featured_media":29730,"comment_status":"open","ping_status":"closed","template":"","meta":[],"product_brand":[],"product_cat":[18,114,123,100,63],"product_tag":[380,381,382,383,384,385,386,387,388,389],"class_list":{"0":"post-29700","1":"product","2":"type-product","3":"status-publish","4":"has-post-thumbnail","6":"product_cat-insize","7":"product_cat-portatif-test-cihazlari","8":"product_cat-termal-kamerali-yuz-tanima-ve-vucut-isi-olcer","9":"product_cat-test-cihazlari","10":"product_cat-yeni-urunler","11":"product_tag-32-kanal-data-logger","12":"product_tag-cevresel-test-ekipmani","13":"product_tag-dokunmatik-ekranli-veri-kayit-cihazi","14":"product_tag-endustriyel-data-logger","15":"product_tag-insize-thl-a05","16":"product_tag-kalite-kontrol-olcum-cihazi","17":"product_tag-rs485-arayuzlu-data-logger","18":"product_tag-sicaklik-ve-nem-data-logger","19":"product_tag-usb-baglantili-data-logger","20":"product_tag-yuksek-hafiza-kayit-cihazi","22":"first","23":"instock","24":"shipping-taxable","25":"product-type-simple"},"_links":{"self":[{"href":"https:\/\/denizmtl.com\/mobilapp\/wp-json\/wp\/v2\/product\/29700","targetHints":{"allow":["GET"]}}],"collection":[{"href":"https:\/\/denizmtl.com\/mobilapp\/wp-json\/wp\/v2\/product"}],"about":[{"href":"https:\/\/denizmtl.com\/mobilapp\/wp-json\/wp\/v2\/types\/product"}],"author":[{"embeddable":true,"href":"https:\/\/denizmtl.com\/mobilapp\/wp-json\/wp\/v2\/users\/1"}],"replies":[{"embeddable":true,"href":"https:\/\/denizmtl.com\/mobilapp\/wp-json\/wp\/v2\/comments?post=29700"}],"wp:featuredmedia":[{"embeddable":true,"href":"https:\/\/denizmtl.com\/mobilapp\/wp-json\/wp\/v2\/media\/29730"}],"wp:attachment":[{"href":"https:\/\/denizmtl.com\/mobilapp\/wp-json\/wp\/v2\/media?parent=29700"}],"wp:term":[{"taxonomy":"product_brand","embeddable":true,"href":"https:\/\/denizmtl.com\/mobilapp\/wp-json\/wp\/v2\/product_brand?post=29700"},{"taxonomy":"product_cat","embeddable":true,"href":"https:\/\/denizmtl.com\/mobilapp\/wp-json\/wp\/v2\/product_cat?post=29700"},{"taxonomy":"product_tag","embeddable":true,"href":"https:\/\/denizmtl.com\/mobilapp\/wp-json\/wp\/v2\/product_tag?post=29700"}],"curies":[{"name":"wp","href":"https:\/\/api.w.org\/{rel}","templated":true}]}}