{"id":29588,"date":"2025-08-14T11:39:15","date_gmt":"2025-08-14T08:39:15","guid":{"rendered":"https:\/\/denizmtl.com\/mobilapp\/?post_type=product&#038;p=29588"},"modified":"2025-10-02T17:45:10","modified_gmt":"2025-10-02T14:45:10","slug":"insize-isr-c400-otomasyon-icin-puruzluluk-test-cihazi","status":"publish","type":"product","link":"https:\/\/denizmtl.com\/mobilapp\/urunler\/insize-isr-c400-otomasyon-icin-puruzluluk-test-cihazi\/","title":{"rendered":"Insize ISR-C400 Otomasyon \u0130\u00e7in P\u00fcr\u00fczl\u00fcl\u00fck Test Cihaz\u0131"},"content":{"rendered":"","protected":false},"excerpt":{"rendered":"<ul>\n<li>Otomatik \u00e7al\u0131\u015fma i\u00e7in PLC ile ileti\u015fim kurun<\/li>\n<li>1, 3 veya 4 \u00f6l\u00e7\u00fcm parametresi grubunu g\u00f6r\u00fcnt\u00fcleyin<\/li>\n<li>E\u015fik alarm fonksiyonu<\/li>\n<li>Se\u00e7ilebilir \u00f6l\u00e7\u00fcm standartlar\u0131 ISO-4287, ISO-4288, ANSI B46.1, DIN-4768, JIS-B601, ISO-21290, ISO-13565, GB\/T-13288<\/li>\n<li>\u00d6l\u00e7\u00fcm s\u0131ras\u0131nda otomatik aral\u0131k de\u011fi\u015fimi<\/li>\n<li>P\u00fcr\u00fczl\u00fcl\u00fck de\u011ferini, profili ve e\u011friyi g\u00f6r\u00fcnt\u00fcleyin<\/li>\n<li>Bluetooth yaz\u0131c\u0131y\u0131 destekleyin, \u00f6l\u00e7\u00fcm parametrelerini ve e\u011frilerini \u00f6zg\u00fcrce se\u00e7in<\/li>\n<li>Maksimum 100 sonu\u00e7 haf\u0131zas\u0131<\/li>\n<li>Veriler bluetooth veya SPC kablosuyla bilgisayara ba\u011flanarak Excel&#8217;e g\u00f6nderilebilir\n<p><a href=\"https:\/\/denizmtl.com\/wp-content\/uploads\/2025\/06\/ISR-C400.pdf\"><strong>PDF i\u00e7in t\u0131klay\u0131n\u0131z.<\/strong><\/a><\/li>\n<\/ul>\n<p>&nbsp;<br \/>\n<a class=\"wp-iletim-button\" href=\"https:\/\/wa.me\/905422584189?text=Merhaba%2C%20https%3A%2F%2Fdenizmtl.com%2Fmobilapp%2Fwp-json%2Fwp%2Fv2%2Fproduct%2F29588%20sayfas%C4%B1ndaki%20%C3%BCr%C3%BCnle%20ilgili%20fiyat%20ve%20demo%20talep%20etmek%20istiyorum.\" target=\"_blank\" rel=\"noopener\" style=\"display:inline-block;padding:10px 16px;border-radius:6px;color:#fff;text-decoration:none;font-weight:600;background:#334862;\">F\u0130YAT VE DEMO TALEP ET<\/a>\n","protected":false},"author":1,"featured_media":29617,"comment_status":"open","ping_status":"closed","template":"","meta":[],"product_brand":[],"product_cat":[18,100,63],"product_tag":[],"class_list":{"0":"post-29588","1":"product","2":"type-product","3":"status-publish","4":"has-post-thumbnail","6":"product_cat-insize","7":"product_cat-test-cihazlari","8":"product_cat-yeni-urunler","10":"first","11":"instock","12":"shipping-taxable","13":"product-type-simple"},"_links":{"self":[{"href":"https:\/\/denizmtl.com\/mobilapp\/wp-json\/wp\/v2\/product\/29588","targetHints":{"allow":["GET"]}}],"collection":[{"href":"https:\/\/denizmtl.com\/mobilapp\/wp-json\/wp\/v2\/product"}],"about":[{"href":"https:\/\/denizmtl.com\/mobilapp\/wp-json\/wp\/v2\/types\/product"}],"author":[{"embeddable":true,"href":"https:\/\/denizmtl.com\/mobilapp\/wp-json\/wp\/v2\/users\/1"}],"replies":[{"embeddable":true,"href":"https:\/\/denizmtl.com\/mobilapp\/wp-json\/wp\/v2\/comments?post=29588"}],"wp:featuredmedia":[{"embeddable":true,"href":"https:\/\/denizmtl.com\/mobilapp\/wp-json\/wp\/v2\/media\/29617"}],"wp:attachment":[{"href":"https:\/\/denizmtl.com\/mobilapp\/wp-json\/wp\/v2\/media?parent=29588"}],"wp:term":[{"taxonomy":"product_brand","embeddable":true,"href":"https:\/\/denizmtl.com\/mobilapp\/wp-json\/wp\/v2\/product_brand?post=29588"},{"taxonomy":"product_cat","embeddable":true,"href":"https:\/\/denizmtl.com\/mobilapp\/wp-json\/wp\/v2\/product_cat?post=29588"},{"taxonomy":"product_tag","embeddable":true,"href":"https:\/\/denizmtl.com\/mobilapp\/wp-json\/wp\/v2\/product_tag?post=29588"}],"curies":[{"name":"wp","href":"https:\/\/api.w.org\/{rel}","templated":true}]}}