{"id":29584,"date":"2025-08-14T11:39:14","date_gmt":"2025-08-14T08:39:14","guid":{"rendered":"https:\/\/denizmtl.com\/mobilapp\/?post_type=product&#038;p=29584"},"modified":"2025-10-02T17:45:09","modified_gmt":"2025-10-02T14:45:09","slug":"insize-xat-a-xenon-ark-lambali-yaslandirma-test-kabini","status":"publish","type":"product","link":"https:\/\/denizmtl.com\/mobilapp\/urunler\/insize-xat-a-xenon-ark-lambali-yaslandirma-test-kabini\/","title":{"rendered":"Insize XAT-A Xenon Ark Lambal\u0131 Ya\u015fland\u0131rma Test Kabini"},"content":{"rendered":"","protected":false},"excerpt":{"rendered":"<ul>\n<li>Boya ve kaplama, otomotiv end\u00fcstrisi, plastik ve kau\u00e7uk, in\u015faat malzemeleri, elektronik end\u00fcstrisi vb. alanlarda kullan\u0131ma uygundur.<\/li>\n<li>Tam spektrum g\u00fcne\u015f \u0131\u015f\u0131\u011f\u0131n\u0131 sim\u00fcle edin, deneysel verilerin g\u00fcvenilirli\u011fini sa\u011flay\u0131n<\/li>\n<li>I\u015f\u0131n\u0131m kalibrasyonu i\u00e7in iste\u011fe ba\u011fl\u0131 \u0131\u015f\u0131n\u0131m kalibrat\u00f6r\u00fc<\/li>\n<li>\u00dcniform ve kararl\u0131 \u0131\u015f\u0131nlamay\u0131 sa\u011flamak i\u00e7in su so\u011futma lambas\u0131 ve tambur tipi yap\u0131 \u00f6zelli\u011fi<\/li>\n<li>10 test program\u0131n\u0131 serbest\u00e7e programlama ve 6 adet \u00f6nceden ayarlanm\u0131\u015f uluslararas\u0131 standart program\u0131 saklama kapasitesi<\/li>\n<li>USB flash s\u00fcr\u00fcc\u00fc ile test verilerinin d\u0131\u015fa aktar\u0131lmas\u0131n\u0131 destekler<\/li>\n<li><a href=\"https:\/\/denizmtl.com\/wp-content\/uploads\/2025\/06\/XAT-A.pdf\"><strong>PDF i\u00e7in t\u0131klay\u0131n\u0131z.<\/strong><\/a><\/li>\n<\/ul>\n<p>&nbsp;<br \/>\n<a class=\"wp-iletim-button\" href=\"https:\/\/wa.me\/905422584189?text=Merhaba%2C%20https%3A%2F%2Fdenizmtl.com%2Fmobilapp%2Fwp-json%2Fwp%2Fv2%2Fproduct%2F29584%20sayfas%C4%B1ndaki%20%C3%BCr%C3%BCnle%20ilgili%20fiyat%20ve%20demo%20talep%20etmek%20istiyorum.\" target=\"_blank\" rel=\"noopener\" style=\"display:inline-block;padding:10px 16px;border-radius:6px;color:#fff;text-decoration:none;font-weight:600;background:#334862;\">F\u0130YAT VE DEMO TALEP ET<\/a>\n","protected":false},"author":1,"featured_media":29613,"comment_status":"open","ping_status":"closed","template":"","meta":[],"product_brand":[],"product_cat":[18,100,63],"product_tag":[],"class_list":{"0":"post-29584","1":"product","2":"type-product","3":"status-publish","4":"has-post-thumbnail","6":"product_cat-insize","7":"product_cat-test-cihazlari","8":"product_cat-yeni-urunler","10":"first","11":"instock","12":"shipping-taxable","13":"product-type-simple"},"_links":{"self":[{"href":"https:\/\/denizmtl.com\/mobilapp\/wp-json\/wp\/v2\/product\/29584","targetHints":{"allow":["GET"]}}],"collection":[{"href":"https:\/\/denizmtl.com\/mobilapp\/wp-json\/wp\/v2\/product"}],"about":[{"href":"https:\/\/denizmtl.com\/mobilapp\/wp-json\/wp\/v2\/types\/product"}],"author":[{"embeddable":true,"href":"https:\/\/denizmtl.com\/mobilapp\/wp-json\/wp\/v2\/users\/1"}],"replies":[{"embeddable":true,"href":"https:\/\/denizmtl.com\/mobilapp\/wp-json\/wp\/v2\/comments?post=29584"}],"wp:featuredmedia":[{"embeddable":true,"href":"https:\/\/denizmtl.com\/mobilapp\/wp-json\/wp\/v2\/media\/29613"}],"wp:attachment":[{"href":"https:\/\/denizmtl.com\/mobilapp\/wp-json\/wp\/v2\/media?parent=29584"}],"wp:term":[{"taxonomy":"product_brand","embeddable":true,"href":"https:\/\/denizmtl.com\/mobilapp\/wp-json\/wp\/v2\/product_brand?post=29584"},{"taxonomy":"product_cat","embeddable":true,"href":"https:\/\/denizmtl.com\/mobilapp\/wp-json\/wp\/v2\/product_cat?post=29584"},{"taxonomy":"product_tag","embeddable":true,"href":"https:\/\/denizmtl.com\/mobilapp\/wp-json\/wp\/v2\/product_tag?post=29584"}],"curies":[{"name":"wp","href":"https:\/\/api.w.org\/{rel}","templated":true}]}}