{"id":29524,"date":"2025-08-14T11:38:46","date_gmt":"2025-08-14T08:38:46","guid":{"rendered":"https:\/\/denizmtl.com\/mobilapp\/?post_type=product&#038;p=29524"},"modified":"2025-08-14T11:39:04","modified_gmt":"2025-08-14T08:39:04","slug":"insize-6547-dikey-aci-plakasi","status":"publish","type":"product","link":"https:\/\/denizmtl.com\/mobilapp\/urunler\/insize-6547-dikey-aci-plakasi\/","title":{"rendered":"Insize 6547 Dikey A\u00e7\u0131 Plakas\u0131"},"content":{"rendered":"","protected":false},"excerpt":{"rendered":"<ul>\n<li>Ala\u015f\u0131ml\u0131 \u00e7elikten yap\u0131lm\u0131\u015f<\/li>\n<li>HRC60\u00b12&#8217;ye kadar sertle\u015ftirilmi\u015ftir<\/li>\n<li>Silindirler i\u00e7in V olu\u011fu<\/li>\n<li>A, B, C, D, E, F, G ve H aras\u0131ndaki paralellik ve karelik: 10\u03bcm<\/li>\n<li>V olu\u011funun A, B, C, D, E, F, G ve H&#8217;ye paralelli\u011fi ve kareli\u011fi: 10\u00b5m<br \/>\n<a href=\"https:\/\/denizmtl.com\/wp-content\/uploads\/2025\/06\/6547.pdf\"><strong>PDF i\u00e7in t\u0131klay\u0131n\u0131z.<\/strong><\/a><\/li>\n<\/ul>\n","protected":false},"author":1,"featured_media":29554,"comment_status":"open","ping_status":"closed","template":"","meta":[],"product_brand":[],"product_cat":[28],"product_tag":[],"class_list":{"0":"post-29524","1":"product","2":"type-product","3":"status-publish","4":"has-post-thumbnail","6":"product_cat-diger-olcu-aletleri","8":"first","9":"instock","10":"shipping-taxable","11":"product-type-simple"},"_links":{"self":[{"href":"https:\/\/denizmtl.com\/mobilapp\/wp-json\/wp\/v2\/product\/29524","targetHints":{"allow":["GET"]}}],"collection":[{"href":"https:\/\/denizmtl.com\/mobilapp\/wp-json\/wp\/v2\/product"}],"about":[{"href":"https:\/\/denizmtl.com\/mobilapp\/wp-json\/wp\/v2\/types\/product"}],"author":[{"embeddable":true,"href":"https:\/\/denizmtl.com\/mobilapp\/wp-json\/wp\/v2\/users\/1"}],"replies":[{"embeddable":true,"href":"https:\/\/denizmtl.com\/mobilapp\/wp-json\/wp\/v2\/comments?post=29524"}],"wp:featuredmedia":[{"embeddable":true,"href":"https:\/\/denizmtl.com\/mobilapp\/wp-json\/wp\/v2\/media\/29554"}],"wp:attachment":[{"href":"https:\/\/denizmtl.com\/mobilapp\/wp-json\/wp\/v2\/media?parent=29524"}],"wp:term":[{"taxonomy":"product_brand","embeddable":true,"href":"https:\/\/denizmtl.com\/mobilapp\/wp-json\/wp\/v2\/product_brand?post=29524"},{"taxonomy":"product_cat","embeddable":true,"href":"https:\/\/denizmtl.com\/mobilapp\/wp-json\/wp\/v2\/product_cat?post=29524"},{"taxonomy":"product_tag","embeddable":true,"href":"https:\/\/denizmtl.com\/mobilapp\/wp-json\/wp\/v2\/product_tag?post=29524"}],"curies":[{"name":"wp","href":"https:\/\/api.w.org\/{rel}","templated":true}]}}