{"id":29465,"date":"2025-08-14T11:38:18","date_gmt":"2025-08-14T08:38:18","guid":{"rendered":"https:\/\/denizmtl.com\/mobilapp\/?post_type=product&#038;p=29465"},"modified":"2025-08-14T11:38:35","modified_gmt":"2025-08-14T08:38:35","slug":"insize-7146-dijital-olcum-tekerlegi","status":"publish","type":"product","link":"https:\/\/denizmtl.com\/mobilapp\/urunler\/insize-7146-dijital-olcum-tekerlegi\/","title":{"rendered":"Insize 7146 Dijital \u00d6l\u00e7\u00fcm Tekerle\u011fi"},"content":{"rendered":"","protected":false},"excerpt":{"rendered":"<ul>\n<li>IP40 toz\/su ge\u00e7irmez<\/li>\n<li>E\u011frinin uzunlu\u011funun \u00f6l\u00e7\u00fclmesi<\/li>\n<li>D\u00f6rt \u00f6l\u00e7\u00fcm modu: uzunluk, dikd\u00f6rtgen alan\u0131, daire \u00e7ap\u0131, k\u00fcp<\/li>\n<li>\u00c7\u00f6z\u00fcn\u00fcrl\u00fck: 0,001m\/0,01ft<\/li>\n<li>D\u00fc\u011fme i\u015flevi: a\u00e7ma\/kapama, mm\/in\u00e7, bir veya iki taraf ayar\u0131, \u00f6l\u00e7\u00fcm modu d\u00f6n\u00fc\u015f\u00fcm\u00fc, \u00f6l\u00e7\u00fcm<\/li>\n<li>Pil CR2032, otomatik kapanma<br \/>\n<a href=\"https:\/\/denizmtl.com\/wp-content\/uploads\/2025\/06\/7146.pdf\"><strong>PDF i\u00e7in t\u0131klay\u0131n\u0131z.<\/strong><\/a><\/li>\n<\/ul>\n","protected":false},"author":1,"featured_media":29494,"comment_status":"open","ping_status":"closed","template":"","meta":[],"product_brand":[],"product_cat":[117],"product_tag":[],"class_list":{"0":"post-29465","1":"product","2":"type-product","3":"status-publish","4":"has-post-thumbnail","6":"product_cat-olcum-setleri","8":"first","9":"instock","10":"shipping-taxable","11":"product-type-simple"},"_links":{"self":[{"href":"https:\/\/denizmtl.com\/mobilapp\/wp-json\/wp\/v2\/product\/29465","targetHints":{"allow":["GET"]}}],"collection":[{"href":"https:\/\/denizmtl.com\/mobilapp\/wp-json\/wp\/v2\/product"}],"about":[{"href":"https:\/\/denizmtl.com\/mobilapp\/wp-json\/wp\/v2\/types\/product"}],"author":[{"embeddable":true,"href":"https:\/\/denizmtl.com\/mobilapp\/wp-json\/wp\/v2\/users\/1"}],"replies":[{"embeddable":true,"href":"https:\/\/denizmtl.com\/mobilapp\/wp-json\/wp\/v2\/comments?post=29465"}],"wp:featuredmedia":[{"embeddable":true,"href":"https:\/\/denizmtl.com\/mobilapp\/wp-json\/wp\/v2\/media\/29494"}],"wp:attachment":[{"href":"https:\/\/denizmtl.com\/mobilapp\/wp-json\/wp\/v2\/media?parent=29465"}],"wp:term":[{"taxonomy":"product_brand","embeddable":true,"href":"https:\/\/denizmtl.com\/mobilapp\/wp-json\/wp\/v2\/product_brand?post=29465"},{"taxonomy":"product_cat","embeddable":true,"href":"https:\/\/denizmtl.com\/mobilapp\/wp-json\/wp\/v2\/product_cat?post=29465"},{"taxonomy":"product_tag","embeddable":true,"href":"https:\/\/denizmtl.com\/mobilapp\/wp-json\/wp\/v2\/product_tag?post=29465"}],"curies":[{"name":"wp","href":"https:\/\/api.w.org\/{rel}","templated":true}]}}