{"id":29409,"date":"2025-08-14T11:37:52","date_gmt":"2025-08-14T08:37:52","guid":{"rendered":"https:\/\/denizmtl.com\/mobilapp\/?post_type=product&#038;p=29409"},"modified":"2025-08-14T11:38:09","modified_gmt":"2025-08-14T08:38:09","slug":"insize-4733-merkezleme-tezgahi","status":"publish","type":"product","link":"https:\/\/denizmtl.com\/mobilapp\/urunler\/insize-4733-merkezleme-tezgahi\/","title":{"rendered":"Insize 4733 Merkezleme Tezgah\u0131"},"content":{"rendered":"","protected":false},"excerpt":{"rendered":"<ul>\n<li>Sertle\u015ftirilmi\u015f d\u00f6k\u00fcm demir k\u0131lavuz y\u00fczeyi<\/li>\n<li>H\u0131zl\u0131 hareket, seri \u00fcretim denetimi i\u00e7in uygundur<\/li>\n<li>Ayarlanabilir y\u00fckseklikli mafsal: 0-15 mm, farkl\u0131 \u00e7aplardaki i\u015f par\u00e7alar\u0131n\u0131n incelenmesi i\u00e7in uygundur<\/li>\n<li>\u0130ste\u011fe ba\u011fl\u0131 aksesuar: arama testi g\u00f6stergesi<br \/>\n<a href=\"https:\/\/denizmtl.com\/wp-content\/uploads\/2025\/06\/4733.pdf\"><strong>PDF i\u00e7in t\u0131klay\u0131n\u0131z.<\/strong><\/a><\/li>\n<\/ul>\n","protected":false},"author":1,"featured_media":29438,"comment_status":"open","ping_status":"closed","template":"","meta":[],"product_brand":[],"product_cat":[33],"product_tag":[],"class_list":{"0":"post-29409","1":"product","2":"type-product","3":"status-publish","4":"has-post-thumbnail","6":"product_cat-sehpalar","8":"first","9":"instock","10":"shipping-taxable","11":"product-type-simple"},"_links":{"self":[{"href":"https:\/\/denizmtl.com\/mobilapp\/wp-json\/wp\/v2\/product\/29409","targetHints":{"allow":["GET"]}}],"collection":[{"href":"https:\/\/denizmtl.com\/mobilapp\/wp-json\/wp\/v2\/product"}],"about":[{"href":"https:\/\/denizmtl.com\/mobilapp\/wp-json\/wp\/v2\/types\/product"}],"author":[{"embeddable":true,"href":"https:\/\/denizmtl.com\/mobilapp\/wp-json\/wp\/v2\/users\/1"}],"replies":[{"embeddable":true,"href":"https:\/\/denizmtl.com\/mobilapp\/wp-json\/wp\/v2\/comments?post=29409"}],"wp:featuredmedia":[{"embeddable":true,"href":"https:\/\/denizmtl.com\/mobilapp\/wp-json\/wp\/v2\/media\/29438"}],"wp:attachment":[{"href":"https:\/\/denizmtl.com\/mobilapp\/wp-json\/wp\/v2\/media?parent=29409"}],"wp:term":[{"taxonomy":"product_brand","embeddable":true,"href":"https:\/\/denizmtl.com\/mobilapp\/wp-json\/wp\/v2\/product_brand?post=29409"},{"taxonomy":"product_cat","embeddable":true,"href":"https:\/\/denizmtl.com\/mobilapp\/wp-json\/wp\/v2\/product_cat?post=29409"},{"taxonomy":"product_tag","embeddable":true,"href":"https:\/\/denizmtl.com\/mobilapp\/wp-json\/wp\/v2\/product_tag?post=29409"}],"curies":[{"name":"wp","href":"https:\/\/api.w.org\/{rel}","templated":true}]}}