{"id":29234,"date":"2025-08-14T11:36:27","date_gmt":"2025-08-14T08:36:27","guid":{"rendered":"https:\/\/denizmtl.com\/mobilapp\/?post_type=product&#038;p=29234"},"modified":"2025-08-14T11:36:44","modified_gmt":"2025-08-14T08:36:44","slug":"insize-3522-karbon-fiber-derinlik-olcer","status":"publish","type":"product","link":"https:\/\/denizmtl.com\/mobilapp\/urunler\/insize-3522-karbon-fiber-derinlik-olcer\/","title":{"rendered":"Insize 3522 Karbon Fiber Derinlik \u00d6l\u00e7er"},"content":{"rendered":"","protected":false},"excerpt":{"rendered":"<ul>\n<li>Karbon fiber uzatma \u00e7ubuklar\u0131, hafiftir, kolay deforme olmaz, d\u00fc\u015f\u00fck termal genle\u015fme<\/li>\n<li>Karb\u00fcr \u00f6l\u00e7\u00fcm y\u00fczeyleri<\/li>\n<li>Veri \u00e7\u0131k\u0131\u015f\u0131<\/li>\n<li>D\u00fc\u011fme i\u015flevi: a\u00e7ma\/kapama, s\u0131f\u0131rlama, tolerans Ge\u00e7 ve Ge\u00e7me g\u00f6r\u00fcnt\u00fcleme, veri \u00f6n ayar\u0131, \u00f6l\u00e7\u00fcm y\u00f6n\u00fc de\u011fi\u015fikli\u011fi, maks.\/min.\/TIR \u00f6l\u00e7\u00fcm\u00fc, in\u00e7\/metrik d\u00f6n\u00fc\u015ft\u00fcrme, mutlak\/art\u0131ml\u0131 \u00f6l\u00e7\u00fcm<\/li>\n<li>400mm ayar standard\u0131 ile birlikte verilir<\/li>\n<li>\u0130ste\u011fe ba\u011fl\u0131 aksesuar:<\/li>\n<li>veri \u00e7\u0131k\u0131\u015f kablosu (kod 7302-40M)<\/li>\n<li>kablosuz veri iletimi (verici kodu 7315-51, al\u0131c\u0131ya ihtiya\u00e7 var)<\/li>\n<li><a href=\"https:\/\/denizmtl.com\/wp-content\/uploads\/2025\/05\/3522.pdf\"><strong>PDF i\u00e7in t\u0131klay\u0131n\u0131z.<\/strong><\/a><\/li>\n<\/ul>\n","protected":false},"author":1,"featured_media":29264,"comment_status":"open","ping_status":"closed","template":"","meta":[],"product_brand":[],"product_cat":[28],"product_tag":[],"class_list":{"0":"post-29234","1":"product","2":"type-product","3":"status-publish","4":"has-post-thumbnail","6":"product_cat-diger-olcu-aletleri","8":"first","9":"instock","10":"shipping-taxable","11":"product-type-simple"},"_links":{"self":[{"href":"https:\/\/denizmtl.com\/mobilapp\/wp-json\/wp\/v2\/product\/29234","targetHints":{"allow":["GET"]}}],"collection":[{"href":"https:\/\/denizmtl.com\/mobilapp\/wp-json\/wp\/v2\/product"}],"about":[{"href":"https:\/\/denizmtl.com\/mobilapp\/wp-json\/wp\/v2\/types\/product"}],"author":[{"embeddable":true,"href":"https:\/\/denizmtl.com\/mobilapp\/wp-json\/wp\/v2\/users\/1"}],"replies":[{"embeddable":true,"href":"https:\/\/denizmtl.com\/mobilapp\/wp-json\/wp\/v2\/comments?post=29234"}],"wp:featuredmedia":[{"embeddable":true,"href":"https:\/\/denizmtl.com\/mobilapp\/wp-json\/wp\/v2\/media\/29264"}],"wp:attachment":[{"href":"https:\/\/denizmtl.com\/mobilapp\/wp-json\/wp\/v2\/media?parent=29234"}],"wp:term":[{"taxonomy":"product_brand","embeddable":true,"href":"https:\/\/denizmtl.com\/mobilapp\/wp-json\/wp\/v2\/product_brand?post=29234"},{"taxonomy":"product_cat","embeddable":true,"href":"https:\/\/denizmtl.com\/mobilapp\/wp-json\/wp\/v2\/product_cat?post=29234"},{"taxonomy":"product_tag","embeddable":true,"href":"https:\/\/denizmtl.com\/mobilapp\/wp-json\/wp\/v2\/product_tag?post=29234"}],"curies":[{"name":"wp","href":"https:\/\/api.w.org\/{rel}","templated":true}]}}