{"id":29227,"date":"2025-08-14T11:36:25","date_gmt":"2025-08-14T08:36:25","guid":{"rendered":"https:\/\/denizmtl.com\/mobilapp\/?post_type=product&#038;p=29227"},"modified":"2025-08-14T11:36:39","modified_gmt":"2025-08-14T08:36:39","slug":"insize-6847-dis-cap-olcum-standi","status":"publish","type":"product","link":"https:\/\/denizmtl.com\/mobilapp\/urunler\/insize-6847-dis-cap-olcum-standi\/","title":{"rendered":"Insize 6847 D\u0131\u015f \u00c7ap \u00d6l\u00e7\u00fcm Stand\u0131"},"content":{"rendered":"","protected":false},"excerpt":{"rendered":"<ul>\n<li>Silindirlerin ve \u00e7elik bilyelerin \u00e7ap ve yuvarlakl\u0131\u011f\u0131n\u0131 \u00f6l\u00e7mek i\u00e7in<\/li>\n<li>\u00d6l\u00e7\u00fcm taban\u0131yla birlikte verilir (kod 6847-A100)<\/li>\n<li>\u0130ste\u011fe ba\u011fl\u0131 aksesuar: \u00d828mm\/\u00d88mm bur\u00e7 (kod 6843-B8), 0,001mm dijital\/kadran g\u00f6stergeleri, y\u00fcksek hassasiyetli dijital g\u00f6stergeler (kod 2140-6, 2140-6WL), \u00f6l\u00e7\u00fcm bloklar\u0131 (4101 serisi, silindirlerin s\u0131f\u0131rlanmas\u0131 i\u00e7in), \u00f6zel fi\u015f g\u00f6stergeleri (silindirlerin s\u0131f\u0131rlanmas\u0131 i\u00e7in), seramik standart bilyeler (4190 serisi, \u00e7elik bilyelerin s\u0131f\u0131rlanmas\u0131 i\u00e7in)<br \/>\n<a href=\"https:\/\/denizmtl.com\/wp-content\/uploads\/2025\/05\/6847.pdf\"><strong>PDF i\u00e7in t\u0131klay\u0131n\u0131z.<\/strong><\/a><\/li>\n<\/ul>\n","protected":false},"author":1,"featured_media":29257,"comment_status":"open","ping_status":"closed","template":"","meta":[],"product_brand":[],"product_cat":[117],"product_tag":[],"class_list":{"0":"post-29227","1":"product","2":"type-product","3":"status-publish","4":"has-post-thumbnail","6":"product_cat-olcum-setleri","8":"first","9":"instock","10":"shipping-taxable","11":"product-type-simple"},"_links":{"self":[{"href":"https:\/\/denizmtl.com\/mobilapp\/wp-json\/wp\/v2\/product\/29227","targetHints":{"allow":["GET"]}}],"collection":[{"href":"https:\/\/denizmtl.com\/mobilapp\/wp-json\/wp\/v2\/product"}],"about":[{"href":"https:\/\/denizmtl.com\/mobilapp\/wp-json\/wp\/v2\/types\/product"}],"author":[{"embeddable":true,"href":"https:\/\/denizmtl.com\/mobilapp\/wp-json\/wp\/v2\/users\/1"}],"replies":[{"embeddable":true,"href":"https:\/\/denizmtl.com\/mobilapp\/wp-json\/wp\/v2\/comments?post=29227"}],"wp:featuredmedia":[{"embeddable":true,"href":"https:\/\/denizmtl.com\/mobilapp\/wp-json\/wp\/v2\/media\/29257"}],"wp:attachment":[{"href":"https:\/\/denizmtl.com\/mobilapp\/wp-json\/wp\/v2\/media?parent=29227"}],"wp:term":[{"taxonomy":"product_brand","embeddable":true,"href":"https:\/\/denizmtl.com\/mobilapp\/wp-json\/wp\/v2\/product_brand?post=29227"},{"taxonomy":"product_cat","embeddable":true,"href":"https:\/\/denizmtl.com\/mobilapp\/wp-json\/wp\/v2\/product_cat?post=29227"},{"taxonomy":"product_tag","embeddable":true,"href":"https:\/\/denizmtl.com\/mobilapp\/wp-json\/wp\/v2\/product_tag?post=29227"}],"curies":[{"name":"wp","href":"https:\/\/api.w.org\/{rel}","templated":true}]}}