{"id":29213,"date":"2025-08-14T11:36:22","date_gmt":"2025-08-14T08:36:22","guid":{"rendered":"https:\/\/denizmtl.com\/mobilapp\/?post_type=product&#038;p=29213"},"modified":"2025-08-14T11:36:29","modified_gmt":"2025-08-14T08:36:29","slug":"insize-1173-tek-ceneli-dijital-su-gecirmez-kumpas","status":"publish","type":"product","link":"https:\/\/denizmtl.com\/mobilapp\/urunler\/insize-1173-tek-ceneli-dijital-su-gecirmez-kumpas\/","title":{"rendered":"Insize 1173 Tek \u00c7eneli Dijital Su Ge\u00e7irmez Kumpas"},"content":{"rendered":"","protected":false},"excerpt":{"rendered":"<ul>\n<li>IP65 toz\/su ge\u00e7irmez<\/li>\n<li>\u00c7\u00f6z\u00fcn\u00fcrl\u00fck: 0,01 mm\/0,0005&#8243;<\/li>\n<li>D\u00fc\u011fme i\u015flevi: a\u00e7\u0131k\/kapal\u0131, s\u0131f\u0131rlama, mm\/in\u00e7, ABS, veri \u00f6n ayar\u0131<\/li>\n<li>Pil CR2032<\/li>\n<li>Otomatik kapanma<\/li>\n<li>Paslanmaz \u00e7elikten yap\u0131lm\u0131\u015ft\u0131r<\/li>\n<li><a href=\"https:\/\/denizmtl.com\/wp-content\/uploads\/2025\/05\/1173.pdf\"><strong>PDF i\u00e7in t\u0131klay\u0131n\u0131z.<\/strong><\/a><\/li>\n<\/ul>\n","protected":false},"author":1,"featured_media":29243,"comment_status":"open","ping_status":"closed","template":"","meta":[],"product_brand":[],"product_cat":[22],"product_tag":[],"class_list":{"0":"post-29213","1":"product","2":"type-product","3":"status-publish","4":"has-post-thumbnail","6":"product_cat-kumpaslar","8":"first","9":"instock","10":"shipping-taxable","11":"product-type-simple"},"_links":{"self":[{"href":"https:\/\/denizmtl.com\/mobilapp\/wp-json\/wp\/v2\/product\/29213","targetHints":{"allow":["GET"]}}],"collection":[{"href":"https:\/\/denizmtl.com\/mobilapp\/wp-json\/wp\/v2\/product"}],"about":[{"href":"https:\/\/denizmtl.com\/mobilapp\/wp-json\/wp\/v2\/types\/product"}],"author":[{"embeddable":true,"href":"https:\/\/denizmtl.com\/mobilapp\/wp-json\/wp\/v2\/users\/1"}],"replies":[{"embeddable":true,"href":"https:\/\/denizmtl.com\/mobilapp\/wp-json\/wp\/v2\/comments?post=29213"}],"wp:featuredmedia":[{"embeddable":true,"href":"https:\/\/denizmtl.com\/mobilapp\/wp-json\/wp\/v2\/media\/29243"}],"wp:attachment":[{"href":"https:\/\/denizmtl.com\/mobilapp\/wp-json\/wp\/v2\/media?parent=29213"}],"wp:term":[{"taxonomy":"product_brand","embeddable":true,"href":"https:\/\/denizmtl.com\/mobilapp\/wp-json\/wp\/v2\/product_brand?post=29213"},{"taxonomy":"product_cat","embeddable":true,"href":"https:\/\/denizmtl.com\/mobilapp\/wp-json\/wp\/v2\/product_cat?post=29213"},{"taxonomy":"product_tag","embeddable":true,"href":"https:\/\/denizmtl.com\/mobilapp\/wp-json\/wp\/v2\/product_tag?post=29213"}],"curies":[{"name":"wp","href":"https:\/\/api.w.org\/{rel}","templated":true}]}}