{"id":29180,"date":"2025-08-14T11:36:02","date_gmt":"2025-08-14T08:36:02","guid":{"rendered":"https:\/\/denizmtl.com\/mobilapp\/?post_type=product&#038;p=29180"},"modified":"2025-08-14T11:36:19","modified_gmt":"2025-08-14T08:36:19","slug":"insize-1539-dijital-v-agizli-kumpas","status":"publish","type":"product","link":"https:\/\/denizmtl.com\/mobilapp\/urunler\/insize-1539-dijital-v-agizli-kumpas\/","title":{"rendered":"Insize 1539 Dijital V A\u011f\u0131zl\u0131 Kumpas"},"content":{"rendered":"","protected":false},"excerpt":{"rendered":"<ul>\n<li>Su ge\u00e7irmez de\u011fil<\/li>\n<li>\u00dc\u00e7 adet olu\u011fun (musluklar, raybalar, freze u\u00e7lar\u0131 ve di\u015fliler gibi) d\u0131\u015f \u00e7ap\u0131n\u0131 \u00f6l\u00e7\u00fcn<\/li>\n<li>\u00c7\u00f6z\u00fcn\u00fcrl\u00fck: 0,01 mm\/0,0005&#8243;<\/li>\n<li>D\u00fc\u011fmeler: a\u00e7\u0131k\/kapal\u0131, s\u0131f\u0131r, mm\/in\u00e7<\/li>\n<li>Pil CR2032<\/li>\n<li>Otomatik kapanma, g\u00fcc\u00fc a\u00e7mak i\u00e7in dijital \u00fcniteyi hareket ettirin<\/li>\n<li>Veri \u00e7\u0131k\u0131\u015f\u0131<\/li>\n<li>Paslanmaz \u00e7elikten yap\u0131lm\u0131\u015ft\u0131r<\/li>\n<li>\u0130ste\u011fe ba\u011fl\u0131 aksesuar: veri \u00e7\u0131k\u0131\u015f kablosu (kod 7302-21)<\/li>\n<li>kablosuz veri iletimi (verici kodu 7315-21, al\u0131c\u0131ya ihtiya\u00e7 var)<\/li>\n<li><a href=\"https:\/\/denizmtl.com\/wp-content\/uploads\/2025\/05\/1539.pdf\"><strong>PDF i\u00e7in t\u0131klay\u0131n\u0131z.<\/strong><\/a><\/li>\n<\/ul>\n","protected":false},"author":1,"featured_media":29209,"comment_status":"open","ping_status":"closed","template":"","meta":[],"product_brand":[],"product_cat":[22],"product_tag":[],"class_list":{"0":"post-29180","1":"product","2":"type-product","3":"status-publish","4":"has-post-thumbnail","6":"product_cat-kumpaslar","8":"first","9":"instock","10":"shipping-taxable","11":"product-type-simple"},"_links":{"self":[{"href":"https:\/\/denizmtl.com\/mobilapp\/wp-json\/wp\/v2\/product\/29180","targetHints":{"allow":["GET"]}}],"collection":[{"href":"https:\/\/denizmtl.com\/mobilapp\/wp-json\/wp\/v2\/product"}],"about":[{"href":"https:\/\/denizmtl.com\/mobilapp\/wp-json\/wp\/v2\/types\/product"}],"author":[{"embeddable":true,"href":"https:\/\/denizmtl.com\/mobilapp\/wp-json\/wp\/v2\/users\/1"}],"replies":[{"embeddable":true,"href":"https:\/\/denizmtl.com\/mobilapp\/wp-json\/wp\/v2\/comments?post=29180"}],"wp:featuredmedia":[{"embeddable":true,"href":"https:\/\/denizmtl.com\/mobilapp\/wp-json\/wp\/v2\/media\/29209"}],"wp:attachment":[{"href":"https:\/\/denizmtl.com\/mobilapp\/wp-json\/wp\/v2\/media?parent=29180"}],"wp:term":[{"taxonomy":"product_brand","embeddable":true,"href":"https:\/\/denizmtl.com\/mobilapp\/wp-json\/wp\/v2\/product_brand?post=29180"},{"taxonomy":"product_cat","embeddable":true,"href":"https:\/\/denizmtl.com\/mobilapp\/wp-json\/wp\/v2\/product_cat?post=29180"},{"taxonomy":"product_tag","embeddable":true,"href":"https:\/\/denizmtl.com\/mobilapp\/wp-json\/wp\/v2\/product_tag?post=29180"}],"curies":[{"name":"wp","href":"https:\/\/api.w.org\/{rel}","templated":true}]}}