{"id":29179,"date":"2025-08-14T11:36:02","date_gmt":"2025-08-14T08:36:02","guid":{"rendered":"https:\/\/denizmtl.com\/mobilapp\/?post_type=product&#038;p=29179"},"modified":"2025-08-14T11:36:18","modified_gmt":"2025-08-14T08:36:18","slug":"insize-1540-dijital-cift-kancali-derinlik-olcum-kumpasi","status":"publish","type":"product","link":"https:\/\/denizmtl.com\/mobilapp\/urunler\/insize-1540-dijital-cift-kancali-derinlik-olcum-kumpasi\/","title":{"rendered":"Insize 1540 Dijital Cift Kancal\u0131 Derinlik \u00d6l\u00e7\u00fcm Kumpas\u0131"},"content":{"rendered":"","protected":false},"excerpt":{"rendered":"<ul>\n<li>Su ge\u00e7irmez de\u011fil<\/li>\n<li>\u00c7\u00f6z\u00fcn\u00fcrl\u00fck: 0,01 mm\/0,0005&#8243;<\/li>\n<li>D\u00fc\u011fmeler: a\u00e7\u0131k\/kapal\u0131, s\u0131f\u0131rlama, mm\/in\u00e7, ABS\/INC, veri tutma, TOL, ayar<\/li>\n<li>ABS\/INC mutlak ve art\u0131ml\u0131 \u00f6l\u00e7\u00fcm i\u00e7indir<\/li>\n<li>TOL tolerans \u00f6l\u00e7\u00fcm\u00fc i\u00e7indir<\/li>\n<li>Paslanmaz \u00e7elikten yap\u0131lm\u0131\u015ft\u0131r<\/li>\n<li>LR44 pil, veri \u00e7\u0131k\u0131\u015f\u0131<\/li>\n<li>S\u0131f\u0131r ayar\u0131 i\u00e7in \u00f6l\u00e7\u00fcm blo\u011fu ile birlikte verilir<\/li>\n<li>\u0130ste\u011fe ba\u011fl\u0131 aksesuar: uzatma taban\u0131, kablosuz verici (kod 7315-1150), veri \u00e7\u0131k\u0131\u015f kablosu (kod 7302-SPC7, klavye format\u0131)<\/li>\n<li><a href=\"https:\/\/denizmtl.com\/wp-content\/uploads\/2025\/05\/1540.pdf\"><strong>PDF i\u00e7in t\u0131klay\u0131n\u0131z<\/strong><\/a><\/li>\n<\/ul>\n","protected":false},"author":1,"featured_media":29208,"comment_status":"open","ping_status":"closed","template":"","meta":[],"product_brand":[],"product_cat":[22],"product_tag":[],"class_list":{"0":"post-29179","1":"product","2":"type-product","3":"status-publish","4":"has-post-thumbnail","6":"product_cat-kumpaslar","8":"first","9":"instock","10":"shipping-taxable","11":"product-type-simple"},"_links":{"self":[{"href":"https:\/\/denizmtl.com\/mobilapp\/wp-json\/wp\/v2\/product\/29179","targetHints":{"allow":["GET"]}}],"collection":[{"href":"https:\/\/denizmtl.com\/mobilapp\/wp-json\/wp\/v2\/product"}],"about":[{"href":"https:\/\/denizmtl.com\/mobilapp\/wp-json\/wp\/v2\/types\/product"}],"author":[{"embeddable":true,"href":"https:\/\/denizmtl.com\/mobilapp\/wp-json\/wp\/v2\/users\/1"}],"replies":[{"embeddable":true,"href":"https:\/\/denizmtl.com\/mobilapp\/wp-json\/wp\/v2\/comments?post=29179"}],"wp:featuredmedia":[{"embeddable":true,"href":"https:\/\/denizmtl.com\/mobilapp\/wp-json\/wp\/v2\/media\/29208"}],"wp:attachment":[{"href":"https:\/\/denizmtl.com\/mobilapp\/wp-json\/wp\/v2\/media?parent=29179"}],"wp:term":[{"taxonomy":"product_brand","embeddable":true,"href":"https:\/\/denizmtl.com\/mobilapp\/wp-json\/wp\/v2\/product_brand?post=29179"},{"taxonomy":"product_cat","embeddable":true,"href":"https:\/\/denizmtl.com\/mobilapp\/wp-json\/wp\/v2\/product_cat?post=29179"},{"taxonomy":"product_tag","embeddable":true,"href":"https:\/\/denizmtl.com\/mobilapp\/wp-json\/wp\/v2\/product_tag?post=29179"}],"curies":[{"name":"wp","href":"https:\/\/api.w.org\/{rel}","templated":true}]}}