{"id":29154,"date":"2025-08-14T11:35:56","date_gmt":"2025-08-14T08:35:56","guid":{"rendered":"https:\/\/denizmtl.com\/mobilapp\/?post_type=product&#038;p=29154"},"modified":"2025-08-14T11:36:04","modified_gmt":"2025-08-14T08:36:04","slug":"insize-0415-iletkenlik-olcum-cihazi","status":"publish","type":"product","link":"https:\/\/denizmtl.com\/mobilapp\/urunler\/insize-0415-iletkenlik-olcum-cihazi\/","title":{"rendered":"Insize 0415 \u0130letkenlik \u00d6l\u00e7\u00fcm Cihaz\u0131"},"content":{"rendered":"","protected":false},"excerpt":{"rendered":"<ul>\n<li>Y\u00fczey suyu, kanalizasyon tesisi \u00e7\u0131k\u0131\u015f\u0131, dam\u0131t\u0131lm\u0131\u015f deniz suyu, kirlilik kaynakl\u0131 at\u0131k, yumu\u015fat\u0131lm\u0131\u015f su, buhar kondensat\u0131 vb. su kalitesinin test edilmesi i\u00e7in uygundur.<\/li>\n<li>Duvara monteli cihaz, ak\u0131\u015f ge\u00e7i\u015fli veya giri\u015f elektrodu<\/li>\n<li>Farkl\u0131 iletkenlik aral\u0131klar\u0131na sahip iste\u011fe ba\u011fl\u0131 iletkenlik elektrotlar\u0131 mevcuttur<\/li>\n<li>\u00d6l\u00e7er iletkenlik ve \u00f6zdiren\u00e7 aras\u0131nda ge\u00e7i\u015f yapabilir<\/li>\n<li>\u00dcst ve alt limit alarmlar\u0131 ayarlanabilir<\/li>\n<li>Elektrik kesintisi veri korumas\u0131 ile<\/li>\n<li>Otomatik s\u0131cakl\u0131k telafisi<\/li>\n<li>Otomatik aral\u0131k<\/li>\n<li>Koruma seviyesi: IP65<\/li>\n<li><a href=\"https:\/\/denizmtl.com\/wp-content\/uploads\/2025\/05\/0415-EZ41.pdf\"><strong>PDF i\u00e7in t\u0131klay\u0131n\u0131z.<\/strong><\/a><\/li>\n<\/ul>\n","protected":false},"author":1,"featured_media":29184,"comment_status":"open","ping_status":"closed","template":"","meta":[],"product_brand":[],"product_cat":[117],"product_tag":[],"class_list":{"0":"post-29154","1":"product","2":"type-product","3":"status-publish","4":"has-post-thumbnail","6":"product_cat-olcum-setleri","8":"first","9":"instock","10":"shipping-taxable","11":"product-type-simple"},"_links":{"self":[{"href":"https:\/\/denizmtl.com\/mobilapp\/wp-json\/wp\/v2\/product\/29154","targetHints":{"allow":["GET"]}}],"collection":[{"href":"https:\/\/denizmtl.com\/mobilapp\/wp-json\/wp\/v2\/product"}],"about":[{"href":"https:\/\/denizmtl.com\/mobilapp\/wp-json\/wp\/v2\/types\/product"}],"author":[{"embeddable":true,"href":"https:\/\/denizmtl.com\/mobilapp\/wp-json\/wp\/v2\/users\/1"}],"replies":[{"embeddable":true,"href":"https:\/\/denizmtl.com\/mobilapp\/wp-json\/wp\/v2\/comments?post=29154"}],"wp:featuredmedia":[{"embeddable":true,"href":"https:\/\/denizmtl.com\/mobilapp\/wp-json\/wp\/v2\/media\/29184"}],"wp:attachment":[{"href":"https:\/\/denizmtl.com\/mobilapp\/wp-json\/wp\/v2\/media?parent=29154"}],"wp:term":[{"taxonomy":"product_brand","embeddable":true,"href":"https:\/\/denizmtl.com\/mobilapp\/wp-json\/wp\/v2\/product_brand?post=29154"},{"taxonomy":"product_cat","embeddable":true,"href":"https:\/\/denizmtl.com\/mobilapp\/wp-json\/wp\/v2\/product_cat?post=29154"},{"taxonomy":"product_tag","embeddable":true,"href":"https:\/\/denizmtl.com\/mobilapp\/wp-json\/wp\/v2\/product_tag?post=29154"}],"curies":[{"name":"wp","href":"https:\/\/api.w.org\/{rel}","templated":true}]}}