{"id":29121,"date":"2025-08-14T11:35:35","date_gmt":"2025-08-14T08:35:35","guid":{"rendered":"https:\/\/denizmtl.com\/mobilapp\/?post_type=product&#038;p=29121"},"modified":"2025-08-14T11:35:53","modified_gmt":"2025-08-14T08:35:53","slug":"insize-0318-th26a-b-sicaklik-ve-nem-icin-veri-kaydedici-temel-tip","status":"publish","type":"product","link":"https:\/\/denizmtl.com\/mobilapp\/urunler\/insize-0318-th26a-b-sicaklik-ve-nem-icin-veri-kaydedici-temel-tip\/","title":{"rendered":"Insize 0318-TH26A\/B S\u0131cakl\u0131k ve Nem \u0130\u00e7in Veri Kaydedici (Temel Tip)"},"content":{"rendered":"","protected":false},"excerpt":{"rendered":"<ul>\n<li>Dahili y\u00fcksek hassasiyetli sens\u00f6r<\/li>\n<li>Uzun vadeli kay\u0131t i\u00e7in 260.000 bellek<\/li>\n<li>Birim: \u00b0C\/\u00b0F<\/li>\n<li>S\u0131cakl\u0131k ve nem \u00fcst ve alt s\u0131n\u0131r alarm\u0131<\/li>\n<li>S\u0131cakl\u0131k ve nem do\u011frusal d\u00fczeltme fonksiyonu<\/li>\n<li>Pil seviyesi g\u00f6stergesi<\/li>\n<li>Bilgisayar yaz\u0131l\u0131m\u0131 dahildir<br \/>\n<a href=\"https:\/\/denizmtl.com\/wp-content\/uploads\/2025\/05\/0318-TH26.pdf\"><strong>PDF i\u00e7in t\u0131klay\u0131n\u0131z.<\/strong><\/a><\/li>\n<\/ul>\n","protected":false},"author":1,"featured_media":29151,"comment_status":"open","ping_status":"closed","template":"","meta":[],"product_brand":[],"product_cat":[96],"product_tag":[],"class_list":{"0":"post-29121","1":"product","2":"type-product","3":"status-publish","4":"has-post-thumbnail","6":"product_cat-standart-olcu-aletleri","8":"first","9":"instock","10":"shipping-taxable","11":"product-type-simple"},"_links":{"self":[{"href":"https:\/\/denizmtl.com\/mobilapp\/wp-json\/wp\/v2\/product\/29121","targetHints":{"allow":["GET"]}}],"collection":[{"href":"https:\/\/denizmtl.com\/mobilapp\/wp-json\/wp\/v2\/product"}],"about":[{"href":"https:\/\/denizmtl.com\/mobilapp\/wp-json\/wp\/v2\/types\/product"}],"author":[{"embeddable":true,"href":"https:\/\/denizmtl.com\/mobilapp\/wp-json\/wp\/v2\/users\/1"}],"replies":[{"embeddable":true,"href":"https:\/\/denizmtl.com\/mobilapp\/wp-json\/wp\/v2\/comments?post=29121"}],"wp:featuredmedia":[{"embeddable":true,"href":"https:\/\/denizmtl.com\/mobilapp\/wp-json\/wp\/v2\/media\/29151"}],"wp:attachment":[{"href":"https:\/\/denizmtl.com\/mobilapp\/wp-json\/wp\/v2\/media?parent=29121"}],"wp:term":[{"taxonomy":"product_brand","embeddable":true,"href":"https:\/\/denizmtl.com\/mobilapp\/wp-json\/wp\/v2\/product_brand?post=29121"},{"taxonomy":"product_cat","embeddable":true,"href":"https:\/\/denizmtl.com\/mobilapp\/wp-json\/wp\/v2\/product_cat?post=29121"},{"taxonomy":"product_tag","embeddable":true,"href":"https:\/\/denizmtl.com\/mobilapp\/wp-json\/wp\/v2\/product_tag?post=29121"}],"curies":[{"name":"wp","href":"https:\/\/api.w.org\/{rel}","templated":true}]}}