{"id":29120,"date":"2025-08-14T11:35:34","date_gmt":"2025-08-14T08:35:34","guid":{"rendered":"https:\/\/denizmtl.com\/mobilapp\/?post_type=product&#038;p=29120"},"modified":"2025-08-14T11:35:52","modified_gmt":"2025-08-14T08:35:52","slug":"insize-ufd-f720-dijital-ultrasonik-hata-dedektoru-standart-tip","status":"publish","type":"product","link":"https:\/\/denizmtl.com\/mobilapp\/urunler\/insize-ufd-f720-dijital-ultrasonik-hata-dedektoru-standart-tip\/","title":{"rendered":"Insize UFD-F720 Dijital Ultrasonik Hata Dedekt\u00f6r\u00fc (Standart Tip)"},"content":{"rendered":"","protected":false},"excerpt":{"rendered":"<ul>\n<li>Kompakt ve hafif, ta\u015f\u0131nmas\u0131 kolay<\/li>\n<li>Y\u00fcksek hassasiyet, do\u011fru ar\u0131za konumland\u0131rma, s\u00fcper anti-parazit yetene\u011fi, istikrarl\u0131 ve g\u00fcvenilir performans<\/li>\n<li>Dahili otomatik performans test fonksiyonu<\/li>\n<li>Benzersiz kare dalga uyar\u0131m sinyal i\u015fleme teknolojisi<\/li>\n<li>Arka plan rengi ve parlakl\u0131\u011f\u0131, net bir g\u00f6r\u00fcnt\u00fc sa\u011flamak i\u00e7in g\u00fc\u00e7l\u00fc veya d\u00fc\u015f\u00fck \u0131\u015f\u0131k ortamlar\u0131na uyum sa\u011flayacak \u015fekilde serbest\u00e7e ayarlanabilir<\/li>\n<li>Alg\u0131lama dalga formlar\u0131n\u0131n, verilerin ger\u00e7ek zamanl\u0131 dinamik kayd\u0131, U disk \u00fczerinden h\u0131zl\u0131 d\u0131\u015fa aktarma<br \/>\n<a href=\"https:\/\/denizmtl.com\/wp-content\/uploads\/2025\/05\/UFD-F720.pdf\"><strong>PDF i\u00e7in t\u0131klay\u0131n\u0131z.<\/strong><\/a><\/li>\n<\/ul>\n","protected":false},"author":1,"featured_media":29150,"comment_status":"open","ping_status":"closed","template":"","meta":[],"product_brand":[],"product_cat":[96],"product_tag":[],"class_list":{"0":"post-29120","1":"product","2":"type-product","3":"status-publish","4":"has-post-thumbnail","6":"product_cat-standart-olcu-aletleri","8":"first","9":"instock","10":"shipping-taxable","11":"product-type-simple"},"_links":{"self":[{"href":"https:\/\/denizmtl.com\/mobilapp\/wp-json\/wp\/v2\/product\/29120","targetHints":{"allow":["GET"]}}],"collection":[{"href":"https:\/\/denizmtl.com\/mobilapp\/wp-json\/wp\/v2\/product"}],"about":[{"href":"https:\/\/denizmtl.com\/mobilapp\/wp-json\/wp\/v2\/types\/product"}],"author":[{"embeddable":true,"href":"https:\/\/denizmtl.com\/mobilapp\/wp-json\/wp\/v2\/users\/1"}],"replies":[{"embeddable":true,"href":"https:\/\/denizmtl.com\/mobilapp\/wp-json\/wp\/v2\/comments?post=29120"}],"wp:featuredmedia":[{"embeddable":true,"href":"https:\/\/denizmtl.com\/mobilapp\/wp-json\/wp\/v2\/media\/29150"}],"wp:attachment":[{"href":"https:\/\/denizmtl.com\/mobilapp\/wp-json\/wp\/v2\/media?parent=29120"}],"wp:term":[{"taxonomy":"product_brand","embeddable":true,"href":"https:\/\/denizmtl.com\/mobilapp\/wp-json\/wp\/v2\/product_brand?post=29120"},{"taxonomy":"product_cat","embeddable":true,"href":"https:\/\/denizmtl.com\/mobilapp\/wp-json\/wp\/v2\/product_cat?post=29120"},{"taxonomy":"product_tag","embeddable":true,"href":"https:\/\/denizmtl.com\/mobilapp\/wp-json\/wp\/v2\/product_tag?post=29120"}],"curies":[{"name":"wp","href":"https:\/\/api.w.org\/{rel}","templated":true}]}}