{"id":29118,"date":"2025-08-14T11:35:34","date_gmt":"2025-08-14T08:35:34","guid":{"rendered":"https:\/\/denizmtl.com\/mobilapp\/?post_type=product&#038;p=29118"},"modified":"2025-08-14T11:35:51","modified_gmt":"2025-08-14T08:35:51","slug":"insize-0236-mc150-mobil-telefon-icin-kizilotesi-termal-kamera","status":"publish","type":"product","link":"https:\/\/denizmtl.com\/mobilapp\/urunler\/insize-0236-mc150-mobil-telefon-icin-kizilotesi-termal-kamera\/","title":{"rendered":"Insize 0236-MC150 Mobil Telefon i\u00e7in K\u0131z\u0131l\u00f6tesi Termal Kamera"},"content":{"rendered":"<p data-start=\"302\" data-end=\"378\">Insize 0236-MC150 Mobil Telefon i\u00e7in K\u0131z\u0131l\u00f6tesi Termal Kamera, Android uyumlu, USB C ba\u011flant\u0131l\u0131, 100 metre alg\u0131lama mesafesine ve \u00b12\u00b0C s\u0131cakl\u0131k hassasiyetine sahip kompakt bir k\u0131z\u0131l\u00f6tesi termal g\u00f6r\u00fcnt\u00fcleme cihaz\u0131d\u0131r.Android Uyumlu, Kompakt ve Y\u00fcksek Hassasiyetli Termal G\u00f6r\u00fcnt\u00fcleme \u00c7\u00f6z\u00fcm\u00fc<\/p>\n<p data-start=\"380\" data-end=\"733\"><strong data-start=\"380\" data-end=\"421\">Insize 0236-MC150 Mobil Termal Kamera<\/strong>, Android telefonlara kolayca tak\u0131labilen, ta\u015f\u0131nabilir ve pratik bir k\u0131z\u0131l\u00f6tesi termal g\u00f6r\u00fcnt\u00fcleme cihaz\u0131d\u0131r. Elektrik, mekanik, tar\u0131m, yap\u0131 denetimi ve HVAC (\u0131s\u0131tma-havaland\u0131rma-klima) sekt\u00f6rlerinde yayg\u0131n olarak kullan\u0131labilecek bu cihaz, d\u00fc\u015f\u00fck maliyetli ama y\u00fcksek verimli bir termal g\u00f6r\u00fcnt\u00fcleme \u00e7\u00f6z\u00fcm\u00fc sunar.<\/p>\n<p data-start=\"735\" data-end=\"1059\">Termal kamera, <strong data-start=\"750\" data-end=\"817\">-20\u00b0C ila 150\u00b0C s\u0131cakl\u0131k aral\u0131\u011f\u0131n\u0131 \u00b12\u00b0C hassasiyetle \u00f6l\u00e7ebilir.<\/strong> Y\u00fcksek \u00e7\u00f6z\u00fcn\u00fcrl\u00fckl\u00fc 256&#215;192 piksel sens\u00f6r\u00fc ve 25 Hz g\u00f6r\u00fcnt\u00fcleme h\u0131z\u0131 sayesinde h\u0131zl\u0131 ve net termal g\u00f6r\u00fcnt\u00fcler yakalayabilirsiniz. 100 metreye kadar insan ve hayvan tespiti yapabilen cihaz, d\u00fc\u015f\u00fck \u0131\u015f\u0131k ko\u015fullar\u0131nda bile etkili sonu\u00e7lar sa\u011flar.<\/p>\n<p data-start=\"1061\" data-end=\"1311\">Ekrana dokunarak odaklanma ve analiz yapma \u00f6zelli\u011fi sayesinde <strong data-start=\"1123\" data-end=\"1167\">3 farkl\u0131 nokta, 1 \u00e7izgi ve 2 farkl\u0131 alan<\/strong> \u00fczerinde e\u015f zamanl\u0131 s\u0131cakl\u0131k \u00f6l\u00e7\u00fcm\u00fc ve analiz imkan\u0131 sunar. 9 farkl\u0131 renk paleti ve anl\u0131k g\u00f6rsel\/video payla\u015f\u0131m\u0131 ile kullan\u0131m kolayl\u0131\u011f\u0131 sa\u011flar.<\/p>\n<p data-start=\"1313\" data-end=\"1423\"><strong data-start=\"1313\" data-end=\"1337\">Insize Termal Kamera<\/strong>, yaln\u0131zca Android cihazlar i\u00e7in geli\u015ftirilen \u00f6zel uygulamas\u0131 \u00fczerinden \u00e7al\u0131\u015fmaktad\u0131r.<\/p>\n<p data-start=\"1430\" data-end=\"1450\"><strong>\u00dcr\u00fcn \u00d6zellikleri:<\/strong><\/p>\n<ul>\n<li data-start=\"1453\" data-end=\"1530\">Android Uyumlu: USB-C giri\u015fi ile Android telefonlara direkt tak\u0131l\u0131r.<\/li>\n<li data-start=\"1533\" data-end=\"1607\">Termal \u00c7\u00f6z\u00fcn\u00fcrl\u00fck: 256&#215;192 piksel @12 \u00b5m, 25 Hz g\u00f6r\u00fcnt\u00fcleme h\u0131z\u0131.<\/li>\n<li data-start=\"1610\" data-end=\"1683\">100 Metre Alg\u0131lama Mesafesi: Karanl\u0131kta insan ve hayvan tespiti.<\/li>\n<li data-start=\"1686\" data-end=\"1753\">S\u0131cakl\u0131k \u00d6l\u00e7\u00fcm Aral\u0131\u011f\u0131: -20\u00b0C ila 150\u00b0C, \u00b12\u00b0C hassasiyet.<\/li>\n<li data-start=\"1756\" data-end=\"1838\">Dokunmatik Odak ve Analiz: 3 nokta, 1 \u00e7izgi ve 2 alan e\u015f zamanl\u0131 analiz.<\/li>\n<li data-start=\"1841\" data-end=\"1912\">9 Farkl\u0131 Renk Paleti: Kullan\u0131m alan\u0131na uygun renk se\u00e7enekleri.<\/li>\n<li data-start=\"1915\" data-end=\"1997\">Anl\u0131k G\u00f6rsel ve Video Payla\u015f\u0131m\u0131: G\u00f6r\u00fcnt\u00fc ve videolar kolayca payla\u015f\u0131l\u0131r.<\/li>\n<li data-start=\"2000\" data-end=\"2060\">D\u00fc\u015f\u00fck G\u00fc\u00e7 T\u00fcketimi: 4,5-5,5V ve 500mW g\u00fc\u00e7 ihtiyac\u0131.<\/li>\n<\/ul>\n<p data-start=\"2067\" data-end=\"2088\"><strong>Kullan\u0131m Alanlar\u0131:<\/strong><\/p>\n<ul>\n<li data-start=\"2091\" data-end=\"2126\">Elektrik ve mekanik ar\u0131za tespiti<\/li>\n<li data-start=\"2129\" data-end=\"2173\">Yap\u0131 denetimi ve \u0131s\u0131 yal\u0131t\u0131m\u0131 incelemeleri<\/li>\n<li data-start=\"2176\" data-end=\"2226\">Is\u0131tma, havaland\u0131rma ve klima sistem kontrolleri<\/li>\n<li data-start=\"2229\" data-end=\"2269\">Tar\u0131m ve hayvanc\u0131l\u0131kta s\u0131cakl\u0131k takibi<\/li>\n<li data-start=\"2272\" data-end=\"2296\">Mobil saha denetimleri<\/li>\n<\/ul>\n","protected":false},"excerpt":{"rendered":"<ul>\n<li>Ak\u0131ll\u0131 tar\u0131m, elektrik end\u00fcstrisi, mekanik end\u00fcstrisi, in\u015faat, \u0131s\u0131tma havaland\u0131rma ve iklimlendirme vb. i\u00e7in uygundur.<\/li>\n<li>Karanl\u0131k alanda y\u00fczlerce metre \u00f6tedeki insanlar\u0131 ve hayvanlar\u0131 net bir \u015fekilde tan\u0131mlay\u0131n<\/li>\n<li>Ekrana dokunarak nesnelere otomatik olarak odaklan\u0131n ve net termal g\u00f6r\u00fcnt\u00fcleri h\u0131zla \u00fcretin<\/li>\n<li>Analiz edilecek en fazla 3 nokta, 1 \u00e7izgi ve 2 alan<\/li>\n<li>Mobil Uygulama dahildir (sadece Android sistemi i\u00e7in)<br \/>\n<a href=\"https:\/\/denizmtl.com\/wp-content\/uploads\/2025\/05\/0236-MC150.pdf\"><strong>PDF i\u00e7in t\u0131klay\u0131n\u0131z.<\/strong><\/a><\/li>\n<\/ul>\n","protected":false},"author":1,"featured_media":29148,"comment_status":"open","ping_status":"closed","template":"","meta":[],"product_brand":[],"product_cat":[96],"product_tag":[279,280,281,282,283,284,285,286,287],"class_list":{"0":"post-29118","1":"product","2":"type-product","3":"status-publish","4":"has-post-thumbnail","6":"product_cat-standart-olcu-aletleri","7":"product_tag-android-telefon-termal-kamera","8":"product_tag-elektrik-termal-goruntuleme","9":"product_tag-hvac-denetim-kamerasi","10":"product_tag-insize-0236-mc150","11":"product_tag-kizilotesi-goruntuleme","12":"product_tag-kompakt-termal-kamera","13":"product_tag-mobil-termal-kamera","14":"product_tag-tasinabilir-termal-kamera","15":"product_tag-usb-c-termal-kamera","17":"first","18":"instock","19":"shipping-taxable","20":"product-type-simple"},"_links":{"self":[{"href":"https:\/\/denizmtl.com\/mobilapp\/wp-json\/wp\/v2\/product\/29118","targetHints":{"allow":["GET"]}}],"collection":[{"href":"https:\/\/denizmtl.com\/mobilapp\/wp-json\/wp\/v2\/product"}],"about":[{"href":"https:\/\/denizmtl.com\/mobilapp\/wp-json\/wp\/v2\/types\/product"}],"author":[{"embeddable":true,"href":"https:\/\/denizmtl.com\/mobilapp\/wp-json\/wp\/v2\/users\/1"}],"replies":[{"embeddable":true,"href":"https:\/\/denizmtl.com\/mobilapp\/wp-json\/wp\/v2\/comments?post=29118"}],"wp:featuredmedia":[{"embeddable":true,"href":"https:\/\/denizmtl.com\/mobilapp\/wp-json\/wp\/v2\/media\/29148"}],"wp:attachment":[{"href":"https:\/\/denizmtl.com\/mobilapp\/wp-json\/wp\/v2\/media?parent=29118"}],"wp:term":[{"taxonomy":"product_brand","embeddable":true,"href":"https:\/\/denizmtl.com\/mobilapp\/wp-json\/wp\/v2\/product_brand?post=29118"},{"taxonomy":"product_cat","embeddable":true,"href":"https:\/\/denizmtl.com\/mobilapp\/wp-json\/wp\/v2\/product_cat?post=29118"},{"taxonomy":"product_tag","embeddable":true,"href":"https:\/\/denizmtl.com\/mobilapp\/wp-json\/wp\/v2\/product_tag?post=29118"}],"curies":[{"name":"wp","href":"https:\/\/api.w.org\/{rel}","templated":true}]}}