{"id":29117,"date":"2025-08-14T11:35:34","date_gmt":"2025-08-14T08:35:34","guid":{"rendered":"https:\/\/denizmtl.com\/mobilapp\/?post_type=product&#038;p=29117"},"modified":"2025-08-14T11:35:50","modified_gmt":"2025-08-14T08:35:50","slug":"insize-0237-lc550-kizilotesi-termal-goruntuleme-kamerasi","status":"publish","type":"product","link":"https:\/\/denizmtl.com\/mobilapp\/urunler\/insize-0237-lc550-kizilotesi-termal-goruntuleme-kamerasi\/","title":{"rendered":"Insize 0237-LC550 K\u0131z\u0131l\u00f6tesi Termal G\u00f6r\u00fcnt\u00fcleme Kameras\u0131"},"content":{"rendered":"","protected":false},"excerpt":{"rendered":"<ul>\n<li>Elektrik enerjisi, elektrik end\u00fcstrisi, makine end\u00fcstrisi vb. i\u00e7in uygundur.<\/li>\n<li>1920\u00d71080 g\u00f6r\u00fcn\u00fcr \u0131\u015f\u0131k sens\u00f6r\u00fcyle birlikte 256\u00d7192 k\u0131z\u0131l\u00f6tesi dedekt\u00f6r\u00fc benimseyin<\/li>\n<li>Ger\u00e7ek zamanl\u0131 s\u0131cakl\u0131k \u00f6l\u00e7\u00fcm analizini, alarm ayarlamay\u0131, ge\u00e7mi\u015f bilgi sorgulamay\u0131 ve raporlar\u0131 d\u0131\u015fa aktarmay\u0131 destekler<\/li>\n<li>Manyetik montaj, duvar montaj\u0131, dikey montaj, as\u0131l\u0131 montaj ve tripod montaj\u0131 gibi \u00e7e\u015fitli kurulum y\u00f6ntemlerini destekler<\/li>\n<li>Web taraf\u0131 kontrol\u00fc, ba\u015fka bir Uygulamaya veya yaz\u0131l\u0131ma gerek yok<br \/>\n<a href=\"https:\/\/denizmtl.com\/wp-content\/uploads\/2025\/05\/0237-LC550.pdf\"><strong>PDF i\u00e7in t\u0131klay\u0131n\u0131z.<\/strong><\/a><\/li>\n<\/ul>\n","protected":false},"author":1,"featured_media":29147,"comment_status":"open","ping_status":"closed","template":"","meta":[],"product_brand":[],"product_cat":[96],"product_tag":[],"class_list":{"0":"post-29117","1":"product","2":"type-product","3":"status-publish","4":"has-post-thumbnail","6":"product_cat-standart-olcu-aletleri","8":"first","9":"instock","10":"shipping-taxable","11":"product-type-simple"},"_links":{"self":[{"href":"https:\/\/denizmtl.com\/mobilapp\/wp-json\/wp\/v2\/product\/29117","targetHints":{"allow":["GET"]}}],"collection":[{"href":"https:\/\/denizmtl.com\/mobilapp\/wp-json\/wp\/v2\/product"}],"about":[{"href":"https:\/\/denizmtl.com\/mobilapp\/wp-json\/wp\/v2\/types\/product"}],"author":[{"embeddable":true,"href":"https:\/\/denizmtl.com\/mobilapp\/wp-json\/wp\/v2\/users\/1"}],"replies":[{"embeddable":true,"href":"https:\/\/denizmtl.com\/mobilapp\/wp-json\/wp\/v2\/comments?post=29117"}],"wp:featuredmedia":[{"embeddable":true,"href":"https:\/\/denizmtl.com\/mobilapp\/wp-json\/wp\/v2\/media\/29147"}],"wp:attachment":[{"href":"https:\/\/denizmtl.com\/mobilapp\/wp-json\/wp\/v2\/media?parent=29117"}],"wp:term":[{"taxonomy":"product_brand","embeddable":true,"href":"https:\/\/denizmtl.com\/mobilapp\/wp-json\/wp\/v2\/product_brand?post=29117"},{"taxonomy":"product_cat","embeddable":true,"href":"https:\/\/denizmtl.com\/mobilapp\/wp-json\/wp\/v2\/product_cat?post=29117"},{"taxonomy":"product_tag","embeddable":true,"href":"https:\/\/denizmtl.com\/mobilapp\/wp-json\/wp\/v2\/product_tag?post=29117"}],"curies":[{"name":"wp","href":"https:\/\/api.w.org\/{rel}","templated":true}]}}