{"id":29113,"date":"2025-08-14T11:35:33","date_gmt":"2025-08-14T08:35:33","guid":{"rendered":"https:\/\/denizmtl.com\/mobilapp\/?post_type=product&#038;p=29113"},"modified":"2025-08-14T11:35:47","modified_gmt":"2025-08-14T08:35:47","slug":"insize-7133-cok-kanalli-ekran-unitesi","status":"publish","type":"product","link":"https:\/\/denizmtl.com\/mobilapp\/urunler\/insize-7133-cok-kanalli-ekran-unitesi\/","title":{"rendered":"Insize 7133 \u00c7ok Kanall\u0131 Ekran \u00dcnitesi"},"content":{"rendered":"","protected":false},"excerpt":{"rendered":"<ul>\n<li>7107-11, 7107-12, 7107-11V veya 7107-12V do\u011frusal g\u00f6stergelere ba\u011flanabilir, ayr\u0131ca dijital g\u00f6stergelere de ba\u011flanabilir (7309-C01M veri kablosu gereklidir)<\/li>\n<li>4&#8217;ten fazla do\u011frusal g\u00f6sterge veya dijital g\u00f6sterge ba\u011flamak i\u00e7in ba\u011flant\u0131 kutusu (kod: 7133-2) sat\u0131n alman\u0131z gerekir ve bir ekran \u00fcnitesi 14 ba\u011flant\u0131 kutusuna kadar ba\u011flanabilir.<\/li>\n<li>Tolerans\u0131 ayarlay\u0131n ve karar verin (tolerans d\u0131\u015f\u0131nda, tolerans i\u00e7inde), karar\u0131 d\u0131\u015f cihazlar\u0131 kontrol etmek i\u00e7in \u00e7\u0131kt\u0131 olarak verin, d\u0131\u015far\u0131dan kontrol edin (s\u0131f\u0131rlay\u0131n, okumay\u0131 tutun ve veri toplay\u0131n)<\/li>\n<li>G\u00f6r\u00fcnt\u00fcleme \u00fcnitesinin yaz\u0131l\u0131m\u0131 (dahil): Yaz\u0131l\u0131mda, tolerans\u0131 ayarlamak ve yarg\u0131y\u0131 g\u00f6stermek (tolerans d\u0131\u015f\u0131nda oldu\u011funda k\u0131rm\u0131z\u0131, tolerans dahilinde oldu\u011funda ye\u015fil), s\u0131f\u0131rlama yapmak, verileri manuel veya otomatik olarak toplamak (zaman ayarlanabilir), verileri Excel&#8217;e \u00e7\u0131karmak, rapor yazd\u0131rmak m\u00fcmk\u00fcnd\u00fcr.<br \/>\n<strong><a href=\"https:\/\/denizmtl.com\/wp-content\/uploads\/2025\/05\/7133.pdf\">PDF i\u00e7in t\u0131klay\u0131n\u0131z.<\/a><\/strong><\/li>\n<\/ul>\n","protected":false},"author":1,"featured_media":29143,"comment_status":"open","ping_status":"closed","template":"","meta":[],"product_brand":[],"product_cat":[28],"product_tag":[],"class_list":{"0":"post-29113","1":"product","2":"type-product","3":"status-publish","4":"has-post-thumbnail","6":"product_cat-diger-olcu-aletleri","8":"first","9":"instock","10":"shipping-taxable","11":"product-type-simple"},"_links":{"self":[{"href":"https:\/\/denizmtl.com\/mobilapp\/wp-json\/wp\/v2\/product\/29113","targetHints":{"allow":["GET"]}}],"collection":[{"href":"https:\/\/denizmtl.com\/mobilapp\/wp-json\/wp\/v2\/product"}],"about":[{"href":"https:\/\/denizmtl.com\/mobilapp\/wp-json\/wp\/v2\/types\/product"}],"author":[{"embeddable":true,"href":"https:\/\/denizmtl.com\/mobilapp\/wp-json\/wp\/v2\/users\/1"}],"replies":[{"embeddable":true,"href":"https:\/\/denizmtl.com\/mobilapp\/wp-json\/wp\/v2\/comments?post=29113"}],"wp:featuredmedia":[{"embeddable":true,"href":"https:\/\/denizmtl.com\/mobilapp\/wp-json\/wp\/v2\/media\/29143"}],"wp:attachment":[{"href":"https:\/\/denizmtl.com\/mobilapp\/wp-json\/wp\/v2\/media?parent=29113"}],"wp:term":[{"taxonomy":"product_brand","embeddable":true,"href":"https:\/\/denizmtl.com\/mobilapp\/wp-json\/wp\/v2\/product_brand?post=29113"},{"taxonomy":"product_cat","embeddable":true,"href":"https:\/\/denizmtl.com\/mobilapp\/wp-json\/wp\/v2\/product_cat?post=29113"},{"taxonomy":"product_tag","embeddable":true,"href":"https:\/\/denizmtl.com\/mobilapp\/wp-json\/wp\/v2\/product_tag?post=29113"}],"curies":[{"name":"wp","href":"https:\/\/api.w.org\/{rel}","templated":true}]}}