{"id":29108,"date":"2025-08-14T11:35:32","date_gmt":"2025-08-14T08:35:32","guid":{"rendered":"https:\/\/denizmtl.com\/mobilapp\/?post_type=product&#038;p=29108"},"modified":"2025-08-14T11:35:44","modified_gmt":"2025-08-14T08:35:44","slug":"insize-7377-paralellik-ve-dikeylik-karsilastirmasi-icin-yazilim","status":"publish","type":"product","link":"https:\/\/denizmtl.com\/mobilapp\/urunler\/insize-7377-paralellik-ve-dikeylik-karsilastirmasi-icin-yazilim\/","title":{"rendered":"Insize 7377 Paralellik ve Dikeylik Kar\u015f\u0131la\u015ft\u0131rmas\u0131 i\u00e7in Yaz\u0131l\u0131m"},"content":{"rendered":"","protected":false},"excerpt":{"rendered":"<ul>\n<li>E\u015fit y\u00fckseklik, paralellik ve diklik gibi mekanik montajlar\u0131n dijital \u00f6l\u00e7\u00fcm\u00fc i\u00e7in uygundur<\/li>\n<li>\u00d6l\u00e7\u00fcm verilerinin ger\u00e7ek zamanl\u0131 toplanmas\u0131, \u00f6l\u00e7\u00fcm sonu\u00e7lar\u0131n\u0131n otomatik olarak de\u011ferlendirilmesi (\u00fcst tolerans d\u0131\u015f\u0131nda, tolerans dahilinde ve alt tolerans d\u0131\u015f\u0131nda), \u00f6l\u00e7\u00fcm\u00fcn y\u00f6nlendirilmesi, ayar y\u00f6n\u00fcn\u00fcn belirlenmesi ve \u00f6l\u00e7\u00fcm raporlar\u0131n\u0131n d\u0131\u015far\u0131 aktar\u0131lmas\u0131<br \/>\n<a href=\"https:\/\/denizmtl.com\/wp-content\/uploads\/2025\/05\/7377.pdf\"><strong>PDF i\u00e7in t\u0131klay\u0131n\u0131z.<\/strong><\/a><\/li>\n<\/ul>\n","protected":false},"author":1,"featured_media":29138,"comment_status":"open","ping_status":"closed","template":"","meta":[],"product_brand":[],"product_cat":[28],"product_tag":[],"class_list":{"0":"post-29108","1":"product","2":"type-product","3":"status-publish","4":"has-post-thumbnail","6":"product_cat-diger-olcu-aletleri","8":"first","9":"instock","10":"shipping-taxable","11":"product-type-simple"},"_links":{"self":[{"href":"https:\/\/denizmtl.com\/mobilapp\/wp-json\/wp\/v2\/product\/29108","targetHints":{"allow":["GET"]}}],"collection":[{"href":"https:\/\/denizmtl.com\/mobilapp\/wp-json\/wp\/v2\/product"}],"about":[{"href":"https:\/\/denizmtl.com\/mobilapp\/wp-json\/wp\/v2\/types\/product"}],"author":[{"embeddable":true,"href":"https:\/\/denizmtl.com\/mobilapp\/wp-json\/wp\/v2\/users\/1"}],"replies":[{"embeddable":true,"href":"https:\/\/denizmtl.com\/mobilapp\/wp-json\/wp\/v2\/comments?post=29108"}],"wp:featuredmedia":[{"embeddable":true,"href":"https:\/\/denizmtl.com\/mobilapp\/wp-json\/wp\/v2\/media\/29138"}],"wp:attachment":[{"href":"https:\/\/denizmtl.com\/mobilapp\/wp-json\/wp\/v2\/media?parent=29108"}],"wp:term":[{"taxonomy":"product_brand","embeddable":true,"href":"https:\/\/denizmtl.com\/mobilapp\/wp-json\/wp\/v2\/product_brand?post=29108"},{"taxonomy":"product_cat","embeddable":true,"href":"https:\/\/denizmtl.com\/mobilapp\/wp-json\/wp\/v2\/product_cat?post=29108"},{"taxonomy":"product_tag","embeddable":true,"href":"https:\/\/denizmtl.com\/mobilapp\/wp-json\/wp\/v2\/product_tag?post=29108"}],"curies":[{"name":"wp","href":"https:\/\/api.w.org\/{rel}","templated":true}]}}