{"id":29096,"date":"2025-08-14T11:35:29","date_gmt":"2025-08-14T08:35:29","guid":{"rendered":"https:\/\/denizmtl.com\/mobilapp\/?post_type=product&#038;p=29096"},"modified":"2025-08-14T11:35:37","modified_gmt":"2025-08-14T08:35:37","slug":"insize-9652-rc02-el-tipi-lcr-metre","status":"publish","type":"product","link":"https:\/\/denizmtl.com\/mobilapp\/urunler\/insize-9652-rc02-el-tipi-lcr-metre\/","title":{"rendered":"Insize 9652-RC02 El Tipi LCR Metre"},"content":{"rendered":"","protected":false},"excerpt":{"rendered":"<ul>\n<li>Otomatik \u00f6l\u00e7\u00fcm end\u00fcktans (L), kapasitans (C), diren\u00e7 (R), empedans (Z), kalite fakt\u00f6r\u00fc (Q), da\u011f\u0131lma fakt\u00f6r\u00fc (D), faz (0) ve DC direnci (DCR)<\/li>\n<li>Dahili tetik<\/li>\n<li>Veri tutma<\/li>\n<li>Tam aral\u0131k a\u00e7\u0131k ve k\u0131sa telafi<\/li>\n<li>E\u015fde\u011fer devre: seri ve paralel<\/li>\n<li>Ana parametreyi nominal de\u011ferle kar\u015f\u0131la\u015ft\u0131r\u0131n ve y\u00fczdelik sapmay\u0131 g\u00f6r\u00fcnt\u00fcleyin<\/li>\n<li>Veri iletimi ve \u015farj i\u00e7in dahili USB-C aray\u00fcz\u00fc<\/li>\n<li>Dil: \u0130ngilizce, \u00c7ince<\/li>\n<li>Ayarlanabilir arka ayd\u0131nlatmal\u0131 LCD dokunmatik ekran<\/li>\n<li>Otomatik kapanma<\/li>\n<li><a href=\"https:\/\/denizmtl.com\/wp-content\/uploads\/2025\/05\/9652.pdf\"><strong>PDF i\u00e7in t\u0131klay\u0131n\u0131z.<\/strong><\/a><\/li>\n<\/ul>\n","protected":false},"author":1,"featured_media":29126,"comment_status":"open","ping_status":"closed","template":"","meta":[],"product_brand":[],"product_cat":[117],"product_tag":[],"class_list":{"0":"post-29096","1":"product","2":"type-product","3":"status-publish","4":"has-post-thumbnail","6":"product_cat-olcum-setleri","8":"first","9":"instock","10":"shipping-taxable","11":"product-type-simple"},"_links":{"self":[{"href":"https:\/\/denizmtl.com\/mobilapp\/wp-json\/wp\/v2\/product\/29096","targetHints":{"allow":["GET"]}}],"collection":[{"href":"https:\/\/denizmtl.com\/mobilapp\/wp-json\/wp\/v2\/product"}],"about":[{"href":"https:\/\/denizmtl.com\/mobilapp\/wp-json\/wp\/v2\/types\/product"}],"author":[{"embeddable":true,"href":"https:\/\/denizmtl.com\/mobilapp\/wp-json\/wp\/v2\/users\/1"}],"replies":[{"embeddable":true,"href":"https:\/\/denizmtl.com\/mobilapp\/wp-json\/wp\/v2\/comments?post=29096"}],"wp:featuredmedia":[{"embeddable":true,"href":"https:\/\/denizmtl.com\/mobilapp\/wp-json\/wp\/v2\/media\/29126"}],"wp:attachment":[{"href":"https:\/\/denizmtl.com\/mobilapp\/wp-json\/wp\/v2\/media?parent=29096"}],"wp:term":[{"taxonomy":"product_brand","embeddable":true,"href":"https:\/\/denizmtl.com\/mobilapp\/wp-json\/wp\/v2\/product_brand?post=29096"},{"taxonomy":"product_cat","embeddable":true,"href":"https:\/\/denizmtl.com\/mobilapp\/wp-json\/wp\/v2\/product_cat?post=29096"},{"taxonomy":"product_tag","embeddable":true,"href":"https:\/\/denizmtl.com\/mobilapp\/wp-json\/wp\/v2\/product_tag?post=29096"}],"curies":[{"name":"wp","href":"https:\/\/api.w.org\/{rel}","templated":true}]}}