{"id":29060,"date":"2025-08-14T11:35:10","date_gmt":"2025-08-14T08:35:10","guid":{"rendered":"https:\/\/denizmtl.com\/mobilapp\/?post_type=product&#038;p=29060"},"modified":"2025-08-14T11:35:26","modified_gmt":"2025-08-14T08:35:26","slug":"insize-ist-hp-tork-test-cihazi","status":"publish","type":"product","link":"https:\/\/denizmtl.com\/mobilapp\/urunler\/insize-ist-hp-tork-test-cihazi\/","title":{"rendered":"Insize IST-HP Tork Test Cihaz\u0131"},"content":{"rendered":"","protected":false},"excerpt":{"rendered":"<ul>\n<li>Elektrikli, pn\u00f6matik ve manuel tork tornavidalar\u0131n\u0131, tork anahtarlar\u0131n\u0131 ve di\u011fer tork aletlerini test etmek i\u00e7in<\/li>\n<li>Saat y\u00f6n\u00fcnde ve saat y\u00f6n\u00fcn\u00fcn tersine \u00e7al\u0131\u015fma<\/li>\n<li>Zirve ve takip \u00e7al\u0131\u015fma modlar\u0131<\/li>\n<li>Y\u00fcksek \u00e7\u00f6z\u00fcn\u00fcrl\u00fckl\u00fc ekran, arka ayd\u0131nlatma mevcut<\/li>\n<li>Do\u011fru tepe yakalama i\u00e7in y\u00fcksek \u00f6rnekleme frekans\u0131<\/li>\n<li>Birim: N.m, lb.in, kgf.cm<\/li>\n<li>\u00dcst ve alt limitler ayarlanabilir, k\u0131rm\u0131z\u0131 ve ye\u015fil g\u00f6sterge \u0131\u015f\u0131klar\u0131 ve buzzer ile otomatik sesli ve g\u00f6rsel alarm<\/li>\n<li>10 veri k\u00fcmesini depolay\u0131n ve ortalama de\u011feri hesaplay\u0131n<\/li>\n<li>Seri RS232 \u00e7\u0131k\u0131\u015f\u0131, tork e\u011frilerini test yaz\u0131l\u0131m\u0131yla g\u00f6r\u00fcnt\u00fclemek i\u00e7in PC&#8217;ye ba\u011flay\u0131n<\/li>\n<li>Otomatik s\u0131f\u0131rlama ayar\u0131, otomatik kapanma<br \/>\n<a href=\"https:\/\/denizmtl.com\/wp-content\/uploads\/2025\/05\/IST-HP.pdf\"><strong>PDF i\u00e7in t\u0131klay\u0131n\u0131z.<\/strong><\/a><\/li>\n<\/ul>\n","protected":false},"author":1,"featured_media":29090,"comment_status":"open","ping_status":"closed","template":"","meta":[],"product_brand":[],"product_cat":[28],"product_tag":[],"class_list":{"0":"post-29060","1":"product","2":"type-product","3":"status-publish","4":"has-post-thumbnail","6":"product_cat-diger-olcu-aletleri","8":"first","9":"instock","10":"shipping-taxable","11":"product-type-simple"},"_links":{"self":[{"href":"https:\/\/denizmtl.com\/mobilapp\/wp-json\/wp\/v2\/product\/29060","targetHints":{"allow":["GET"]}}],"collection":[{"href":"https:\/\/denizmtl.com\/mobilapp\/wp-json\/wp\/v2\/product"}],"about":[{"href":"https:\/\/denizmtl.com\/mobilapp\/wp-json\/wp\/v2\/types\/product"}],"author":[{"embeddable":true,"href":"https:\/\/denizmtl.com\/mobilapp\/wp-json\/wp\/v2\/users\/1"}],"replies":[{"embeddable":true,"href":"https:\/\/denizmtl.com\/mobilapp\/wp-json\/wp\/v2\/comments?post=29060"}],"wp:featuredmedia":[{"embeddable":true,"href":"https:\/\/denizmtl.com\/mobilapp\/wp-json\/wp\/v2\/media\/29090"}],"wp:attachment":[{"href":"https:\/\/denizmtl.com\/mobilapp\/wp-json\/wp\/v2\/media?parent=29060"}],"wp:term":[{"taxonomy":"product_brand","embeddable":true,"href":"https:\/\/denizmtl.com\/mobilapp\/wp-json\/wp\/v2\/product_brand?post=29060"},{"taxonomy":"product_cat","embeddable":true,"href":"https:\/\/denizmtl.com\/mobilapp\/wp-json\/wp\/v2\/product_cat?post=29060"},{"taxonomy":"product_tag","embeddable":true,"href":"https:\/\/denizmtl.com\/mobilapp\/wp-json\/wp\/v2\/product_tag?post=29060"}],"curies":[{"name":"wp","href":"https:\/\/api.w.org\/{rel}","templated":true}]}}