{"id":29059,"date":"2025-08-14T11:35:10","date_gmt":"2025-08-14T08:35:10","guid":{"rendered":"https:\/\/denizmtl.com\/mobilapp\/?post_type=product&#038;p=29059"},"modified":"2025-08-14T11:35:25","modified_gmt":"2025-08-14T08:35:25","slug":"insize-mpi-cp30-kompozit-manyetik-toz","status":"publish","type":"product","link":"https:\/\/denizmtl.com\/mobilapp\/urunler\/insize-mpi-cp30-kompozit-manyetik-toz\/","title":{"rendered":"Insize MPI-CP30 Kompozit Manyetik Toz"},"content":{"rendered":"","protected":false},"excerpt":{"rendered":"<ul>\n<li>Y\u00fcksek hassasiyet<\/li>\n<li>Kompozit manyetik par\u00e7ac\u0131k, ek pas \u00f6nleyicilere, k\u00f6p\u00fck gidericilere ve da\u011f\u0131t\u0131c\u0131lara olan ihtiyac\u0131 ortadan kald\u0131r\u0131r<\/li>\n<li>UV \u0131\u015f\u0131\u011f\u0131 alt\u0131nda net, g\u00f6r\u00fcn\u00fcr kusur g\u00f6stergesi<\/li>\n<li>M\u00fckemmel toz ak\u0131\u015fkanl\u0131\u011f\u0131<\/li>\n<li>\u0130yi da\u011f\u0131l\u0131m kararl\u0131l\u0131\u011f\u0131<\/li>\n<li>M\u00fckemmel y\u00fczey \u0131slanabilirli\u011fi<br \/>\n<a href=\"https:\/\/denizmtl.com\/wp-content\/uploads\/2025\/05\/MPI-CP30.pdf\"><strong>PDF i\u00e7in t\u0131klay\u0131n\u0131z.<\/strong><\/a><\/li>\n<\/ul>\n","protected":false},"author":1,"featured_media":29089,"comment_status":"open","ping_status":"closed","template":"","meta":[],"product_brand":[],"product_cat":[28],"product_tag":[],"class_list":{"0":"post-29059","1":"product","2":"type-product","3":"status-publish","4":"has-post-thumbnail","6":"product_cat-diger-olcu-aletleri","8":"first","9":"instock","10":"shipping-taxable","11":"product-type-simple"},"_links":{"self":[{"href":"https:\/\/denizmtl.com\/mobilapp\/wp-json\/wp\/v2\/product\/29059","targetHints":{"allow":["GET"]}}],"collection":[{"href":"https:\/\/denizmtl.com\/mobilapp\/wp-json\/wp\/v2\/product"}],"about":[{"href":"https:\/\/denizmtl.com\/mobilapp\/wp-json\/wp\/v2\/types\/product"}],"author":[{"embeddable":true,"href":"https:\/\/denizmtl.com\/mobilapp\/wp-json\/wp\/v2\/users\/1"}],"replies":[{"embeddable":true,"href":"https:\/\/denizmtl.com\/mobilapp\/wp-json\/wp\/v2\/comments?post=29059"}],"wp:featuredmedia":[{"embeddable":true,"href":"https:\/\/denizmtl.com\/mobilapp\/wp-json\/wp\/v2\/media\/29089"}],"wp:attachment":[{"href":"https:\/\/denizmtl.com\/mobilapp\/wp-json\/wp\/v2\/media?parent=29059"}],"wp:term":[{"taxonomy":"product_brand","embeddable":true,"href":"https:\/\/denizmtl.com\/mobilapp\/wp-json\/wp\/v2\/product_brand?post=29059"},{"taxonomy":"product_cat","embeddable":true,"href":"https:\/\/denizmtl.com\/mobilapp\/wp-json\/wp\/v2\/product_cat?post=29059"},{"taxonomy":"product_tag","embeddable":true,"href":"https:\/\/denizmtl.com\/mobilapp\/wp-json\/wp\/v2\/product_tag?post=29059"}],"curies":[{"name":"wp","href":"https:\/\/api.w.org\/{rel}","templated":true}]}}