{"id":29057,"date":"2025-08-14T11:35:09","date_gmt":"2025-08-14T08:35:09","guid":{"rendered":"https:\/\/denizmtl.com\/mobilapp\/?post_type=product&#038;p=29057"},"modified":"2025-08-14T11:35:24","modified_gmt":"2025-08-14T08:35:24","slug":"insize-scx-dmm72-endustriyel-akustik-goruntuleyici","status":"publish","type":"product","link":"https:\/\/denizmtl.com\/mobilapp\/urunler\/insize-scx-dmm72-endustriyel-akustik-goruntuleyici\/","title":{"rendered":"Insize SCX-DMM72 End\u00fcstriyel Akustik G\u00f6r\u00fcnt\u00fcleyici"},"content":{"rendered":"","protected":false},"excerpt":{"rendered":"<ul>\n<li>Bas\u0131n\u00e7 veya vakum ko\u015fullar\u0131 alt\u0131nda gaz ka\u00e7a\u011f\u0131 tespiti, ekipman g\u00fcr\u00fclt\u00fcs\u00fcn\u00fcn yerelle\u015ftirilmesi, k\u0131smi de\u015farj yerelle\u015ftirilmesi ve di\u011fer senaryolar i\u00e7in uygundur<\/li>\n<li>K\u0131smi de\u015farj deseni g\u00f6r\u00fcnt\u00fcleme fonksiyonu: darbe emisyon deseninin ger\u00e7ek zamanl\u0131 g\u00f6sterimi<\/li>\n<li>S\u0131z\u0131nt\u0131 de\u011ferlendirme fonksiyonu: ayarlanabilir \u00f6l\u00e7\u00fcm mesafesi, s\u0131z\u0131nt\u0131 oran\u0131n\u0131n daha do\u011fru de\u011ferlendirilmesi<\/li>\n<li>Ak\u0131ll\u0131 g\u00fcr\u00fclt\u00fc azaltma i\u015flevi: odak \u00e7er\u00e7evesinin d\u0131\u015f\u0131ndaki ses sinyallerini otomatik olarak filtreler<\/li>\n<li>Ayarlanabilir desibel e\u015fik fonksiyonu: arka plan g\u00fcr\u00fclt\u00fcs\u00fcn\u00fc filtrelemek i\u00e7in kullan\u0131l\u0131r<\/li>\n<li>Ar\u0131za yerinin foto\u011fraf ve video kayd\u0131 deste\u011fi<\/li>\n<li>Dil: \u00c7ince, \u0130ngilizce<\/li>\n<li><a href=\"https:\/\/denizmtl.com\/wp-content\/uploads\/2025\/05\/SCX-DMM72.pdf\"><strong>PDF i\u00e7in t\u0131klay\u0131n\u0131z.<\/strong><\/a><\/li>\n<\/ul>\n","protected":false},"author":1,"featured_media":29087,"comment_status":"open","ping_status":"closed","template":"","meta":[],"product_brand":[],"product_cat":[28],"product_tag":[],"class_list":{"0":"post-29057","1":"product","2":"type-product","3":"status-publish","4":"has-post-thumbnail","6":"product_cat-diger-olcu-aletleri","8":"first","9":"instock","10":"shipping-taxable","11":"product-type-simple"},"_links":{"self":[{"href":"https:\/\/denizmtl.com\/mobilapp\/wp-json\/wp\/v2\/product\/29057","targetHints":{"allow":["GET"]}}],"collection":[{"href":"https:\/\/denizmtl.com\/mobilapp\/wp-json\/wp\/v2\/product"}],"about":[{"href":"https:\/\/denizmtl.com\/mobilapp\/wp-json\/wp\/v2\/types\/product"}],"author":[{"embeddable":true,"href":"https:\/\/denizmtl.com\/mobilapp\/wp-json\/wp\/v2\/users\/1"}],"replies":[{"embeddable":true,"href":"https:\/\/denizmtl.com\/mobilapp\/wp-json\/wp\/v2\/comments?post=29057"}],"wp:featuredmedia":[{"embeddable":true,"href":"https:\/\/denizmtl.com\/mobilapp\/wp-json\/wp\/v2\/media\/29087"}],"wp:attachment":[{"href":"https:\/\/denizmtl.com\/mobilapp\/wp-json\/wp\/v2\/media?parent=29057"}],"wp:term":[{"taxonomy":"product_brand","embeddable":true,"href":"https:\/\/denizmtl.com\/mobilapp\/wp-json\/wp\/v2\/product_brand?post=29057"},{"taxonomy":"product_cat","embeddable":true,"href":"https:\/\/denizmtl.com\/mobilapp\/wp-json\/wp\/v2\/product_cat?post=29057"},{"taxonomy":"product_tag","embeddable":true,"href":"https:\/\/denizmtl.com\/mobilapp\/wp-json\/wp\/v2\/product_tag?post=29057"}],"curies":[{"name":"wp","href":"https:\/\/api.w.org\/{rel}","templated":true}]}}