{"id":29054,"date":"2025-08-14T11:35:09","date_gmt":"2025-08-14T08:35:09","guid":{"rendered":"https:\/\/denizmtl.com\/mobilapp\/?post_type=product&#038;p=29054"},"modified":"2025-08-14T11:35:23","modified_gmt":"2025-08-14T08:35:23","slug":"insize-mpi-sc608-akilli-goruntulu-uv-hata-tespit-isigi","status":"publish","type":"product","link":"https:\/\/denizmtl.com\/mobilapp\/urunler\/insize-mpi-sc608-akilli-goruntulu-uv-hata-tespit-isigi\/","title":{"rendered":"Insize MPI-SC608 Ak\u0131ll\u0131 G\u00f6r\u00fcnt\u00fcl\u00fc UV Hata Tespit I\u015f\u0131\u011f\u0131"},"content":{"rendered":"","protected":false},"excerpt":{"rendered":"<ul>\n<li>UV-B\/C i\u00e7eri\u011fi 0<\/li>\n<li>\u00d6n \u0131s\u0131tmaya gerek yok, an\u0131nda ba\u015flatma, an\u0131nda a\u00e7ma\/kapama, beklemeye gerek yok<\/li>\n<li>S\u00fcrekli \u0131\u015f\u0131nlama y\u00fczey noktas\u0131 d\u00fczg\u00fcn, karanl\u0131k alan yok, nokta benzeri g\u00fc\u00e7l\u00fc \u0131\u015f\u0131k kayna\u011f\u0131 yok<\/li>\n<li>Y\u00fcksek \u00e7\u00f6z\u00fcn\u00fcrl\u00fckl\u00fc foto\u011fraflar ve videolar i\u00e7in 13M UV&#8217;ye dayan\u0131kl\u0131 \u00f6zel lens<\/li>\n<li>K\u00fc\u00e7\u00fck kusurlar\u0131n hassas \u00f6l\u00e7\u00fcm\u00fc<\/li>\n<li>Y\u00fcksek \u00e7\u00f6z\u00fcn\u00fcrl\u00fckl\u00fc kusurlar 12 kata kadar serbest\u00e7e b\u00fcy\u00fct\u00fclebilir (optik b\u00fcy\u00fctmede 3 kat, elektronik b\u00fcy\u00fctmede 4 kat)<\/li>\n<li>Android sistem, uygulamalar\u0131 \u00fccretsiz indirin<\/li>\n<li>WIFI, USB, Bluetooth veri iletim i\u015flevini destekler ve \u0131\u015f\u0131k aray\u00fcz\u00fc ile bilgisayar ekran\u0131 aras\u0131nda ger\u00e7ek zamanl\u0131 senkronizasyon ger\u00e7ekle\u015ftirebilir<\/li>\n<li>Diller: \u00c7ince, \u0130ngilizce, Frans\u0131zca, Almanca, Japonca<\/li>\n<li><a href=\"https:\/\/denizmtl.com\/wp-content\/uploads\/2025\/05\/MPI-SC608.pdf\"><strong>PDF i\u00e7in t\u0131klay\u0131n\u0131z.<\/strong><\/a><\/li>\n<\/ul>\n","protected":false},"author":1,"featured_media":29084,"comment_status":"open","ping_status":"closed","template":"","meta":[],"product_brand":[],"product_cat":[28],"product_tag":[],"class_list":{"0":"post-29054","1":"product","2":"type-product","3":"status-publish","4":"has-post-thumbnail","6":"product_cat-diger-olcu-aletleri","8":"first","9":"instock","10":"shipping-taxable","11":"product-type-simple"},"_links":{"self":[{"href":"https:\/\/denizmtl.com\/mobilapp\/wp-json\/wp\/v2\/product\/29054","targetHints":{"allow":["GET"]}}],"collection":[{"href":"https:\/\/denizmtl.com\/mobilapp\/wp-json\/wp\/v2\/product"}],"about":[{"href":"https:\/\/denizmtl.com\/mobilapp\/wp-json\/wp\/v2\/types\/product"}],"author":[{"embeddable":true,"href":"https:\/\/denizmtl.com\/mobilapp\/wp-json\/wp\/v2\/users\/1"}],"replies":[{"embeddable":true,"href":"https:\/\/denizmtl.com\/mobilapp\/wp-json\/wp\/v2\/comments?post=29054"}],"wp:featuredmedia":[{"embeddable":true,"href":"https:\/\/denizmtl.com\/mobilapp\/wp-json\/wp\/v2\/media\/29084"}],"wp:attachment":[{"href":"https:\/\/denizmtl.com\/mobilapp\/wp-json\/wp\/v2\/media?parent=29054"}],"wp:term":[{"taxonomy":"product_brand","embeddable":true,"href":"https:\/\/denizmtl.com\/mobilapp\/wp-json\/wp\/v2\/product_brand?post=29054"},{"taxonomy":"product_cat","embeddable":true,"href":"https:\/\/denizmtl.com\/mobilapp\/wp-json\/wp\/v2\/product_cat?post=29054"},{"taxonomy":"product_tag","embeddable":true,"href":"https:\/\/denizmtl.com\/mobilapp\/wp-json\/wp\/v2\/product_tag?post=29054"}],"curies":[{"name":"wp","href":"https:\/\/api.w.org\/{rel}","templated":true}]}}