{"id":29052,"date":"2025-08-14T11:35:08","date_gmt":"2025-08-14T08:35:08","guid":{"rendered":"https:\/\/denizmtl.com\/mobilapp\/?post_type=product&#038;p=29052"},"modified":"2025-08-14T11:35:22","modified_gmt":"2025-08-14T08:35:22","slug":"insize-ism-km60-mikroskoplar-icin-dijital-kamera","status":"publish","type":"product","link":"https:\/\/denizmtl.com\/mobilapp\/urunler\/insize-ism-km60-mikroskoplar-icin-dijital-kamera\/","title":{"rendered":"Insize ISM-KM60 Mikroskoplar \u0130\u00e7in Dijital Kamera"},"content":{"rendered":"","protected":false},"excerpt":{"rendered":"<ul>\n<li>Bilgisayarlarla kullan\u0131lacak<\/li>\n<li>Sony Exmor arka ayd\u0131nlatmal\u0131 CMOS sens\u00f6r\u00fc<\/li>\n<li>USB3.0 iletimi<\/li>\n<li>Bilgisayarlar i\u00e7in \u00f6l\u00e7\u00fcm yaz\u0131l\u0131m\u0131 dahildir<\/li>\n<li>Ayd\u0131nl\u0131k alan, karanl\u0131k alan veya floresan alan i\u00e7in<\/li>\n<li>Otomatik pozlama, kazan\u00e7 ayar\u0131, beyaz dengesi, renk ayar\u0131, doygunluk ayar\u0131, gama d\u00fczeltme, parlakl\u0131k ayar\u0131, kontrast ayar\u0131<\/li>\n<li><a href=\"https:\/\/denizmtl.com\/wp-content\/uploads\/2025\/05\/ISM-KM60.pdf\"><strong>PDF i\u00e7in t\u0131klay\u0131n\u0131z.<\/strong><\/a><\/li>\n<\/ul>\n","protected":false},"author":1,"featured_media":29082,"comment_status":"open","ping_status":"closed","template":"","meta":[],"product_brand":[],"product_cat":[28],"product_tag":[],"class_list":{"0":"post-29052","1":"product","2":"type-product","3":"status-publish","4":"has-post-thumbnail","6":"product_cat-diger-olcu-aletleri","8":"first","9":"instock","10":"shipping-taxable","11":"product-type-simple"},"_links":{"self":[{"href":"https:\/\/denizmtl.com\/mobilapp\/wp-json\/wp\/v2\/product\/29052","targetHints":{"allow":["GET"]}}],"collection":[{"href":"https:\/\/denizmtl.com\/mobilapp\/wp-json\/wp\/v2\/product"}],"about":[{"href":"https:\/\/denizmtl.com\/mobilapp\/wp-json\/wp\/v2\/types\/product"}],"author":[{"embeddable":true,"href":"https:\/\/denizmtl.com\/mobilapp\/wp-json\/wp\/v2\/users\/1"}],"replies":[{"embeddable":true,"href":"https:\/\/denizmtl.com\/mobilapp\/wp-json\/wp\/v2\/comments?post=29052"}],"wp:featuredmedia":[{"embeddable":true,"href":"https:\/\/denizmtl.com\/mobilapp\/wp-json\/wp\/v2\/media\/29082"}],"wp:attachment":[{"href":"https:\/\/denizmtl.com\/mobilapp\/wp-json\/wp\/v2\/media?parent=29052"}],"wp:term":[{"taxonomy":"product_brand","embeddable":true,"href":"https:\/\/denizmtl.com\/mobilapp\/wp-json\/wp\/v2\/product_brand?post=29052"},{"taxonomy":"product_cat","embeddable":true,"href":"https:\/\/denizmtl.com\/mobilapp\/wp-json\/wp\/v2\/product_cat?post=29052"},{"taxonomy":"product_tag","embeddable":true,"href":"https:\/\/denizmtl.com\/mobilapp\/wp-json\/wp\/v2\/product_tag?post=29052"}],"curies":[{"name":"wp","href":"https:\/\/api.w.org\/{rel}","templated":true}]}}