{"id":29051,"date":"2025-08-14T11:35:08","date_gmt":"2025-08-14T08:35:08","guid":{"rendered":"https:\/\/denizmtl.com\/mobilapp\/?post_type=product&#038;p=29051"},"modified":"2025-08-14T11:35:21","modified_gmt":"2025-08-14T08:35:21","slug":"insize-ipt-zp1300-floresan-penetrant-sivisi","status":"publish","type":"product","link":"https:\/\/denizmtl.com\/mobilapp\/urunler\/insize-ipt-zp1300-floresan-penetrant-sivisi\/","title":{"rendered":"Insize IPT-ZP1300 Floresan Penetrant S\u0131v\u0131s\u0131"},"content":{"rendered":"","protected":false},"excerpt":{"rendered":"<ul>\n<li>AMS 2644, ASTM E1417 standartlar\u0131na uygunluk<\/li>\n<li>Seviye 3 hassasiyet, y\u0131kanabilir, y\u00fcksek parlakl\u0131k, y\u00fcksek kontrast ar\u0131za g\u00f6stergesi<\/li>\n<li>Y\u00fcksek su tolerans\u0131, y\u00fcksek termal kararl\u0131l\u0131k, y\u00fcksek UV kararl\u0131l\u0131\u011f\u0131<\/li>\n<li>Y\u00fcksek parlama noktas\u0131, d\u00fc\u015f\u00fck toksisite, d\u00fc\u015f\u00fck u\u00e7uculuk, d\u00fc\u015f\u00fck koku<\/li>\n<li>D\u00fc\u015f\u00fck biyolojik ve \u00e7evresel y\u00fck<\/li>\n<li><a href=\"https:\/\/denizmtl.com\/wp-content\/uploads\/2025\/05\/IPT-ZP1300.pdf\"><strong>PDF i\u00e7in t\u0131klay\u0131n\u0131z.<\/strong><\/a><\/li>\n<\/ul>\n","protected":false},"author":1,"featured_media":29081,"comment_status":"open","ping_status":"closed","template":"","meta":[],"product_brand":[],"product_cat":[28],"product_tag":[],"class_list":{"0":"post-29051","1":"product","2":"type-product","3":"status-publish","4":"has-post-thumbnail","6":"product_cat-diger-olcu-aletleri","8":"first","9":"instock","10":"shipping-taxable","11":"product-type-simple"},"_links":{"self":[{"href":"https:\/\/denizmtl.com\/mobilapp\/wp-json\/wp\/v2\/product\/29051","targetHints":{"allow":["GET"]}}],"collection":[{"href":"https:\/\/denizmtl.com\/mobilapp\/wp-json\/wp\/v2\/product"}],"about":[{"href":"https:\/\/denizmtl.com\/mobilapp\/wp-json\/wp\/v2\/types\/product"}],"author":[{"embeddable":true,"href":"https:\/\/denizmtl.com\/mobilapp\/wp-json\/wp\/v2\/users\/1"}],"replies":[{"embeddable":true,"href":"https:\/\/denizmtl.com\/mobilapp\/wp-json\/wp\/v2\/comments?post=29051"}],"wp:featuredmedia":[{"embeddable":true,"href":"https:\/\/denizmtl.com\/mobilapp\/wp-json\/wp\/v2\/media\/29081"}],"wp:attachment":[{"href":"https:\/\/denizmtl.com\/mobilapp\/wp-json\/wp\/v2\/media?parent=29051"}],"wp:term":[{"taxonomy":"product_brand","embeddable":true,"href":"https:\/\/denizmtl.com\/mobilapp\/wp-json\/wp\/v2\/product_brand?post=29051"},{"taxonomy":"product_cat","embeddable":true,"href":"https:\/\/denizmtl.com\/mobilapp\/wp-json\/wp\/v2\/product_cat?post=29051"},{"taxonomy":"product_tag","embeddable":true,"href":"https:\/\/denizmtl.com\/mobilapp\/wp-json\/wp\/v2\/product_tag?post=29051"}],"curies":[{"name":"wp","href":"https:\/\/api.w.org\/{rel}","templated":true}]}}