{"id":29046,"date":"2025-08-14T11:35:07","date_gmt":"2025-08-14T08:35:07","guid":{"rendered":"https:\/\/denizmtl.com\/mobilapp\/?post_type=product&#038;p=29046"},"modified":"2025-08-14T11:35:18","modified_gmt":"2025-08-14T08:35:18","slug":"insize-tsm-c11-opaklik-olcer","status":"publish","type":"product","link":"https:\/\/denizmtl.com\/mobilapp\/urunler\/insize-tsm-c11-opaklik-olcer\/","title":{"rendered":"Insize TSM-C11 Opakl\u0131k \u00d6l\u00e7er"},"content":{"rendered":"","protected":false},"excerpt":{"rendered":"<ul>\n<li>ISO11614&#8217;e g\u00f6re<\/li>\n<li>S\u0131k\u0131\u015ft\u0131rma yanmal\u0131 (dizel) motorun emisyonlar\u0131ndaki (egzoz duman\u0131) g\u00f6r\u00fcn\u00fcr kirleticileri test etmek i\u00e7in kullan\u0131l\u0131r. \u00c7evre koruma, motorlu ta\u015f\u0131t testi, motor \u00fcretimi, otomobil \u00fcretimi ve otomobil onar\u0131m\u0131 i\u00e7in uygundur<\/li>\n<li>LCD ekran ve dokunmatik ekran, opakl\u0131k ve \u0131\u015f\u0131k emilim katsay\u0131s\u0131n\u0131 test edebilir, basit ve sezgisel<\/li>\n<li>\u00dccretsiz ivme testi ve ge\u00e7ici test fonksiyonu ile otomatik veri i\u015fleme<\/li>\n<li>\u00d6rnekleme (b\u00f6l\u00fcnm\u00fc\u015f) testi ve hava perdesi koruma teknolojisini kullan\u0131n, optik sistemin egzoz duman\u0131 taraf\u0131ndan kirlenmesini \u00f6nleyin<\/li>\n<li>Test odas\u0131 sabit s\u0131cakl\u0131kta kontrol edilir, do\u011fru \u00f6l\u00e7\u00fcmler i\u00e7in nem yo\u011funla\u015fmas\u0131 ve s\u0131cakl\u0131k dalgalanmas\u0131 \u00f6nlenir<\/li>\n<li>Otomatik \u00f6n \u0131s\u0131tma ve s\u0131f\u0131rlama<\/li>\n<li>RS232 seri portu harici bilgisayarla ileti\u015fim kurar<br \/>\n<a href=\"https:\/\/denizmtl.com\/wp-content\/uploads\/2025\/05\/TSM-C11.pdf\"><strong>PDF i\u00e7in t\u0131klay\u0131n\u0131z.<\/strong><\/a><\/li>\n<\/ul>\n","protected":false},"author":1,"featured_media":29076,"comment_status":"open","ping_status":"closed","template":"","meta":[],"product_brand":[],"product_cat":[28],"product_tag":[],"class_list":{"0":"post-29046","1":"product","2":"type-product","3":"status-publish","4":"has-post-thumbnail","6":"product_cat-diger-olcu-aletleri","8":"first","9":"instock","10":"shipping-taxable","11":"product-type-simple"},"_links":{"self":[{"href":"https:\/\/denizmtl.com\/mobilapp\/wp-json\/wp\/v2\/product\/29046","targetHints":{"allow":["GET"]}}],"collection":[{"href":"https:\/\/denizmtl.com\/mobilapp\/wp-json\/wp\/v2\/product"}],"about":[{"href":"https:\/\/denizmtl.com\/mobilapp\/wp-json\/wp\/v2\/types\/product"}],"author":[{"embeddable":true,"href":"https:\/\/denizmtl.com\/mobilapp\/wp-json\/wp\/v2\/users\/1"}],"replies":[{"embeddable":true,"href":"https:\/\/denizmtl.com\/mobilapp\/wp-json\/wp\/v2\/comments?post=29046"}],"wp:featuredmedia":[{"embeddable":true,"href":"https:\/\/denizmtl.com\/mobilapp\/wp-json\/wp\/v2\/media\/29076"}],"wp:attachment":[{"href":"https:\/\/denizmtl.com\/mobilapp\/wp-json\/wp\/v2\/media?parent=29046"}],"wp:term":[{"taxonomy":"product_brand","embeddable":true,"href":"https:\/\/denizmtl.com\/mobilapp\/wp-json\/wp\/v2\/product_brand?post=29046"},{"taxonomy":"product_cat","embeddable":true,"href":"https:\/\/denizmtl.com\/mobilapp\/wp-json\/wp\/v2\/product_cat?post=29046"},{"taxonomy":"product_tag","embeddable":true,"href":"https:\/\/denizmtl.com\/mobilapp\/wp-json\/wp\/v2\/product_tag?post=29046"}],"curies":[{"name":"wp","href":"https:\/\/api.w.org\/{rel}","templated":true}]}}