{"id":29044,"date":"2025-08-14T11:35:06","date_gmt":"2025-08-14T08:35:06","guid":{"rendered":"https:\/\/denizmtl.com\/mobilapp\/?post_type=product&#038;p=29044"},"modified":"2025-10-02T17:45:02","modified_gmt":"2025-10-02T14:45:02","slug":"insize-0410-ea31-su-kalitesi-test-cihazi","status":"publish","type":"product","link":"https:\/\/denizmtl.com\/mobilapp\/urunler\/insize-0410-ea31-su-kalitesi-test-cihazi\/","title":{"rendered":"Insize 0410-EA31 Su Kalitesi Test Cihaz\u0131"},"content":{"rendered":"","protected":false},"excerpt":{"rendered":"<ul>\n<li>Musluk suyu, ar\u0131t\u0131lm\u0131\u015f su, yeralt\u0131 suyu, y\u00fczey suyu (kirletilmemi\u015f) ve di\u011fer i\u00e7me sular\u0131n\u0131n \u00f6l\u00e7\u00fcm\u00fcnde, suda mikroorganizma ve pestisit kal\u0131nt\u0131lar\u0131n\u0131n belirlenmesinde kullan\u0131l\u0131r.<\/li>\n<li>\u0130\u00e7me suyunun COD, TOC, UV275 parametrelerini \u00f6l\u00e7mek i\u00e7in UV emilim y\u00f6ntemini kullan\u0131n ve i\u00e7me suyunun TDS&#8217;sini belirlemek i\u00e7in iletkenli\u011fi \u00f6l\u00e7\u00fcn<\/li>\n<li>Su kalitesinin kapsaml\u0131 de\u011ferlendirilmesi i\u00e7in COD (kimyasal oksijen ihtiyac\u0131), TOC (toplam organik karbon), UV275 (ultraviyole dalga boyu 275 nm), TDS (toplam \u00e7\u00f6z\u00fcnm\u00fc\u015f kat\u0131lar), EC (elektrik iletkenli\u011fi), T (s\u0131cakl\u0131k) olmak \u00fczere 6 parametrenin ayn\u0131 anda \u00f6l\u00e7\u00fclmesi m\u00fcmk\u00fcnd\u00fcr<\/li>\n<li>Ak\u0131ll\u0131 puanlama \u00f6zelli\u011fi ile: 4 renkli arka \u0131\u015f\u0131k, 4 su kalitesi derecesini g\u00f6sterir<\/li>\n<li>Otomatik s\u0131cakl\u0131k telafisi<\/li>\n<li>Prob koruma seviyesi: IP67<\/li>\n<li><a href=\"https:\/\/denizmtl.com\/wp-content\/uploads\/2025\/05\/0410.pdf\"><strong>PDF i\u00e7in t\u0131klay\u0131n\u0131z.<\/strong><\/a><\/li>\n<\/ul>\n<p>&nbsp;<br \/>\n<a class=\"wp-iletim-button\" href=\"https:\/\/wa.me\/905422584189?text=Merhaba%2C%20https%3A%2F%2Fdenizmtl.com%2Fmobilapp%2Fwp-json%2Fwp%2Fv2%2Fproduct%2F29044%20sayfas%C4%B1ndaki%20%C3%BCr%C3%BCnle%20ilgili%20fiyat%20ve%20demo%20talep%20etmek%20istiyorum.\" target=\"_blank\" rel=\"noopener\" style=\"display:inline-block;padding:10px 16px;border-radius:6px;color:#fff;text-decoration:none;font-weight:600;background:#334862;\">F\u0130YAT VE DEMO TALEP ET<\/a>\n","protected":false},"author":1,"featured_media":29074,"comment_status":"open","ping_status":"closed","template":"","meta":[],"product_brand":[],"product_cat":[100],"product_tag":[],"class_list":{"0":"post-29044","1":"product","2":"type-product","3":"status-publish","4":"has-post-thumbnail","6":"product_cat-test-cihazlari","8":"first","9":"instock","10":"shipping-taxable","11":"product-type-simple"},"_links":{"self":[{"href":"https:\/\/denizmtl.com\/mobilapp\/wp-json\/wp\/v2\/product\/29044","targetHints":{"allow":["GET"]}}],"collection":[{"href":"https:\/\/denizmtl.com\/mobilapp\/wp-json\/wp\/v2\/product"}],"about":[{"href":"https:\/\/denizmtl.com\/mobilapp\/wp-json\/wp\/v2\/types\/product"}],"author":[{"embeddable":true,"href":"https:\/\/denizmtl.com\/mobilapp\/wp-json\/wp\/v2\/users\/1"}],"replies":[{"embeddable":true,"href":"https:\/\/denizmtl.com\/mobilapp\/wp-json\/wp\/v2\/comments?post=29044"}],"wp:featuredmedia":[{"embeddable":true,"href":"https:\/\/denizmtl.com\/mobilapp\/wp-json\/wp\/v2\/media\/29074"}],"wp:attachment":[{"href":"https:\/\/denizmtl.com\/mobilapp\/wp-json\/wp\/v2\/media?parent=29044"}],"wp:term":[{"taxonomy":"product_brand","embeddable":true,"href":"https:\/\/denizmtl.com\/mobilapp\/wp-json\/wp\/v2\/product_brand?post=29044"},{"taxonomy":"product_cat","embeddable":true,"href":"https:\/\/denizmtl.com\/mobilapp\/wp-json\/wp\/v2\/product_cat?post=29044"},{"taxonomy":"product_tag","embeddable":true,"href":"https:\/\/denizmtl.com\/mobilapp\/wp-json\/wp\/v2\/product_tag?post=29044"}],"curies":[{"name":"wp","href":"https:\/\/api.w.org\/{rel}","templated":true}]}}