{"id":29042,"date":"2025-08-14T11:35:06","date_gmt":"2025-08-14T08:35:06","guid":{"rendered":"https:\/\/denizmtl.com\/mobilapp\/?post_type=product&#038;p=29042"},"modified":"2025-08-14T11:35:16","modified_gmt":"2025-08-14T08:35:16","slug":"insize-isf-dt-tel-tansiyometresi","status":"publish","type":"product","link":"https:\/\/denizmtl.com\/mobilapp\/urunler\/insize-isf-dt-tel-tansiyometresi\/","title":{"rendered":"Insize ISF-DT Tel Tansiyometresi"},"content":{"rendered":"","protected":false},"excerpt":{"rendered":"<ul>\n<li>Tel \u00e7ekme makineleri, sarma makineleri, tel kesme makineleri, karbon fiber sarma ekipmanlar\u0131, fiber optik sarma ekipmanlar\u0131, fiber optik kablo \u00fcretim ekipmanlar\u0131, cam elyaf sarma ekipmanlar\u0131, \u00e7elik kordon \u00fcretim ekipmanlar\u0131, \u00e7elik tel halat \u00fcretim ekipmanlar\u0131 vb.&#8217;nin gerginli\u011fini test etmek i\u00e7in uygundur.<\/li>\n<li>Otomatik s\u0131f\u0131rlama, manuel s\u0131f\u0131rlama da m\u00fcmk\u00fcnd\u00fcr<\/li>\n<li>Mevcut ger\u00e7ek zamanl\u0131 de\u011feri (200 veriye kadar) kaydetmek i\u00e7in haf\u0131za fonksiyonu, faz verilerini kaydetmek i\u00e7in (maks., min., ortalama)<\/li>\n<li>10 kalibrasyon kanal\u0131, se\u00e7ebilece\u011finiz 6 kalibrasyon noktas\u0131 grubu<\/li>\n<li>\u0130nce ayarlanabilir telafi, telafi de\u011feri aral\u0131\u011f\u0131 \u00b1%10FS, bir bile\u015fen i\u00e7in %1<\/li>\n<li>Alt\u0131 birim g, cN, N, Ib, daN, kg otomatik olarak d\u00f6n\u00fc\u015ft\u00fcr\u00fcl\u00fcr<\/li>\n<li>3 dk i\u015flem yap\u0131lmazsa otomatik kapanma<\/li>\n<li>Tel \u00e7ap\u0131 kompanzasyonu ile y\u00fcksek \u00f6l\u00e7\u00fcm do\u011frulu\u011fu<br \/>\n<a href=\"https:\/\/denizmtl.com\/wp-content\/uploads\/2025\/05\/ISF-DT.pdf\"><strong>PDF i\u00e7in t\u0131klay\u0131n\u0131z.<\/strong><\/a><\/li>\n<\/ul>\n","protected":false},"author":1,"featured_media":29072,"comment_status":"open","ping_status":"closed","template":"","meta":[],"product_brand":[],"product_cat":[28],"product_tag":[],"class_list":{"0":"post-29042","1":"product","2":"type-product","3":"status-publish","4":"has-post-thumbnail","6":"product_cat-diger-olcu-aletleri","8":"first","9":"instock","10":"shipping-taxable","11":"product-type-simple"},"_links":{"self":[{"href":"https:\/\/denizmtl.com\/mobilapp\/wp-json\/wp\/v2\/product\/29042","targetHints":{"allow":["GET"]}}],"collection":[{"href":"https:\/\/denizmtl.com\/mobilapp\/wp-json\/wp\/v2\/product"}],"about":[{"href":"https:\/\/denizmtl.com\/mobilapp\/wp-json\/wp\/v2\/types\/product"}],"author":[{"embeddable":true,"href":"https:\/\/denizmtl.com\/mobilapp\/wp-json\/wp\/v2\/users\/1"}],"replies":[{"embeddable":true,"href":"https:\/\/denizmtl.com\/mobilapp\/wp-json\/wp\/v2\/comments?post=29042"}],"wp:featuredmedia":[{"embeddable":true,"href":"https:\/\/denizmtl.com\/mobilapp\/wp-json\/wp\/v2\/media\/29072"}],"wp:attachment":[{"href":"https:\/\/denizmtl.com\/mobilapp\/wp-json\/wp\/v2\/media?parent=29042"}],"wp:term":[{"taxonomy":"product_brand","embeddable":true,"href":"https:\/\/denizmtl.com\/mobilapp\/wp-json\/wp\/v2\/product_brand?post=29042"},{"taxonomy":"product_cat","embeddable":true,"href":"https:\/\/denizmtl.com\/mobilapp\/wp-json\/wp\/v2\/product_cat?post=29042"},{"taxonomy":"product_tag","embeddable":true,"href":"https:\/\/denizmtl.com\/mobilapp\/wp-json\/wp\/v2\/product_tag?post=29042"}],"curies":[{"name":"wp","href":"https:\/\/api.w.org\/{rel}","templated":true}]}}