{"id":29037,"date":"2025-08-14T11:35:05","date_gmt":"2025-08-14T08:35:05","guid":{"rendered":"https:\/\/denizmtl.com\/mobilapp\/?post_type=product&#038;p=29037"},"modified":"2025-08-14T11:35:13","modified_gmt":"2025-08-14T08:35:13","slug":"insize-tlp-d150-kesici-takimlar-icin-goruntulu-olcum-sistemi","status":"publish","type":"product","link":"https:\/\/denizmtl.com\/mobilapp\/urunler\/insize-tlp-d150-kesici-takimlar-icin-goruntulu-olcum-sistemi\/","title":{"rendered":"Insize TLP-D150 Kesici Tak\u0131mlar \u0130\u00e7in G\u00f6r\u00fcnt\u00fcl\u00fc \u00d6l\u00e7\u00fcm Sistemi"},"content":{"rendered":"","protected":false},"excerpt":{"rendered":"<ul>\n<li>Freze tak\u0131mlar\u0131, matkap u\u00e7lar\u0131, standart d\u0131\u015f\u0131 kal\u0131plama tak\u0131mlar\u0131n\u0131n y\u00fczey \u0131\u015f\u0131\u011f\u0131 alt\u0131nda \u00f6l\u00e7\u00fcm\u00fc ve muayenesi<\/li>\n<li>Profil \u00f6l\u00e7\u00fcm\u00fc, d\u00fcz ve helezonlu yivli tak\u0131mlar i\u00e7in otomatik profil yakalama<\/li>\n<li>CAD dosyas\u0131n\u0131 i\u00e7e ve d\u0131\u015fa aktar\u0131n<\/li>\n<li>Aletin arka y\u00fcz\u00fcndeki k\u0131r\u0131lma ve ta\u015flama tekerle\u011fi deseninin net bir \u015fekilde g\u00f6zlemlenebilmesi i\u00e7in y\u00fcksek b\u00fcy\u00fctme<\/li>\n<li>Granit platformu, daha kararl\u0131<\/li>\n<li>Ergonomik tasar\u0131ml\u0131 yap\u0131, kolay ve h\u0131zl\u0131 kullan\u0131m<\/li>\n<li>Kesici kenar\u0131n ni\u015fangah\u0131 otomatik olarak tan\u0131nabilir ve yakalanabilir<\/li>\n<li>Otomatik ve manuel \u00f6l\u00e7\u00fcmler<\/li>\n<li>Veri depolama, analiz, y\u00f6netim, foto\u011fraflama, g\u00f6r\u00fcnt\u00fc depolama ve y\u00f6netimi<\/li>\n<li><a href=\"https:\/\/denizmtl.com\/wp-content\/uploads\/2025\/05\/TLP-D150.pdf\"><strong>PDF i\u00e7in t\u0131klay\u0131n\u0131z.<\/strong><\/a><\/li>\n<\/ul>\n","protected":false},"author":1,"featured_media":29067,"comment_status":"open","ping_status":"closed","template":"","meta":[],"product_brand":[],"product_cat":[117],"product_tag":[],"class_list":{"0":"post-29037","1":"product","2":"type-product","3":"status-publish","4":"has-post-thumbnail","6":"product_cat-olcum-setleri","8":"first","9":"instock","10":"shipping-taxable","11":"product-type-simple"},"_links":{"self":[{"href":"https:\/\/denizmtl.com\/mobilapp\/wp-json\/wp\/v2\/product\/29037","targetHints":{"allow":["GET"]}}],"collection":[{"href":"https:\/\/denizmtl.com\/mobilapp\/wp-json\/wp\/v2\/product"}],"about":[{"href":"https:\/\/denizmtl.com\/mobilapp\/wp-json\/wp\/v2\/types\/product"}],"author":[{"embeddable":true,"href":"https:\/\/denizmtl.com\/mobilapp\/wp-json\/wp\/v2\/users\/1"}],"replies":[{"embeddable":true,"href":"https:\/\/denizmtl.com\/mobilapp\/wp-json\/wp\/v2\/comments?post=29037"}],"wp:featuredmedia":[{"embeddable":true,"href":"https:\/\/denizmtl.com\/mobilapp\/wp-json\/wp\/v2\/media\/29067"}],"wp:attachment":[{"href":"https:\/\/denizmtl.com\/mobilapp\/wp-json\/wp\/v2\/media?parent=29037"}],"wp:term":[{"taxonomy":"product_brand","embeddable":true,"href":"https:\/\/denizmtl.com\/mobilapp\/wp-json\/wp\/v2\/product_brand?post=29037"},{"taxonomy":"product_cat","embeddable":true,"href":"https:\/\/denizmtl.com\/mobilapp\/wp-json\/wp\/v2\/product_cat?post=29037"},{"taxonomy":"product_tag","embeddable":true,"href":"https:\/\/denizmtl.com\/mobilapp\/wp-json\/wp\/v2\/product_tag?post=29037"}],"curies":[{"name":"wp","href":"https:\/\/api.w.org\/{rel}","templated":true}]}}