{"id":29036,"date":"2025-08-14T11:35:04","date_gmt":"2025-08-14T08:35:04","guid":{"rendered":"https:\/\/denizmtl.com\/mobilapp\/?post_type=product&#038;p=29036"},"modified":"2025-10-02T17:45:02","modified_gmt":"2025-10-02T14:45:02","slug":"insize-utm-x-universal-elektronik-test-cihazi-profesyonel-tip","status":"publish","type":"product","link":"https:\/\/denizmtl.com\/mobilapp\/urunler\/insize-utm-x-universal-elektronik-test-cihazi-profesyonel-tip\/","title":{"rendered":"Insize UTM-X Universal Elektronik Test Cihaz\u0131 (Profesyonel Tip)"},"content":{"rendered":"","protected":false},"excerpt":{"rendered":"<ul>\n<li>\u00c7e\u015fitli test standartlar\u0131yla donat\u0131lm\u0131\u015f olup, metal, seramik, plastik, kau\u00e7uk ve kompozit malzemeler ve test ve ara\u015ft\u0131rman\u0131n di\u011fer ilgili mekanik \u00f6zellikleri i\u00e7in olabilir<\/li>\n<li>Mekanik par\u00e7alar, elektronik par\u00e7alar, g\u0131da ambalaj malzemeleri, kimyasal lifler, filmler, yeni enerji pilleri vb. gibi \u00e7e\u015fitli \u00fcr\u00fcnlerin mekanik \u00f6zelliklerinin ara\u015ft\u0131r\u0131lmas\u0131 ve kalite kontrol\u00fcnde kullan\u0131labilir.<\/li>\n<li>Ana bilgisayar\u0131n sertli\u011fi, y\u00fckleme h\u0131z\u0131 ve y\u00fck\u00fc, deformasyon \u00f6l\u00e7\u00fcm do\u011frulu\u011fu, veri g\u00fcvenilirli\u011fi, benimseme oran\u0131 ve kapal\u0131 devre kontrol oran\u0131 m\u00fckemmeldir<\/li>\n<li><a href=\"https:\/\/denizmtl.com\/wp-content\/uploads\/2025\/05\/UTM-X.pdf\"><strong>PDF i\u00e7in t\u0131klay\u0131n\u0131z.<\/strong><\/a><\/li>\n<\/ul>\n<p>&nbsp;<br \/>\n<a class=\"wp-iletim-button\" href=\"https:\/\/wa.me\/905422584189?text=Merhaba%2C%20https%3A%2F%2Fdenizmtl.com%2Fmobilapp%2Fwp-json%2Fwp%2Fv2%2Fproduct%2F29036%20sayfas%C4%B1ndaki%20%C3%BCr%C3%BCnle%20ilgili%20fiyat%20ve%20demo%20talep%20etmek%20istiyorum.\" target=\"_blank\" rel=\"noopener\" style=\"display:inline-block;padding:10px 16px;border-radius:6px;color:#fff;text-decoration:none;font-weight:600;background:#334862;\">F\u0130YAT VE DEMO TALEP ET<\/a>\n","protected":false},"author":1,"featured_media":29066,"comment_status":"open","ping_status":"closed","template":"","meta":[],"product_brand":[],"product_cat":[100],"product_tag":[],"class_list":{"0":"post-29036","1":"product","2":"type-product","3":"status-publish","4":"has-post-thumbnail","6":"product_cat-test-cihazlari","8":"first","9":"instock","10":"shipping-taxable","11":"product-type-simple"},"_links":{"self":[{"href":"https:\/\/denizmtl.com\/mobilapp\/wp-json\/wp\/v2\/product\/29036","targetHints":{"allow":["GET"]}}],"collection":[{"href":"https:\/\/denizmtl.com\/mobilapp\/wp-json\/wp\/v2\/product"}],"about":[{"href":"https:\/\/denizmtl.com\/mobilapp\/wp-json\/wp\/v2\/types\/product"}],"author":[{"embeddable":true,"href":"https:\/\/denizmtl.com\/mobilapp\/wp-json\/wp\/v2\/users\/1"}],"replies":[{"embeddable":true,"href":"https:\/\/denizmtl.com\/mobilapp\/wp-json\/wp\/v2\/comments?post=29036"}],"wp:featuredmedia":[{"embeddable":true,"href":"https:\/\/denizmtl.com\/mobilapp\/wp-json\/wp\/v2\/media\/29066"}],"wp:attachment":[{"href":"https:\/\/denizmtl.com\/mobilapp\/wp-json\/wp\/v2\/media?parent=29036"}],"wp:term":[{"taxonomy":"product_brand","embeddable":true,"href":"https:\/\/denizmtl.com\/mobilapp\/wp-json\/wp\/v2\/product_brand?post=29036"},{"taxonomy":"product_cat","embeddable":true,"href":"https:\/\/denizmtl.com\/mobilapp\/wp-json\/wp\/v2\/product_cat?post=29036"},{"taxonomy":"product_tag","embeddable":true,"href":"https:\/\/denizmtl.com\/mobilapp\/wp-json\/wp\/v2\/product_tag?post=29036"}],"curies":[{"name":"wp","href":"https:\/\/api.w.org\/{rel}","templated":true}]}}