{"id":29001,"date":"2025-08-14T11:34:45","date_gmt":"2025-08-14T08:34:45","guid":{"rendered":"https:\/\/denizmtl.com\/mobilapp\/?post_type=product&#038;p=29001"},"modified":"2025-08-14T11:35:01","modified_gmt":"2025-08-14T08:35:01","slug":"insize-2850-10-10wl-akilli-dijital-kalinlik-olcer","status":"publish","type":"product","link":"https:\/\/denizmtl.com\/mobilapp\/urunler\/insize-2850-10-10wl-akilli-dijital-kalinlik-olcer\/","title":{"rendered":"Insize 2850-10 \/ 10WL Ak\u0131ll\u0131 Dijital Kal\u0131nl\u0131k \u00d6l\u00e7er"},"content":{"rendered":"","protected":false},"excerpt":{"rendered":"<ul>\n<li>On milyon kez kullan\u0131m i\u00e7in do\u011frusal bilyal\u0131 rulmanlar<\/li>\n<li>Mutlak kodlay\u0131c\u0131, g\u00fc\u00e7 kapat\u0131ld\u0131ktan sonra orijinal veriler kal\u0131r<\/li>\n<li>Ayarlanabilir \u00e7\u00f6z\u00fcn\u00fcrl\u00fck:<\/li>\n<li>0,0005 mm\/0,00002&#8243;<\/li>\n<li>0,001 mm\/0,00005&#8243;<\/li>\n<li>0,01 mm\/0,0005&#8243;<\/li>\n<li>Seramik mil ucu ve \u00f6rs<\/li>\n<li>Dijital ve analog okuma<\/li>\n<li>Veri \u00e7\u0131k\u0131\u015f\u0131<\/li>\n<li>Minimum de\u011ferin otomatik \u00f6l\u00e7\u00fcm\u00fc ve \u00f6l\u00e7\u00fcmden sonra veriler otomatik olarak iletilebilir.<\/li>\n<li>D\u00fc\u011fme i\u015flevi: veri \u00e7\u0131k\u0131\u015f\u0131, tolerans, veri \u00f6n ayar\u0131, veri tutma, \u00f6l\u00e7\u00fcm y\u00f6n\u00fc de\u011fi\u015fikli\u011fi, g\u00fc\u00e7 kapatma s\u00fcresi, a\u00e7ma\/kapama, mm\/in\u00e7, \u00e7\u00f6z\u00fcn\u00fcrl\u00fck ayarlama<\/li>\n<li>G\u00fc\u00e7: \u015earj edilebilir pil, 24 saat s\u00fcrekli \u00e7al\u0131\u015fma<\/li>\n<li>Veri aray\u00fcz\u00fc ile<\/li>\n<li>\u0130ste\u011fe ba\u011fl\u0131 aksesuar:<\/li>\n<li>kablosuz verici, kod 7315-60 sayfa<\/li>\n<li>veri \u00e7\u0131k\u0131\u015f kablosu (klavye format\u0131), kod 7302-60 sayfa<\/li>\n<li><a href=\"https:\/\/denizmtl.com\/wp-content\/uploads\/2025\/05\/2850.pdf\"><strong>PDF i\u00e7in t\u0131klay\u0131n\u0131z.<\/strong><\/a><\/li>\n<\/ul>\n","protected":false},"author":1,"featured_media":29030,"comment_status":"open","ping_status":"closed","template":"","meta":[],"product_brand":[],"product_cat":[117],"product_tag":[],"class_list":{"0":"post-29001","1":"product","2":"type-product","3":"status-publish","4":"has-post-thumbnail","6":"product_cat-olcum-setleri","8":"first","9":"instock","10":"shipping-taxable","11":"product-type-simple"},"_links":{"self":[{"href":"https:\/\/denizmtl.com\/mobilapp\/wp-json\/wp\/v2\/product\/29001","targetHints":{"allow":["GET"]}}],"collection":[{"href":"https:\/\/denizmtl.com\/mobilapp\/wp-json\/wp\/v2\/product"}],"about":[{"href":"https:\/\/denizmtl.com\/mobilapp\/wp-json\/wp\/v2\/types\/product"}],"author":[{"embeddable":true,"href":"https:\/\/denizmtl.com\/mobilapp\/wp-json\/wp\/v2\/users\/1"}],"replies":[{"embeddable":true,"href":"https:\/\/denizmtl.com\/mobilapp\/wp-json\/wp\/v2\/comments?post=29001"}],"wp:featuredmedia":[{"embeddable":true,"href":"https:\/\/denizmtl.com\/mobilapp\/wp-json\/wp\/v2\/media\/29030"}],"wp:attachment":[{"href":"https:\/\/denizmtl.com\/mobilapp\/wp-json\/wp\/v2\/media?parent=29001"}],"wp:term":[{"taxonomy":"product_brand","embeddable":true,"href":"https:\/\/denizmtl.com\/mobilapp\/wp-json\/wp\/v2\/product_brand?post=29001"},{"taxonomy":"product_cat","embeddable":true,"href":"https:\/\/denizmtl.com\/mobilapp\/wp-json\/wp\/v2\/product_cat?post=29001"},{"taxonomy":"product_tag","embeddable":true,"href":"https:\/\/denizmtl.com\/mobilapp\/wp-json\/wp\/v2\/product_tag?post=29001"}],"curies":[{"name":"wp","href":"https:\/\/api.w.org\/{rel}","templated":true}]}}