{"id":28991,"date":"2025-08-14T11:34:42","date_gmt":"2025-08-14T08:34:42","guid":{"rendered":"https:\/\/denizmtl.com\/mobilapp\/?post_type=product&#038;p=28991"},"modified":"2025-08-14T11:34:55","modified_gmt":"2025-08-14T08:34:55","slug":"insize-9650-ha20-el-tipi-dc-ohmmetre","status":"publish","type":"product","link":"https:\/\/denizmtl.com\/mobilapp\/urunler\/insize-9650-ha20-el-tipi-dc-ohmmetre\/","title":{"rendered":"Insize 9650-HA20 El Tipi DC Ohmmetre"},"content":{"rendered":"","protected":false},"excerpt":{"rendered":"<ul>\n<li>Maksimum okuma: 20000<\/li>\n<li>Temel do\u011fruluk: %0,05<\/li>\n<li>Ayarlanabilir arka ayd\u0131nlatmal\u0131 3,5 in\u00e7 LCD ekran<\/li>\n<li>S\u0131cakl\u0131k telafisi fonksiyonu<\/li>\n<li>Tam aral\u0131kl\u0131 k\u0131sa devre s\u0131f\u0131r fonksiyonu<\/li>\n<li>Kar\u015f\u0131la\u015ft\u0131r\u0131c\u0131 fonksiyonu: \u00dcst ve alt limit alarmlar\u0131<\/li>\n<li>Veri tutma<\/li>\n<li>Klavye kilitleme i\u015flevi<\/li>\n<li>Otomatik kapanma<\/li>\n<li><a href=\"https:\/\/denizmtl.com\/wp-content\/uploads\/2025\/05\/9650-HA20-1.pdf\"><strong>PDF i\u00e7in t\u0131klay\u0131n\u0131z.<\/strong><\/a><\/li>\n<\/ul>\n","protected":false},"author":1,"featured_media":29021,"comment_status":"open","ping_status":"closed","template":"","meta":[],"product_brand":[],"product_cat":[28],"product_tag":[],"class_list":{"0":"post-28991","1":"product","2":"type-product","3":"status-publish","4":"has-post-thumbnail","6":"product_cat-diger-olcu-aletleri","8":"first","9":"instock","10":"shipping-taxable","11":"product-type-simple"},"_links":{"self":[{"href":"https:\/\/denizmtl.com\/mobilapp\/wp-json\/wp\/v2\/product\/28991","targetHints":{"allow":["GET"]}}],"collection":[{"href":"https:\/\/denizmtl.com\/mobilapp\/wp-json\/wp\/v2\/product"}],"about":[{"href":"https:\/\/denizmtl.com\/mobilapp\/wp-json\/wp\/v2\/types\/product"}],"author":[{"embeddable":true,"href":"https:\/\/denizmtl.com\/mobilapp\/wp-json\/wp\/v2\/users\/1"}],"replies":[{"embeddable":true,"href":"https:\/\/denizmtl.com\/mobilapp\/wp-json\/wp\/v2\/comments?post=28991"}],"wp:featuredmedia":[{"embeddable":true,"href":"https:\/\/denizmtl.com\/mobilapp\/wp-json\/wp\/v2\/media\/29021"}],"wp:attachment":[{"href":"https:\/\/denizmtl.com\/mobilapp\/wp-json\/wp\/v2\/media?parent=28991"}],"wp:term":[{"taxonomy":"product_brand","embeddable":true,"href":"https:\/\/denizmtl.com\/mobilapp\/wp-json\/wp\/v2\/product_brand?post=28991"},{"taxonomy":"product_cat","embeddable":true,"href":"https:\/\/denizmtl.com\/mobilapp\/wp-json\/wp\/v2\/product_cat?post=28991"},{"taxonomy":"product_tag","embeddable":true,"href":"https:\/\/denizmtl.com\/mobilapp\/wp-json\/wp\/v2\/product_tag?post=28991"}],"curies":[{"name":"wp","href":"https:\/\/api.w.org\/{rel}","templated":true}]}}