{"id":28988,"date":"2025-08-14T11:34:41","date_gmt":"2025-08-14T08:34:41","guid":{"rendered":"https:\/\/denizmtl.com\/mobilapp\/?post_type=product&#038;p=28988"},"modified":"2025-10-02T17:45:01","modified_gmt":"2025-10-02T14:45:01","slug":"insize-0218-b610-kizilotesi-termometre-yuksek-sicakliklar-icin","status":"publish","type":"product","link":"https:\/\/denizmtl.com\/mobilapp\/urunler\/insize-0218-b610-kizilotesi-termometre-yuksek-sicakliklar-icin\/","title":{"rendered":"Insize 0218-B610 K\u0131z\u0131l\u00f6tesi Termometre (Y\u00fcksek S\u0131cakl\u0131klar \u0130\u00e7in)"},"content":{"rendered":"","protected":false},"excerpt":{"rendered":"<ul>\n<li>Birim: \u00b0C\/\u00b0F<\/li>\n<li>MAX\/MIN\/ORT\/FARK modu<\/li>\n<li>Tetik kilidi s\u00fcrekli \u00f6l\u00e7\u00fcm fonksiyonu<\/li>\n<li>Ayarlanabilir emisivite: 0.10~1.00<\/li>\n<li>100 veri depolama<\/li>\n<li>Y\u00fcksek ve d\u00fc\u015f\u00fck alarm<\/li>\n<li>Otomatik veri tutma<\/li>\n<li>D\u00fc\u015f\u00fck pil ekran\u0131<\/li>\n<li>Otomatik kapanma<\/li>\n<li>Bilgisayar yaz\u0131l\u0131m\u0131 dahildir<\/li>\n<li><a href=\"https:\/\/denizmtl.com\/wp-content\/uploads\/2025\/04\/0218-B610.pdf\"><strong>PDF i\u00e7in t\u0131klay\u0131n\u0131z.<\/strong><\/a><\/li>\n<\/ul>\n<p>&nbsp;<br \/>\n<a class=\"wp-iletim-button\" href=\"https:\/\/wa.me\/905422584189?text=Merhaba%2C%20https%3A%2F%2Fdenizmtl.com%2Fmobilapp%2Fwp-json%2Fwp%2Fv2%2Fproduct%2F28988%20sayfas%C4%B1ndaki%20%C3%BCr%C3%BCnle%20ilgili%20fiyat%20ve%20demo%20talep%20etmek%20istiyorum.\" target=\"_blank\" rel=\"noopener\" style=\"display:inline-block;padding:10px 16px;border-radius:6px;color:#fff;text-decoration:none;font-weight:600;background:#334862;\">F\u0130YAT VE DEMO TALEP ET<\/a>\n","protected":false},"author":1,"featured_media":29018,"comment_status":"open","ping_status":"closed","template":"","meta":[],"product_brand":[],"product_cat":[28,123],"product_tag":[],"class_list":{"0":"post-28988","1":"product","2":"type-product","3":"status-publish","4":"has-post-thumbnail","6":"product_cat-diger-olcu-aletleri","7":"product_cat-termal-kamerali-yuz-tanima-ve-vucut-isi-olcer","9":"first","10":"instock","11":"shipping-taxable","12":"product-type-simple"},"_links":{"self":[{"href":"https:\/\/denizmtl.com\/mobilapp\/wp-json\/wp\/v2\/product\/28988","targetHints":{"allow":["GET"]}}],"collection":[{"href":"https:\/\/denizmtl.com\/mobilapp\/wp-json\/wp\/v2\/product"}],"about":[{"href":"https:\/\/denizmtl.com\/mobilapp\/wp-json\/wp\/v2\/types\/product"}],"author":[{"embeddable":true,"href":"https:\/\/denizmtl.com\/mobilapp\/wp-json\/wp\/v2\/users\/1"}],"replies":[{"embeddable":true,"href":"https:\/\/denizmtl.com\/mobilapp\/wp-json\/wp\/v2\/comments?post=28988"}],"wp:featuredmedia":[{"embeddable":true,"href":"https:\/\/denizmtl.com\/mobilapp\/wp-json\/wp\/v2\/media\/29018"}],"wp:attachment":[{"href":"https:\/\/denizmtl.com\/mobilapp\/wp-json\/wp\/v2\/media?parent=28988"}],"wp:term":[{"taxonomy":"product_brand","embeddable":true,"href":"https:\/\/denizmtl.com\/mobilapp\/wp-json\/wp\/v2\/product_brand?post=28988"},{"taxonomy":"product_cat","embeddable":true,"href":"https:\/\/denizmtl.com\/mobilapp\/wp-json\/wp\/v2\/product_cat?post=28988"},{"taxonomy":"product_tag","embeddable":true,"href":"https:\/\/denizmtl.com\/mobilapp\/wp-json\/wp\/v2\/product_tag?post=28988"}],"curies":[{"name":"wp","href":"https:\/\/api.w.org\/{rel}","templated":true}]}}