{"id":28985,"date":"2025-08-14T11:34:41","date_gmt":"2025-08-14T08:34:41","guid":{"rendered":"https:\/\/denizmtl.com\/mobilapp\/?post_type=product&#038;p=28985"},"modified":"2025-08-14T11:34:51","modified_gmt":"2025-08-14T08:34:51","slug":"insize-0502-ac-dc-teslametre","status":"publish","type":"product","link":"https:\/\/denizmtl.com\/mobilapp\/urunler\/insize-0502-ac-dc-teslametre\/","title":{"rendered":"Insize 0502 AC\/DC Teslametre"},"content":{"rendered":"","protected":false},"excerpt":{"rendered":"<ul>\n<li>DC veya AC \u00f6l\u00e7\u00fcm modu aras\u0131nda ge\u00e7i\u015f yap\u0131n<\/li>\n<li>DC manyetik alan\u0131n\u0131n N\/S polaritesini g\u00f6ster<\/li>\n<li>S\u0131f\u0131r fonksiyonu: \u00d6l\u00e7\u00fcmden \u00f6nce s\u0131f\u0131r kaymas\u0131n\u0131n etkisini ortadan kald\u0131r\u0131n<\/li>\n<li>Maksimum de\u011fer tutma: De\u011fi\u015fen manyetik alan\u0131n maksimum de\u011ferini kaydedin<\/li>\n<li>Otomatik aral\u0131k<\/li>\n<li>Ba\u011f\u0131l \u00f6l\u00e7\u00fcm modu<\/li>\n<li>\u00dcst ve alt alarm limitini ayarlay\u0131n<\/li>\n<li>Veri iletimi i\u00e7in dahili USB aray\u00fcz\u00fc<\/li>\n<li>Arkadan ayd\u0131nlatmal\u0131 ekran<\/li>\n<li>Otomatik kapanma<\/li>\n<li><a href=\"https:\/\/denizmtl.com\/wp-content\/uploads\/2025\/04\/0502.pdf\"><strong>PDF i\u00e7in t\u0131klay\u0131n\u0131z.<\/strong><\/a><\/li>\n<\/ul>\n","protected":false},"author":1,"featured_media":29015,"comment_status":"open","ping_status":"closed","template":"","meta":[],"product_brand":[],"product_cat":[28],"product_tag":[],"class_list":{"0":"post-28985","1":"product","2":"type-product","3":"status-publish","4":"has-post-thumbnail","6":"product_cat-diger-olcu-aletleri","8":"first","9":"instock","10":"shipping-taxable","11":"product-type-simple"},"_links":{"self":[{"href":"https:\/\/denizmtl.com\/mobilapp\/wp-json\/wp\/v2\/product\/28985","targetHints":{"allow":["GET"]}}],"collection":[{"href":"https:\/\/denizmtl.com\/mobilapp\/wp-json\/wp\/v2\/product"}],"about":[{"href":"https:\/\/denizmtl.com\/mobilapp\/wp-json\/wp\/v2\/types\/product"}],"author":[{"embeddable":true,"href":"https:\/\/denizmtl.com\/mobilapp\/wp-json\/wp\/v2\/users\/1"}],"replies":[{"embeddable":true,"href":"https:\/\/denizmtl.com\/mobilapp\/wp-json\/wp\/v2\/comments?post=28985"}],"wp:featuredmedia":[{"embeddable":true,"href":"https:\/\/denizmtl.com\/mobilapp\/wp-json\/wp\/v2\/media\/29015"}],"wp:attachment":[{"href":"https:\/\/denizmtl.com\/mobilapp\/wp-json\/wp\/v2\/media?parent=28985"}],"wp:term":[{"taxonomy":"product_brand","embeddable":true,"href":"https:\/\/denizmtl.com\/mobilapp\/wp-json\/wp\/v2\/product_brand?post=28985"},{"taxonomy":"product_cat","embeddable":true,"href":"https:\/\/denizmtl.com\/mobilapp\/wp-json\/wp\/v2\/product_cat?post=28985"},{"taxonomy":"product_tag","embeddable":true,"href":"https:\/\/denizmtl.com\/mobilapp\/wp-json\/wp\/v2\/product_tag?post=28985"}],"curies":[{"name":"wp","href":"https:\/\/api.w.org\/{rel}","templated":true}]}}